{"id":8313,"date":"2026-03-17T10:01:34","date_gmt":"2026-03-17T09:01:34","guid":{"rendered":"https:\/\/behoppy.eu\/les-partenaires\/les-villes\/bredene\/"},"modified":"2026-03-17T10:20:53","modified_gmt":"2026-03-17T09:20:53","slug":"bredene","status":"publish","type":"page","link":"https:\/\/behoppy.eu\/fr\/les-partenaires\/les-villes\/bredene\/","title":{"rendered":"Bredene"},"content":{"rendered":"\t\t<div data-elementor-type=\"wp-page\" data-elementor-id=\"8313\" class=\"elementor elementor-8313 elementor-8269\" data-elementor-post-type=\"page\">\n\t\t\t\t<div class=\"elementor-element elementor-element-3cf8a03 e-con-full e-flex e-con e-parent\" data-id=\"3cf8a03\" data-element_type=\"container\" data-e-type=\"container\">\n\t\t<div class=\"elementor-element elementor-element-e30460c e-con-full e-flex e-con e-child\" data-id=\"e30460c\" data-element_type=\"container\" data-e-type=\"container\" data-settings=\"{&quot;background_background&quot;:&quot;classic&quot;}\">\n\t\t<div data-dce-background-color=\"#4CDA96\" data-dce-background-overlay-color=\"#000000\" class=\"elementor-element elementor-element-6688bb8 e-con-full e-flex e-con e-child\" data-id=\"6688bb8\" data-element_type=\"container\" data-e-type=\"container\" data-settings=\"{&quot;background_background&quot;:&quot;gradient&quot;}\">\n\t\t\t\t<div class=\"elementor-element elementor-element-7830aff elementor-widget elementor-widget-dyncontel-title\" data-id=\"7830aff\" data-element_type=\"widget\" data-e-type=\"widget\" data-widget_type=\"dyncontel-title.default\">\n\t\t\t\t<div class=\"elementor-widget-container\">\n\t\t\t\t\t<div class=\"dce-title\">Les villes<\/div>\t\t\t\t<\/div>\n\t\t\t\t<\/div>\n\t\t\t\t<div class=\"elementor-element elementor-element-35a0318 elementor-hidden-mobile elementor-widget-divider--view-line elementor-widget elementor-widget-divider\" data-id=\"35a0318\" data-element_type=\"widget\" data-e-type=\"widget\" data-widget_type=\"divider.default\">\n\t\t\t\t<div class=\"elementor-widget-container\">\n\t\t\t\t\t\t\t<div class=\"elementor-divider\">\n\t\t\t<span class=\"elementor-divider-separator\">\n\t\t\t\t\t\t<\/span>\n\t\t<\/div>\n\t\t\t\t\t\t<\/div>\n\t\t\t\t<\/div>\n\t\t\t\t<\/div>\n\t\t<div class=\"elementor-element elementor-element-c44cc80 e-con-full e-flex e-con e-child\" data-id=\"c44cc80\" data-element_type=\"container\" data-e-type=\"container\" data-settings=\"{&quot;background_background&quot;:&quot;classic&quot;}\">\n\t\t\t\t<div class=\"elementor-element elementor-element-3ffdbae elementor-widget elementor-widget-image\" data-id=\"3ffdbae\" data-element_type=\"widget\" data-e-type=\"widget\" data-widget_type=\"image.default\">\n\t\t\t\t<div class=\"elementor-widget-container\">\n\t\t\t\t\t\t\t\t\t\t\t\t\t\t\t<img loading=\"lazy\" decoding=\"async\" loading=\"lazy\" width=\"1200\" height=\"900\" src=\"https:\/\/i0.wp.com\/behoppy.eu\/wp-content\/uploads\/2026\/03\/Oostende.jpg?fit=1200%2C900&amp;ssl=1\" class=\"attachment-full size-full wp-image-8288\" alt=\"\" srcset=\"https:\/\/i0.wp.com\/behoppy.eu\/wp-content\/uploads\/2026\/03\/Oostende.jpg?w=1200&amp;ssl=1 1200w, https:\/\/i0.wp.com\/behoppy.eu\/wp-content\/uploads\/2026\/03\/Oostende.jpg?resize=300%2C225&amp;ssl=1 300w, https:\/\/i0.wp.com\/behoppy.eu\/wp-content\/uploads\/2026\/03\/Oostende.jpg?resize=1024%2C768&amp;ssl=1 1024w, https:\/\/i0.wp.com\/behoppy.eu\/wp-content\/uploads\/2026\/03\/Oostende.jpg?resize=768%2C576&amp;ssl=1 768w\" sizes=\"auto, (max-width: 800px) 100vw, 800px\" \/>\t\t\t\t\t\t\t\t\t\t\t\t\t\t\t<\/div>\n\t\t\t\t<\/div>\n\t\t\t\t<\/div>\n\t\t\t\t<\/div>\n\t\t<div class=\"elementor-element elementor-element-0646dce e-flex e-con-boxed e-con e-child\" data-id=\"0646dce\" data-element_type=\"container\" data-e-type=\"container\" data-settings=\"{&quot;background_background&quot;:&quot;gradient&quot;,&quot;shape_divider_top&quot;:&quot;waves&quot;,&quot;shape_divider_top_negative&quot;:&quot;yes&quot;}\">\n\t\t\t\t\t<div class=\"e-con-inner\">\n\t\t\t\t<div class=\"elementor-shape elementor-shape-top\" aria-hidden=\"true\" data-negative=\"true\">\n\t\t\t<svg xmlns=\"http:\/\/www.w3.org\/2000\/svg\" viewBox=\"0 0 1000 100\" preserveAspectRatio=\"none\">\n\t<path class=\"elementor-shape-fill\" d=\"M790.5,93.1c-59.3-5.3-116.8-18-192.6-50c-29.6-12.7-76.9-31-100.5-35.9c-23.6-4.9-52.6-7.8-75.5-5.3\n\tc-10.2,1.1-22.6,1.4-50.1,7.4c-27.2,6.3-58.2,16.6-79.4,24.7c-41.3,15.9-94.9,21.9-134,22.6C72,58.2,0,25.8,0,25.8V100h1000V65.3\n\tc0,0-51.5,19.4-106.2,25.7C839.5,97,814.1,95.2,790.5,93.1z\"\/>\n<\/svg>\t\t<\/div>\n\t\t<div class=\"elementor-element elementor-element-ae6ffc3 e-con-full e-flex e-con e-child\" data-id=\"ae6ffc3\" data-element_type=\"container\" data-e-type=\"container\">\n\t\t<div class=\"elementor-element elementor-element-62a6047 e-con-full e-flex e-con e-child\" data-id=\"62a6047\" data-element_type=\"container\" data-e-type=\"container\">\n\t\t<div class=\"elementor-element elementor-element-23b0baa e-con-full e-flex e-con e-child\" data-id=\"23b0baa\" data-element_type=\"container\" data-e-type=\"container\" data-settings=\"{&quot;background_background&quot;:&quot;classic&quot;}\">\n\t\t\t\t<div class=\"elementor-element elementor-element-41a6630 premium-header-inline premium-header-inline premium-lq__none premium-box-lq__none elementor-widget elementor-widget-premium-addon-dual-header\" data-id=\"41a6630\" data-element_type=\"widget\" data-e-type=\"widget\" data-widget_type=\"premium-addon-dual-header.default\">\n\t\t\t\t\t\n\t\t<div class=\"elementor-widget-container\">\n\t\t\t\t\t<h3 class=\"premium-dual-header-first-header \"><span class=\"premium-dual-header-first-span\">D\u00e9couvrez Hoppy en <\/span><span class=\"premium-dual-header-second-header \">Bredene<\/span><\/h3> \t\t\t\t<\/div>\n\n\t\t\t\t\t\t<\/div>\n\t\t\t\t<div class=\"elementor-element elementor-element-19c7ebf elementor-widget elementor-widget-text-editor\" data-id=\"19c7ebf\" data-element_type=\"widget\" data-e-type=\"widget\" data-widget_type=\"text-editor.default\">\n\t\t\t\t<div class=\"elementor-widget-container\">\n\t\t\t\t\t\t\t\t\t<p>\u00c0 <strong>Bredene<\/strong>, vous pouvez vous d\u00e9placer en utilisant les scooters \u00e9lectriques partag\u00e9s de Hoppy. Les scooters sont faciles \u00e0 trouver via l&#8217;application Hoppy et offrent un moyen rapide et durable de se d\u00e9placer le long de la c\u00f4te et \u00e0 travers la municipalit\u00e9. <\/p><p>Bredene fait partie de la m\u00eame zone d&#8217;exploitation qu&#8217;<strong>Ostende<\/strong>, ce qui vous permet de voyager facilement entre les deux villes au sein d&#8217;une m\u00eame zone. Par exemple, vous pouvez commencer un trajet \u00e0 Ostende et le terminer \u00e0 Bredene, ou inversement, \u00e0 condition de vous garer dans une zone autoris\u00e9e. <\/p><p>\u00c0 Bredene, nous travaillons exclusivement avec des <strong>zones de stationnement d\u00e9sign\u00e9es<\/strong>. Cela signifie que vous ne pouvez terminer votre trajet qu&#8217;aux endroits indiqu\u00e9s dans l&#8217;application. Cela nous permet de garder les espaces publics propres et de garantir que les scooters restent disponibles l\u00e0 o\u00f9 ils sont n\u00e9cessaires.  <\/p><p>Toutes les zones de stationnement et de conduite sont clairement visibles dans l&#8217;<strong>application Hoppy<\/strong>, de sorte que vous sachiez toujours o\u00f9 vous pouvez rouler et vous garer.<\/p><p>Avec Hoppy, vous choisissez un moyen de transport doux, abordable et respectueux de l&#8217;environnement pour vous d\u00e9placer sur la c\u00f4te.<\/p>\t\t\t\t\t\t\t\t<\/div>\n\t\t\t\t<\/div>\n\t\t\t\t<div data-dce-title-color=\"#181B31\" class=\"elementor-element elementor-element-d038c21 elementor-widget elementor-widget-heading\" data-id=\"d038c21\" data-element_type=\"widget\" data-e-type=\"widget\" data-widget_type=\"heading.default\">\n\t\t\t\t<div class=\"elementor-widget-container\">\n\t\t\t\t\t<h3 class=\"elementor-heading-title elementor-size-default\">Comment louer un Hoppy ?<\/h3>\t\t\t\t<\/div>\n\t\t\t\t<\/div>\n\t\t<div class=\"elementor-element elementor-element-f6b9e26 e-con-full e-flex e-con e-child\" data-id=\"f6b9e26\" data-element_type=\"container\" data-e-type=\"container\">\n\t\t\t\t<div data-dce-title-color=\"#181B31\" class=\"elementor-element elementor-element-da5cbb7 elementor-widget elementor-widget-heading\" data-id=\"da5cbb7\" data-element_type=\"widget\" data-e-type=\"widget\" data-widget_type=\"heading.default\">\n\t\t\t\t<div class=\"elementor-widget-container\">\n\t\t\t\t\t<h5 class=\"elementor-heading-title elementor-size-default\">T\u00e9l\u00e9chargez l'application Hoppy<\/h5>\t\t\t\t<\/div>\n\t\t\t\t<\/div>\n\t\t\t\t<div class=\"elementor-element elementor-element-0d7f303 elementor-widget elementor-widget-text-editor\" data-id=\"0d7f303\" data-element_type=\"widget\" data-e-type=\"widget\" data-widget_type=\"text-editor.default\">\n\t\t\t\t<div class=\"elementor-widget-container\">\n\t\t\t\t\t\t\t\t\t<p>Disponible dans les boutiques Google et Apple<\/p>\t\t\t\t\t\t\t\t<\/div>\n\t\t\t\t<\/div>\n\t\t<div class=\"elementor-element elementor-element-87521f9 e-con-full e-flex e-con e-child\" data-id=\"87521f9\" data-element_type=\"container\" data-e-type=\"container\">\n\t\t\t\t<div class=\"elementor-element elementor-element-700757f elementor-widget elementor-widget-image\" data-id=\"700757f\" data-element_type=\"widget\" data-e-type=\"widget\" data-widget_type=\"image.default\">\n\t\t\t\t<div class=\"elementor-widget-container\">\n\t\t\t\t\t\t\t\t\t\t\t\t\t\t\t\t<a href=\"https:\/\/apps.apple.com\/us\/app\/hoppy-spain\/id6444032052\" target=\"_blank\">\n\t\t\t\t\t\t\t<img loading=\"lazy\" decoding=\"async\" loading=\"lazy\" width=\"800\" height=\"276\" src=\"https:\/\/behoppy.eu\/wp-content\/uploads\/2022\/10\/Apple.svg\" class=\"elementor-animation-grow attachment-large size-large wp-image-2417\" alt=\"\" \/>\t\t\t\t\t\t\t\t<\/a>\n\t\t\t\t\t\t\t\t\t\t\t\t\t\t\t<\/div>\n\t\t\t\t<\/div>\n\t\t\t\t<div class=\"elementor-element elementor-element-0a9bbc3 elementor-widget elementor-widget-image\" data-id=\"0a9bbc3\" data-element_type=\"widget\" data-e-type=\"widget\" data-widget_type=\"image.default\">\n\t\t\t\t<div class=\"elementor-widget-container\">\n\t\t\t\t\t\t\t\t\t\t\t\t\t\t\t\t<a href=\"https:\/\/play.google.com\/store\/apps\/details?id=eu.behoppy.spain\" target=\"_blank\">\n\t\t\t\t\t\t\t<img loading=\"lazy\" decoding=\"async\" loading=\"lazy\" width=\"800\" height=\"249\" src=\"https:\/\/behoppy.eu\/wp-content\/uploads\/2022\/10\/Google.svg\" class=\"elementor-animation-grow attachment-large size-large wp-image-2420\" alt=\"\" \/>\t\t\t\t\t\t\t\t<\/a>\n\t\t\t\t\t\t\t\t\t\t\t\t\t\t\t<\/div>\n\t\t\t\t<\/div>\n\t\t\t\t<\/div>\n\t\t\t\t<\/div>\n\t\t<div class=\"elementor-element elementor-element-89ed145 e-con-full e-flex e-con e-child\" data-id=\"89ed145\" data-element_type=\"container\" data-e-type=\"container\">\n\t\t\t\t<div data-dce-title-color=\"#181B31\" class=\"elementor-element elementor-element-fd4518f elementor-widget elementor-widget-heading\" data-id=\"fd4518f\" data-element_type=\"widget\" data-e-type=\"widget\" data-widget_type=\"heading.default\">\n\t\t\t\t<div class=\"elementor-widget-container\">\n\t\t\t\t\t<h5 class=\"elementor-heading-title elementor-size-default\">Trouvez un v\u00e9lo Hoppy pr\u00e8s de chez vous  <\/h5>\t\t\t\t<\/div>\n\t\t\t\t<\/div>\n\t\t\t\t<div class=\"elementor-element elementor-element-4bac845 elementor-widget elementor-widget-text-editor\" data-id=\"4bac845\" data-element_type=\"widget\" data-e-type=\"widget\" data-widget_type=\"text-editor.default\">\n\t\t\t\t<div class=\"elementor-widget-container\">\n\t\t\t\t\t\t\t\t\t<p>Vous trouverez Hoppy&#8217;s \u00e0 plusieurs endroits. T\u00e9l\u00e9chargez notre application et d\u00e9couvrez o\u00f9 ils se trouvent.  Vous ne pouvez terminer votre trajet que dans l&#8217;une des zones de stationnement Hoppy.<\/p>\t\t\t\t\t\t\t\t<\/div>\n\t\t\t\t<\/div>\n\t\t\t\t<\/div>\n\t\t<div class=\"elementor-element elementor-element-5551ba3 e-con-full e-flex e-con e-child\" data-id=\"5551ba3\" data-element_type=\"container\" data-e-type=\"container\">\n\t\t\t\t<div data-dce-title-color=\"#181B31\" class=\"elementor-element elementor-element-fb809c2 elementor-widget elementor-widget-heading\" data-id=\"fb809c2\" data-element_type=\"widget\" data-e-type=\"widget\" data-widget_type=\"heading.default\">\n\t\t\t\t<div class=\"elementor-widget-container\">\n\t\t\t\t\t<h5 class=\"elementor-heading-title elementor-size-default\">Scannez le code QR  \n<\/h5>\t\t\t\t<\/div>\n\t\t\t\t<\/div>\n\t\t\t\t<div class=\"elementor-element elementor-element-adc60fe elementor-widget__width-inherit elementor-widget elementor-widget-text-editor\" data-id=\"adc60fe\" data-element_type=\"widget\" data-e-type=\"widget\" data-widget_type=\"text-editor.default\">\n\t\t\t\t<div class=\"elementor-widget-container\">\n\t\t\t\t\t\t\t\t\tTrouv\u00e9 sur le guidon  \t\t\t\t\t\t\t\t<\/div>\n\t\t\t\t<\/div>\n\t\t\t\t<\/div>\n\t\t<div class=\"elementor-element elementor-element-d5ccf5f e-con-full e-flex e-con e-child\" data-id=\"d5ccf5f\" data-element_type=\"container\" data-e-type=\"container\">\n\t\t\t\t<div data-dce-title-color=\"#181B31\" class=\"elementor-element elementor-element-c681b13 elementor-widget elementor-widget-heading\" data-id=\"c681b13\" data-element_type=\"widget\" data-e-type=\"widget\" data-widget_type=\"heading.default\">\n\t\t\t\t<div class=\"elementor-widget-container\">\n\t\t\t\t\t<h5 class=\"elementor-heading-title elementor-size-default\">Prenez la route  <\/h5>\t\t\t\t<\/div>\n\t\t\t\t<\/div>\n\t\t\t\t<div class=\"elementor-element elementor-element-c8cd072 elementor-widget elementor-widget-text-editor\" data-id=\"c8cd072\" data-element_type=\"widget\" data-e-type=\"widget\" data-widget_type=\"text-editor.default\">\n\t\t\t\t<div class=\"elementor-widget-container\">\n\t\t\t\t\t\t\t\t\t<p>Profitez de la r\u00e9gion !  <\/p>\t\t\t\t\t\t\t\t<\/div>\n\t\t\t\t<\/div>\n\t\t\t\t<\/div>\n\t\t<div class=\"elementor-element elementor-element-c095418 e-con-full e-flex e-con e-child\" data-id=\"c095418\" data-element_type=\"container\" data-e-type=\"container\">\n\t\t\t\t<div data-dce-title-color=\"#181B31\" class=\"elementor-element elementor-element-c3d0516 elementor-widget elementor-widget-heading\" data-id=\"c3d0516\" data-element_type=\"widget\" data-e-type=\"widget\" data-widget_type=\"heading.default\">\n\t\t\t\t<div class=\"elementor-widget-container\">\n\t\t\t\t\t<h5 class=\"elementor-heading-title elementor-size-default\">Se garer et faire une pause  <\/h5>\t\t\t\t<\/div>\n\t\t\t\t<\/div>\n\t\t\t\t<div class=\"elementor-element elementor-element-571b4a5 elementor-widget__width-inherit elementor-widget elementor-widget-text-editor\" data-id=\"571b4a5\" data-element_type=\"widget\" data-e-type=\"widget\" data-widget_type=\"text-editor.default\">\n\t\t\t\t<div class=\"elementor-widget-container\">\n\t\t\t\t\t\t\t\t\t<p>Vous ne pouvez terminer votre trajet que dans l&#8217;une des zones de stationnement Hoppy.<\/p>\t\t\t\t\t\t\t\t<\/div>\n\t\t\t\t<\/div>\n\t\t\t\t<\/div>\n\t\t\t\t<\/div>\n\t\t\t\t<\/div>\n\t\t\t\t<\/div>\n\t\t\t\t\t<\/div>\n\t\t\t\t<\/div>\n\t\t\t\t<\/div>\n\t\t\t\t<\/div>\n\t\t","protected":false},"excerpt":{"rendered":"<p>Cities D\u00e9couvrez Hoppy en Bredene \u00c0 Bredene, vous pouvez vous d\u00e9placer en utilisant les scooters \u00e9lectriques partag\u00e9s de Hoppy. Les scooters sont faciles \u00e0 trouver via l&#8217;application Hoppy et offrent un moyen rapide et durable de se d\u00e9placer le long de la c\u00f4te et \u00e0 travers la municipalit\u00e9. Bredene fait partie de la m\u00eame zone [&hellip;]<\/p>\n","protected":false},"author":1,"featured_media":8288,"parent":2823,"menu_order":0,"comment_status":"closed","ping_status":"closed","template":"","meta":{"_acf_changed":false,"nf_dc_page":"","inline_featured_image":false,"footnotes":""},"class_list":["post-8313","page","type-page","status-publish","has-post-thumbnail","hentry"],"acf":[],"yoast_head":"<!-- This site is optimized with the Yoast SEO plugin v27.4 - https:\/\/yoast.com\/product\/yoast-seo-wordpress\/ -->\n<title>Bredene - Hoppy<\/title>\n<meta name=\"robots\" content=\"index, follow, max-snippet:-1, max-image-preview:large, max-video-preview:-1\" \/>\n<link rel=\"canonical\" href=\"https:\/\/behoppy.eu\/fr\/les-partenaires\/les-villes\/bredene\/\" \/>\n<meta property=\"og:locale\" content=\"fr_FR\" \/>\n<meta property=\"og:type\" content=\"article\" \/>\n<meta property=\"og:title\" content=\"Bredene - Hoppy\" \/>\n<meta property=\"og:description\" content=\"Cities D\u00e9couvrez Hoppy en Bredene \u00c0 Bredene, vous pouvez vous d\u00e9placer en utilisant les scooters \u00e9lectriques partag\u00e9s de Hoppy. Les scooters sont faciles \u00e0 trouver via l&#8217;application Hoppy et offrent un moyen rapide et durable de se d\u00e9placer le long de la c\u00f4te et \u00e0 travers la municipalit\u00e9. Bredene fait partie de la m\u00eame zone [&hellip;]\" \/>\n<meta property=\"og:url\" content=\"https:\/\/behoppy.eu\/fr\/les-partenaires\/les-villes\/bredene\/\" \/>\n<meta property=\"og:site_name\" content=\"Hoppy\" \/>\n<meta property=\"article:modified_time\" content=\"2026-03-17T09:20:53+00:00\" \/>\n<meta property=\"og:image\" content=\"https:\/\/behoppy.eu\/wp-content\/uploads\/2026\/03\/Oostende.jpg\" \/>\n\t<meta property=\"og:image:width\" content=\"1200\" \/>\n\t<meta property=\"og:image:height\" content=\"900\" \/>\n\t<meta property=\"og:image:type\" content=\"image\/jpeg\" \/>\n<meta name=\"twitter:card\" content=\"summary_large_image\" \/>\n<meta name=\"twitter:label1\" content=\"Dur\u00e9e de lecture estim\u00e9e\" \/>\n\t<meta name=\"twitter:data1\" content=\"1 minute\" \/>\n<script type=\"application\/ld+json\" class=\"yoast-schema-graph\">{\"@context\":\"https:\\\/\\\/schema.org\",\"@graph\":[{\"@type\":\"WebPage\",\"@id\":\"https:\\\/\\\/behoppy.eu\\\/fr\\\/les-partenaires\\\/les-villes\\\/bredene\\\/\",\"url\":\"https:\\\/\\\/behoppy.eu\\\/fr\\\/les-partenaires\\\/les-villes\\\/bredene\\\/\",\"name\":\"Bredene - Hoppy\",\"isPartOf\":{\"@id\":\"https:\\\/\\\/behoppy.eu\\\/fr\\\/#website\"},\"primaryImageOfPage\":{\"@id\":\"https:\\\/\\\/behoppy.eu\\\/fr\\\/les-partenaires\\\/les-villes\\\/bredene\\\/#primaryimage\"},\"image\":{\"@id\":\"https:\\\/\\\/behoppy.eu\\\/fr\\\/les-partenaires\\\/les-villes\\\/bredene\\\/#primaryimage\"},\"thumbnailUrl\":\"https:\\\/\\\/i0.wp.com\\\/behoppy.eu\\\/wp-content\\\/uploads\\\/2026\\\/03\\\/Oostende.jpg?fit=1200%2C900&ssl=1\",\"datePublished\":\"2026-03-17T09:01:34+00:00\",\"dateModified\":\"2026-03-17T09:20:53+00:00\",\"breadcrumb\":{\"@id\":\"https:\\\/\\\/behoppy.eu\\\/fr\\\/les-partenaires\\\/les-villes\\\/bredene\\\/#breadcrumb\"},\"inLanguage\":\"fr-FR\",\"potentialAction\":[{\"@type\":\"ReadAction\",\"target\":[\"https:\\\/\\\/behoppy.eu\\\/fr\\\/les-partenaires\\\/les-villes\\\/bredene\\\/\"]}]},{\"@type\":\"ImageObject\",\"inLanguage\":\"fr-FR\",\"@id\":\"https:\\\/\\\/behoppy.eu\\\/fr\\\/les-partenaires\\\/les-villes\\\/bredene\\\/#primaryimage\",\"url\":\"https:\\\/\\\/i0.wp.com\\\/behoppy.eu\\\/wp-content\\\/uploads\\\/2026\\\/03\\\/Oostende.jpg?fit=1200%2C900&ssl=1\",\"contentUrl\":\"https:\\\/\\\/i0.wp.com\\\/behoppy.eu\\\/wp-content\\\/uploads\\\/2026\\\/03\\\/Oostende.jpg?fit=1200%2C900&ssl=1\",\"width\":1200,\"height\":900},{\"@type\":\"BreadcrumbList\",\"@id\":\"https:\\\/\\\/behoppy.eu\\\/fr\\\/les-partenaires\\\/les-villes\\\/bredene\\\/#breadcrumb\",\"itemListElement\":[{\"@type\":\"ListItem\",\"position\":1,\"name\":\"Home\",\"item\":\"https:\\\/\\\/behoppy.eu\\\/fr\\\/home\\\/\"},{\"@type\":\"ListItem\",\"position\":2,\"name\":\"Partenaires\",\"item\":\"https:\\\/\\\/behoppy.eu\\\/fr\\\/les-partenaires\\\/\"},{\"@type\":\"ListItem\",\"position\":3,\"name\":\"Les villes\",\"item\":\"https:\\\/\\\/behoppy.eu\\\/fr\\\/les-partenaires\\\/les-villes\\\/\"},{\"@type\":\"ListItem\",\"position\":4,\"name\":\"Bredene\"}]},{\"@type\":\"WebSite\",\"@id\":\"https:\\\/\\\/behoppy.eu\\\/fr\\\/#website\",\"url\":\"https:\\\/\\\/behoppy.eu\\\/fr\\\/\",\"name\":\"Hoppy\",\"description\":\"Don\u2019t worry, Be hoppy!\",\"publisher\":{\"@id\":\"https:\\\/\\\/behoppy.eu\\\/fr\\\/#organization\"},\"potentialAction\":[{\"@type\":\"SearchAction\",\"target\":{\"@type\":\"EntryPoint\",\"urlTemplate\":\"https:\\\/\\\/behoppy.eu\\\/fr\\\/?s={search_term_string}\"},\"query-input\":{\"@type\":\"PropertyValueSpecification\",\"valueRequired\":true,\"valueName\":\"search_term_string\"}}],\"inLanguage\":\"fr-FR\"},{\"@type\":\"Organization\",\"@id\":\"https:\\\/\\\/behoppy.eu\\\/fr\\\/#organization\",\"name\":\"Hoppy\",\"url\":\"https:\\\/\\\/behoppy.eu\\\/fr\\\/\",\"logo\":{\"@type\":\"ImageObject\",\"inLanguage\":\"fr-FR\",\"@id\":\"https:\\\/\\\/behoppy.eu\\\/fr\\\/#\\\/schema\\\/logo\\\/image\\\/\",\"url\":\"https:\\\/\\\/behoppy.eu\\\/wp-content\\\/uploads\\\/2022\\\/10\\\/Hoppy_Logo_Full.svg\",\"contentUrl\":\"https:\\\/\\\/behoppy.eu\\\/wp-content\\\/uploads\\\/2022\\\/10\\\/Hoppy_Logo_Full.svg\",\"width\":509,\"height\":207,\"caption\":\"Hoppy\"},\"image\":{\"@id\":\"https:\\\/\\\/behoppy.eu\\\/fr\\\/#\\\/schema\\\/logo\\\/image\\\/\"}}]}<\/script>\n<!-- \/ Yoast SEO plugin. -->","yoast_head_json":{"title":"Bredene - Hoppy","robots":{"index":"index","follow":"follow","max-snippet":"max-snippet:-1","max-image-preview":"max-image-preview:large","max-video-preview":"max-video-preview:-1"},"canonical":"https:\/\/behoppy.eu\/fr\/les-partenaires\/les-villes\/bredene\/","og_locale":"fr_FR","og_type":"article","og_title":"Bredene - Hoppy","og_description":"Cities D\u00e9couvrez Hoppy en Bredene \u00c0 Bredene, vous pouvez vous d\u00e9placer en utilisant les scooters \u00e9lectriques partag\u00e9s de Hoppy. Les scooters sont faciles \u00e0 trouver via l&#8217;application Hoppy et offrent un moyen rapide et durable de se d\u00e9placer le long de la c\u00f4te et \u00e0 travers la municipalit\u00e9. Bredene fait partie de la m\u00eame zone [&hellip;]","og_url":"https:\/\/behoppy.eu\/fr\/les-partenaires\/les-villes\/bredene\/","og_site_name":"Hoppy","article_modified_time":"2026-03-17T09:20:53+00:00","og_image":[{"width":1200,"height":900,"url":"https:\/\/behoppy.eu\/wp-content\/uploads\/2026\/03\/Oostende.jpg","type":"image\/jpeg"}],"twitter_card":"summary_large_image","twitter_misc":{"Dur\u00e9e de lecture estim\u00e9e":"1 minute"},"schema":{"@context":"https:\/\/schema.org","@graph":[{"@type":"WebPage","@id":"https:\/\/behoppy.eu\/fr\/les-partenaires\/les-villes\/bredene\/","url":"https:\/\/behoppy.eu\/fr\/les-partenaires\/les-villes\/bredene\/","name":"Bredene - Hoppy","isPartOf":{"@id":"https:\/\/behoppy.eu\/fr\/#website"},"primaryImageOfPage":{"@id":"https:\/\/behoppy.eu\/fr\/les-partenaires\/les-villes\/bredene\/#primaryimage"},"image":{"@id":"https:\/\/behoppy.eu\/fr\/les-partenaires\/les-villes\/bredene\/#primaryimage"},"thumbnailUrl":"https:\/\/i0.wp.com\/behoppy.eu\/wp-content\/uploads\/2026\/03\/Oostende.jpg?fit=1200%2C900&ssl=1","datePublished":"2026-03-17T09:01:34+00:00","dateModified":"2026-03-17T09:20:53+00:00","breadcrumb":{"@id":"https:\/\/behoppy.eu\/fr\/les-partenaires\/les-villes\/bredene\/#breadcrumb"},"inLanguage":"fr-FR","potentialAction":[{"@type":"ReadAction","target":["https:\/\/behoppy.eu\/fr\/les-partenaires\/les-villes\/bredene\/"]}]},{"@type":"ImageObject","inLanguage":"fr-FR","@id":"https:\/\/behoppy.eu\/fr\/les-partenaires\/les-villes\/bredene\/#primaryimage","url":"https:\/\/i0.wp.com\/behoppy.eu\/wp-content\/uploads\/2026\/03\/Oostende.jpg?fit=1200%2C900&ssl=1","contentUrl":"https:\/\/i0.wp.com\/behoppy.eu\/wp-content\/uploads\/2026\/03\/Oostende.jpg?fit=1200%2C900&ssl=1","width":1200,"height":900},{"@type":"BreadcrumbList","@id":"https:\/\/behoppy.eu\/fr\/les-partenaires\/les-villes\/bredene\/#breadcrumb","itemListElement":[{"@type":"ListItem","position":1,"name":"Home","item":"https:\/\/behoppy.eu\/fr\/home\/"},{"@type":"ListItem","position":2,"name":"Partenaires","item":"https:\/\/behoppy.eu\/fr\/les-partenaires\/"},{"@type":"ListItem","position":3,"name":"Les villes","item":"https:\/\/behoppy.eu\/fr\/les-partenaires\/les-villes\/"},{"@type":"ListItem","position":4,"name":"Bredene"}]},{"@type":"WebSite","@id":"https:\/\/behoppy.eu\/fr\/#website","url":"https:\/\/behoppy.eu\/fr\/","name":"Hoppy","description":"Don\u2019t worry, Be hoppy!","publisher":{"@id":"https:\/\/behoppy.eu\/fr\/#organization"},"potentialAction":[{"@type":"SearchAction","target":{"@type":"EntryPoint","urlTemplate":"https:\/\/behoppy.eu\/fr\/?s={search_term_string}"},"query-input":{"@type":"PropertyValueSpecification","valueRequired":true,"valueName":"search_term_string"}}],"inLanguage":"fr-FR"},{"@type":"Organization","@id":"https:\/\/behoppy.eu\/fr\/#organization","name":"Hoppy","url":"https:\/\/behoppy.eu\/fr\/","logo":{"@type":"ImageObject","inLanguage":"fr-FR","@id":"https:\/\/behoppy.eu\/fr\/#\/schema\/logo\/image\/","url":"https:\/\/behoppy.eu\/wp-content\/uploads\/2022\/10\/Hoppy_Logo_Full.svg","contentUrl":"https:\/\/behoppy.eu\/wp-content\/uploads\/2022\/10\/Hoppy_Logo_Full.svg","width":509,"height":207,"caption":"Hoppy"},"image":{"@id":"https:\/\/behoppy.eu\/fr\/#\/schema\/logo\/image\/"}}]}},"jetpack_sharing_enabled":true,"_links":{"self":[{"href":"https:\/\/behoppy.eu\/fr\/wp-json\/wp\/v2\/pages\/8313","targetHints":{"allow":["GET"]}}],"collection":[{"href":"https:\/\/behoppy.eu\/fr\/wp-json\/wp\/v2\/pages"}],"about":[{"href":"https:\/\/behoppy.eu\/fr\/wp-json\/wp\/v2\/types\/page"}],"author":[{"embeddable":true,"href":"https:\/\/behoppy.eu\/fr\/wp-json\/wp\/v2\/users\/1"}],"replies":[{"embeddable":true,"href":"https:\/\/behoppy.eu\/fr\/wp-json\/wp\/v2\/comments?post=8313"}],"version-history":[{"count":2,"href":"https:\/\/behoppy.eu\/fr\/wp-json\/wp\/v2\/pages\/8313\/revisions"}],"predecessor-version":[{"id":8325,"href":"https:\/\/behoppy.eu\/fr\/wp-json\/wp\/v2\/pages\/8313\/revisions\/8325"}],"up":[{"embeddable":true,"href":"https:\/\/behoppy.eu\/fr\/wp-json\/wp\/v2\/pages\/2823"}],"wp:featuredmedia":[{"embeddable":true,"href":"https:\/\/behoppy.eu\/fr\/wp-json\/wp\/v2\/media\/8288"}],"wp:attachment":[{"href":"https:\/\/behoppy.eu\/fr\/wp-json\/wp\/v2\/media?parent=8313"}],"curies":[{"name":"wp","href":"https:\/\/api.w.org\/{rel}","templated":true}]}}