{"id":5655,"date":"2024-06-17T13:17:41","date_gmt":"2024-06-17T11:17:41","guid":{"rendered":"https:\/\/behoppy.eu\/contactez-nous\/devenez-chauffeur\/"},"modified":"2024-09-26T14:24:31","modified_gmt":"2024-09-26T12:24:31","slug":"devenez-chauffeur","status":"publish","type":"page","link":"https:\/\/behoppy.eu\/fr\/contactez-nous\/devenez-chauffeur\/","title":{"rendered":"Devenez chauffeur"},"content":{"rendered":"\t\t<div data-elementor-type=\"wp-page\" data-elementor-id=\"5655\" class=\"elementor elementor-5655 elementor-5639\" data-elementor-post-type=\"page\">\n\t\t\t\t<div class=\"elementor-element elementor-element-a8892fe e-con-full e-flex e-con e-parent\" data-id=\"a8892fe\" data-element_type=\"container\" data-e-type=\"container\">\n\t\t\t\t<div class=\"elementor-element elementor-element-e3eba07 elementor-widget elementor-widget-template\" data-id=\"e3eba07\" data-element_type=\"widget\" data-e-type=\"widget\" data-widget_type=\"template.default\">\n\t\t\t\t<div class=\"elementor-widget-container\">\n\t\t\t\t\t\t\t<div class=\"elementor-template\">\n\t\t\t\t\t<div data-elementor-type=\"section\" data-elementor-id=\"3042\" class=\"elementor elementor-3042 elementor-1200 elementor-1200\" data-elementor-post-type=\"elementor_library\">\n\t\t\t<div class=\"elementor-element elementor-element-d7fb67d e-con-full e-flex e-con e-parent\" data-id=\"d7fb67d\" data-element_type=\"container\" data-e-type=\"container\" data-settings=\"{&quot;background_background&quot;:&quot;classic&quot;}\">\n\t\t<div data-dce-background-color=\"#4CDA96\" data-dce-background-overlay-color=\"#000000\" class=\"elementor-element elementor-element-7d6692d e-con-full e-flex e-con e-child\" data-id=\"7d6692d\" data-element_type=\"container\" data-e-type=\"container\" data-settings=\"{&quot;background_background&quot;:&quot;gradient&quot;}\">\n\t\t\t\t<div class=\"elementor-element elementor-element-d9f6d8e elementor-widget elementor-widget-dyncontel-title\" data-id=\"d9f6d8e\" data-element_type=\"widget\" data-e-type=\"widget\" data-widget_type=\"dyncontel-title.default\">\n\t\t\t\t<div class=\"elementor-widget-container\">\n\t\t\t\t\t<div class=\"dce-title\">Contactez-nous<\/div>\t\t\t\t<\/div>\n\t\t\t\t<\/div>\n\t\t\t\t<div class=\"elementor-element elementor-element-f74306a elementor-hidden-mobile elementor-widget-divider--view-line elementor-widget elementor-widget-divider\" data-id=\"f74306a\" data-element_type=\"widget\" data-e-type=\"widget\" data-widget_type=\"divider.default\">\n\t\t\t\t<div class=\"elementor-widget-container\">\n\t\t\t\t\t\t\t<div class=\"elementor-divider\">\n\t\t\t<span class=\"elementor-divider-separator\">\n\t\t\t\t\t\t<\/span>\n\t\t<\/div>\n\t\t\t\t\t\t<\/div>\n\t\t\t\t<\/div>\n\t\t\t\t<\/div>\n\t\t<div class=\"elementor-element elementor-element-fcde907 e-con-full e-flex e-con e-child\" data-id=\"fcde907\" data-element_type=\"container\" data-e-type=\"container\" data-settings=\"{&quot;background_background&quot;:&quot;classic&quot;}\">\n\t\t\t\t<div class=\"elementor-element elementor-element-64f16f5 elementor-widget elementor-widget-image\" data-id=\"64f16f5\" data-element_type=\"widget\" data-e-type=\"widget\" data-widget_type=\"image.default\">\n\t\t\t\t<div class=\"elementor-widget-container\">\n\t\t\t\t\t\t\t\t\t\t\t\t\t\t\t<img loading=\"lazy\" decoding=\"async\" loading=\"lazy\" width=\"1024\" height=\"683\" src=\"https:\/\/i0.wp.com\/behoppy.eu\/wp-content\/uploads\/2024\/09\/Hoppy_-140.jpg?fit=1024%2C683&amp;ssl=1\" class=\"attachment-full size-full wp-image-6443\" alt=\"\" srcset=\"https:\/\/i0.wp.com\/behoppy.eu\/wp-content\/uploads\/2024\/09\/Hoppy_-140.jpg?w=1024&amp;ssl=1 1024w, https:\/\/i0.wp.com\/behoppy.eu\/wp-content\/uploads\/2024\/09\/Hoppy_-140.jpg?resize=300%2C200&amp;ssl=1 300w, https:\/\/i0.wp.com\/behoppy.eu\/wp-content\/uploads\/2024\/09\/Hoppy_-140.jpg?resize=768%2C512&amp;ssl=1 768w\" sizes=\"auto, (max-width: 800px) 100vw, 800px\" \/>\t\t\t\t\t\t\t\t\t\t\t\t\t\t\t<\/div>\n\t\t\t\t<\/div>\n\t\t\t\t<\/div>\n\t\t\t\t<\/div>\n\t\t\t\t<\/div>\n\t\t\t\t<\/div>\n\t\t\t\t\t\t<\/div>\n\t\t\t\t<\/div>\n\t\t<div class=\"elementor-element elementor-element-ba7327e e-flex e-con-boxed e-con e-child\" data-id=\"ba7327e\" data-element_type=\"container\" data-e-type=\"container\" data-settings=\"{&quot;background_background&quot;:&quot;gradient&quot;,&quot;shape_divider_top&quot;:&quot;waves&quot;,&quot;shape_divider_top_negative&quot;:&quot;yes&quot;}\">\n\t\t\t\t\t<div class=\"e-con-inner\">\n\t\t\t\t<div class=\"elementor-shape elementor-shape-top\" aria-hidden=\"true\" data-negative=\"true\">\n\t\t\t<svg xmlns=\"http:\/\/www.w3.org\/2000\/svg\" viewBox=\"0 0 1000 100\" preserveAspectRatio=\"none\">\n\t<path class=\"elementor-shape-fill\" d=\"M790.5,93.1c-59.3-5.3-116.8-18-192.6-50c-29.6-12.7-76.9-31-100.5-35.9c-23.6-4.9-52.6-7.8-75.5-5.3\n\tc-10.2,1.1-22.6,1.4-50.1,7.4c-27.2,6.3-58.2,16.6-79.4,24.7c-41.3,15.9-94.9,21.9-134,22.6C72,58.2,0,25.8,0,25.8V100h1000V65.3\n\tc0,0-51.5,19.4-106.2,25.7C839.5,97,814.1,95.2,790.5,93.1z\"\/>\n<\/svg>\t\t<\/div>\n\t\t\t\t<div class=\"elementor-element elementor-element-95edc9d premium-header-inline premium-header-inline premium-lq__none premium-box-lq__none elementor-widget elementor-widget-premium-addon-dual-header\" data-id=\"95edc9d\" data-element_type=\"widget\" data-e-type=\"widget\" data-widget_type=\"premium-addon-dual-header.default\">\n\t\t\t\t\t\n\t\t<div class=\"elementor-widget-container\">\n\t\t\t\t\t<h3 class=\"premium-dual-header-first-header \"><span class=\"premium-dual-header-first-span\">Devenir  <\/span><span class=\"premium-dual-header-second-header \">un conducteur<\/span><\/h3> \t\t\t\t<\/div>\n\n\t\t\t\t\t\t<\/div>\n\t\t\t\t<div class=\"elementor-element elementor-element-4c5ce34 elementor-widget__width-initial elementor-widget elementor-widget-text-editor\" data-id=\"4c5ce34\" data-element_type=\"widget\" data-e-type=\"widget\" data-widget_type=\"text-editor.default\">\n\t\t\t\t<div class=\"elementor-widget-container\">\n\t\t\t\t\t\t\t\t\t<h3>Notre plateforme innovante connecte les conducteurs et les passagers de mani\u00e8re transparente !<\/h3>\n<p>Nous recherchons des chauffeurs motiv\u00e9s et fiables pour rejoindre notre r\u00e9seau en pleine expansion. Chez Hoppy, vous avez la possibilit\u00e9 de travailler selon des horaires flexibles, de gagner un revenu \u00e9quitable et de faire partie d&#8217;une communaut\u00e9 dynamique.<\/p>\n<p><strong>Pourquoi conduire pour Hoppy ?<\/strong><\/p>\n<ul>\n<li><strong>Flexibilit\u00e9<\/strong>: Choisissez vos propres horaires de travail et conduisez quand cela vous convient.<\/li>\n<li><strong>Belle R\u00e9mun\u00e9ration : Gagnez plus avec Hoppy gr\u00e2ce \u00e0 notre tarif le plus bas du march\u00e9 ! <\/strong><\/li>\n<li><strong>Soutien<\/strong>: B\u00e9n\u00e9ficiez d&#8217;une couverture d&#8217;assurance suppl\u00e9mentaire et d&#8217;un excellent service \u00e0 la client\u00e8le.<\/li>\n<li><strong>Plateforme innovante<\/strong>: Utilisez notre application conviviale pour accepter et effectuer des trajets de mani\u00e8re rapide et efficace.<\/li>\n<\/ul>\n<p><strong>Exigences :<\/strong><\/p>\n<ul>\n<li>Permis de conduire et carte grise en cours de validit\u00e9.<\/li>\n<li>Assurance automobile appropri\u00e9e.<\/li>\n<li>Volont\u00e9 de fournir un excellent service \u00e0 la client\u00e8le.<\/li>\n<\/ul>\n<p><strong>Vous \u00eates int\u00e9ress\u00e9 ? Remplissez le formulaire et devenez chauffeur d\u00e8s aujourd&#8217;hui !<\/strong><\/p>\n<div id=\"ConnectiveDocSignExtentionInstalled\" data-extension-version=\"1.0.4\"> <\/div>\n\t\t\t\t\t\t\t\t<\/div>\n\t\t\t\t<\/div>\n\t\t<div class=\"elementor-element elementor-element-e7922e7 e-con-full e-flex e-con e-child\" data-id=\"e7922e7\" data-element_type=\"container\" data-e-type=\"container\">\n\t\t<div class=\"elementor-element elementor-element-1339357 e-con-full e-flex e-con e-child\" data-id=\"1339357\" data-element_type=\"container\" data-e-type=\"container\" data-settings=\"{&quot;background_background&quot;:&quot;classic&quot;}\">\n\t\t\t\t<div class=\"elementor-element elementor-element-935721e elementor-button-align-stretch elementor-widget elementor-widget-form\" data-id=\"935721e\" data-element_type=\"widget\" data-e-type=\"widget\" data-settings=\"{&quot;step_next_label&quot;:&quot;Suivant&quot;,&quot;step_previous_label&quot;:&quot;Pr\\u00e9c\\u00e9dent&quot;,&quot;button_width&quot;:&quot;100&quot;,&quot;step_type&quot;:&quot;number_text&quot;,&quot;step_icon_shape&quot;:&quot;circle&quot;}\" data-widget_type=\"form.default\">\n\t\t\t\t<div class=\"elementor-widget-container\">\n\t\t\t\t\t\t\t<form class=\"elementor-form\" method=\"post\" name=\"Signaler probl\u00e8me\" aria-label=\"Signaler probl\u00e8me\">\n\t\t\t<input type=\"hidden\" name=\"post_id\" value=\"5655\"\/>\n\t\t\t<input type=\"hidden\" name=\"form_id\" value=\"935721e\"\/>\n\t\t\t<input type=\"hidden\" name=\"referer_title\" value=\"Hoppy\" \/>\n\n\t\t\t\n\t\t\t<div class=\"elementor-form-fields-wrapper elementor-labels-above\">\n\t\t\t\t\t\t\t\t<div class=\"elementor-field-type-text elementor-field-group elementor-column elementor-field-group-firstname elementor-col-50 elementor-md-50\">\n\t\t\t\t\t\t\t\t\t\t\t\t<label for=\"form-field-firstname\" class=\"elementor-field-label\">\n\t\t\t\t\t\t\t\tPr\u00e9nom\t\t\t\t\t\t\t<\/label>\n\t\t\t\t\t\t\t\t\t\t\t\t\t\t<input size=\"1\" type=\"text\" name=\"form_fields[firstname]\" id=\"form-field-firstname\" class=\"elementor-field elementor-size-sm  elementor-field-textual\" placeholder=\"Pr\u00e9nom\">\n\t\t\t\t\t\t\t\t\t\t\t<\/div>\n\t\t\t\t\t\t\t\t<div class=\"elementor-field-type-text elementor-field-group elementor-column elementor-field-group-lastname elementor-col-50 elementor-md-50 elementor-field-required elementor-mark-required\">\n\t\t\t\t\t\t\t\t\t\t\t\t<label for=\"form-field-lastname\" class=\"elementor-field-label\">\n\t\t\t\t\t\t\t\tNom de famille\t\t\t\t\t\t\t<\/label>\n\t\t\t\t\t\t\t\t\t\t\t\t\t\t<input size=\"1\" type=\"text\" name=\"form_fields[lastname]\" id=\"form-field-lastname\" class=\"elementor-field elementor-size-sm  elementor-field-textual\" placeholder=\"Nom de famille\" required=\"required\">\n\t\t\t\t\t\t\t\t\t\t\t<\/div>\n\t\t\t\t\t\t\t\t<div class=\"elementor-field-type-email elementor-field-group elementor-column elementor-field-group-email elementor-col-50 elementor-field-required elementor-mark-required\">\n\t\t\t\t\t\t\t\t\t\t\t\t<label for=\"form-field-email\" class=\"elementor-field-label\">\n\t\t\t\t\t\t\t\tE-mail\t\t\t\t\t\t\t<\/label>\n\t\t\t\t\t\t\t\t\t\t\t\t\t\t<input size=\"1\" type=\"email\" name=\"form_fields[email]\" id=\"form-field-email\" class=\"elementor-field elementor-size-sm  elementor-field-textual\" placeholder=\"E-mail\" required=\"required\">\n\t\t\t\t\t\t\t\t\t\t\t<\/div>\n\t\t\t\t\t\t\t\t<div class=\"elementor-field-type-tel elementor-field-group elementor-column elementor-field-group-phone elementor-col-50 elementor-field-required elementor-mark-required\">\n\t\t\t\t\t\t\t\t\t\t\t\t<label for=\"form-field-phone\" class=\"elementor-field-label\">\n\t\t\t\t\t\t\t\tNum\u00e9ro de t\u00e9l\u00e9phone\t\t\t\t\t\t\t<\/label>\n\t\t\t\t\t\t\t\t<input size=\"1\" type=\"tel\" name=\"form_fields[phone]\" id=\"form-field-phone\" class=\"elementor-field elementor-size-sm  elementor-field-textual\" placeholder=\"Num\u00e9ro de t\u00e9l\u00e9phone\" required=\"required\" pattern=\"[0-9()#&amp;+*-=.]+\" title=\"Seuls les caract\u00e8res de num\u00e9ros de t\u00e9l\u00e9phone (#, -, *, etc.) sont accept\u00e9s.\">\n\n\t\t\t\t\t\t<\/div>\n\t\t\t\t\t\t\t\t<div class=\"elementor-field-type-select elementor-field-group elementor-column elementor-field-group-field_ba5dbb5 elementor-col-100\">\n\t\t\t\t\t\t\t\t\t\t\t\t<label for=\"form-field-field_ba5dbb5\" class=\"elementor-field-label\">\n\t\t\t\t\t\t\t\tLicence\t\t\t\t\t\t\t<\/label>\n\t\t\t\t\t\t\t\t<div class=\"elementor-field elementor-select-wrapper remove-before \">\n\t\t\t<div class=\"select-caret-down-wrapper\">\n\t\t\t\t<i aria-hidden=\"true\" class=\"eicon-caret-down\"><\/i>\t\t\t<\/div>\n\t\t\t<select name=\"form_fields[field_ba5dbb5]\" id=\"form-field-field_ba5dbb5\" class=\"elementor-field-textual elementor-size-sm\">\n\t\t\t\t\t\t\t\t\t<option value=\"Licence de taxi Autre licence Aucune licence en cours  \">Licence de taxi Autre licence Aucune licence en cours  <\/option>\n\t\t\t\t\t\t\t<\/select>\n\t\t<\/div>\n\t\t\t\t\t\t<\/div>\n\t\t\t\t\t\t\t\t<div class=\"elementor-field-type-text elementor-field-group elementor-column elementor-field-group-code elementor-col-100 elementor-md-100\">\n\t\t\t\t\t\t\t\t\t\t\t\t<label for=\"form-field-code\" class=\"elementor-field-label\">\n\t\t\t\t\t\t\t\tNum\u00e9ro de permis de conduire\t\t\t\t\t\t\t<\/label>\n\t\t\t\t\t\t\t\t\t\t\t\t\t\t<input size=\"1\" type=\"text\" name=\"form_fields[code]\" id=\"form-field-code\" class=\"elementor-field elementor-size-sm  elementor-field-textual\">\n\t\t\t\t\t\t\t\t\t\t\t<\/div>\n\t\t\t\t\t\t\t\t<div class=\"elementor-field-type-text elementor-field-group elementor-column elementor-field-group-field_072de26 elementor-col-100\">\n\t\t\t\t\t\t\t\t\t\t\t\t<label for=\"form-field-field_072de26\" class=\"elementor-field-label\">\n\t\t\t\t\t\t\t\tType et mod\u00e8le de v\u00e9hicule\t\t\t\t\t\t\t<\/label>\n\t\t\t\t\t\t\t\t\t\t\t\t\t\t<input size=\"1\" type=\"text\" name=\"form_fields[field_072de26]\" id=\"form-field-field_072de26\" class=\"elementor-field elementor-size-sm  elementor-field-textual\">\n\t\t\t\t\t\t\t\t\t\t\t<\/div>\n\t\t\t\t\t\t\t\t<div class=\"elementor-field-type-text elementor-field-group elementor-column elementor-field-group-field_cf5c99f elementor-col-100\">\n\t\t\t\t\t\t\t\t\t\t\t\t<label for=\"form-field-field_cf5c99f\" class=\"elementor-field-label\">\n\t\t\t\t\t\t\t\tHeures de travail disponibles\t\t\t\t\t\t\t<\/label>\n\t\t\t\t\t\t\t\t\t\t\t\t\t\t<input size=\"1\" type=\"text\" name=\"form_fields[field_cf5c99f]\" id=\"form-field-field_cf5c99f\" class=\"elementor-field elementor-size-sm  elementor-field-textual\">\n\t\t\t\t\t\t\t\t\t\t\t<\/div>\n\t\t\t\t\t\t\t\t<div class=\"elementor-field-group elementor-column elementor-field-type-submit elementor-col-100 e-form__buttons\">\n\t\t\t\t\t<button class=\"elementor-button elementor-size-md\" type=\"submit\">\n\t\t\t\t\t\t<span class=\"elementor-button-content-wrapper\">\n\t\t\t\t\t\t\t\t\t\t\t\t\t\t\t\t\t\t\t\t\t\t<span class=\"elementor-button-text\">Soumettre<\/span>\n\t\t\t\t\t\t\t\t\t\t\t\t\t<\/span>\n\t\t\t\t\t<\/button>\n\t\t\t\t<\/div>\n\t\t\t<\/div>\n\t\t<\/form>\n\t\t\t\t\t\t<\/div>\n\t\t\t\t<\/div>\n\t\t\t\t<\/div>\n\t\t\t\t<\/div>\n\t\t\t\t\t<\/div>\n\t\t\t\t<\/div>\n\t\t\t\t<\/div>\n\t\t\t\t<\/div>\n\t\t","protected":false},"excerpt":{"rendered":"<p>Devenir un conducteur Notre plateforme innovante connecte les conducteurs et les passagers de mani\u00e8re transparente ! Nous recherchons des chauffeurs motiv\u00e9s et fiables pour rejoindre notre r\u00e9seau en pleine expansion. Chez Hoppy, vous avez la possibilit\u00e9 de travailler selon des horaires flexibles, de gagner un revenu \u00e9quitable et de faire partie d&#8217;une communaut\u00e9 dynamique. Pourquoi [&hellip;]<\/p>\n","protected":false},"author":2,"featured_media":6443,"parent":2969,"menu_order":0,"comment_status":"closed","ping_status":"closed","template":"","meta":{"_acf_changed":false,"nf_dc_page":"","inline_featured_image":false,"footnotes":""},"class_list":["post-5655","page","type-page","status-publish","has-post-thumbnail","hentry"],"acf":[],"yoast_head":"<!-- This site is optimized with the Yoast SEO plugin v27.4 - https:\/\/yoast.com\/product\/yoast-seo-wordpress\/ -->\n<title>Devenez chauffeur - Hoppy<\/title>\n<meta name=\"robots\" content=\"index, follow, max-snippet:-1, max-image-preview:large, max-video-preview:-1\" \/>\n<link rel=\"canonical\" href=\"https:\/\/behoppy.eu\/fr\/contactez-nous\/devenez-chauffeur\/\" \/>\n<meta property=\"og:locale\" content=\"fr_FR\" \/>\n<meta property=\"og:type\" content=\"article\" \/>\n<meta property=\"og:title\" content=\"Devenez chauffeur - Hoppy\" \/>\n<meta property=\"og:description\" content=\"Devenir un conducteur Notre plateforme innovante connecte les conducteurs et les passagers de mani\u00e8re transparente ! Nous recherchons des chauffeurs motiv\u00e9s et fiables pour rejoindre notre r\u00e9seau en pleine expansion. Chez Hoppy, vous avez la possibilit\u00e9 de travailler selon des horaires flexibles, de gagner un revenu \u00e9quitable et de faire partie d&#8217;une communaut\u00e9 dynamique. Pourquoi [&hellip;]\" \/>\n<meta property=\"og:url\" content=\"https:\/\/behoppy.eu\/fr\/contactez-nous\/devenez-chauffeur\/\" \/>\n<meta property=\"og:site_name\" content=\"Hoppy\" \/>\n<meta property=\"article:modified_time\" content=\"2024-09-26T12:24:31+00:00\" \/>\n<meta property=\"og:image\" content=\"https:\/\/behoppy.eu\/wp-content\/uploads\/2024\/09\/Hoppy_-140.jpg\" \/>\n\t<meta property=\"og:image:width\" content=\"1024\" \/>\n\t<meta property=\"og:image:height\" content=\"683\" \/>\n\t<meta property=\"og:image:type\" content=\"image\/jpeg\" \/>\n<meta name=\"twitter:card\" content=\"summary_large_image\" \/>\n<meta name=\"twitter:label1\" content=\"Dur\u00e9e de lecture estim\u00e9e\" \/>\n\t<meta name=\"twitter:data1\" content=\"1 minute\" \/>\n<script type=\"application\/ld+json\" class=\"yoast-schema-graph\">{\"@context\":\"https:\\\/\\\/schema.org\",\"@graph\":[{\"@type\":\"WebPage\",\"@id\":\"https:\\\/\\\/behoppy.eu\\\/fr\\\/contactez-nous\\\/devenez-chauffeur\\\/\",\"url\":\"https:\\\/\\\/behoppy.eu\\\/fr\\\/contactez-nous\\\/devenez-chauffeur\\\/\",\"name\":\"Devenez chauffeur - Hoppy\",\"isPartOf\":{\"@id\":\"https:\\\/\\\/behoppy.eu\\\/fr\\\/#website\"},\"primaryImageOfPage\":{\"@id\":\"https:\\\/\\\/behoppy.eu\\\/fr\\\/contactez-nous\\\/devenez-chauffeur\\\/#primaryimage\"},\"image\":{\"@id\":\"https:\\\/\\\/behoppy.eu\\\/fr\\\/contactez-nous\\\/devenez-chauffeur\\\/#primaryimage\"},\"thumbnailUrl\":\"https:\\\/\\\/i0.wp.com\\\/behoppy.eu\\\/wp-content\\\/uploads\\\/2024\\\/09\\\/Hoppy_-140.jpg?fit=1024%2C683&ssl=1\",\"datePublished\":\"2024-06-17T11:17:41+00:00\",\"dateModified\":\"2024-09-26T12:24:31+00:00\",\"breadcrumb\":{\"@id\":\"https:\\\/\\\/behoppy.eu\\\/fr\\\/contactez-nous\\\/devenez-chauffeur\\\/#breadcrumb\"},\"inLanguage\":\"fr-FR\",\"potentialAction\":[{\"@type\":\"ReadAction\",\"target\":[\"https:\\\/\\\/behoppy.eu\\\/fr\\\/contactez-nous\\\/devenez-chauffeur\\\/\"]}]},{\"@type\":\"ImageObject\",\"inLanguage\":\"fr-FR\",\"@id\":\"https:\\\/\\\/behoppy.eu\\\/fr\\\/contactez-nous\\\/devenez-chauffeur\\\/#primaryimage\",\"url\":\"https:\\\/\\\/i0.wp.com\\\/behoppy.eu\\\/wp-content\\\/uploads\\\/2024\\\/09\\\/Hoppy_-140.jpg?fit=1024%2C683&ssl=1\",\"contentUrl\":\"https:\\\/\\\/i0.wp.com\\\/behoppy.eu\\\/wp-content\\\/uploads\\\/2024\\\/09\\\/Hoppy_-140.jpg?fit=1024%2C683&ssl=1\",\"width\":1024,\"height\":683},{\"@type\":\"BreadcrumbList\",\"@id\":\"https:\\\/\\\/behoppy.eu\\\/fr\\\/contactez-nous\\\/devenez-chauffeur\\\/#breadcrumb\",\"itemListElement\":[{\"@type\":\"ListItem\",\"position\":1,\"name\":\"Home\",\"item\":\"https:\\\/\\\/behoppy.eu\\\/fr\\\/home\\\/\"},{\"@type\":\"ListItem\",\"position\":2,\"name\":\"Contactez-nous\",\"item\":\"https:\\\/\\\/behoppy.eu\\\/fr\\\/contactez-nous\\\/\"},{\"@type\":\"ListItem\",\"position\":3,\"name\":\"Devenez chauffeur\"}]},{\"@type\":\"WebSite\",\"@id\":\"https:\\\/\\\/behoppy.eu\\\/fr\\\/#website\",\"url\":\"https:\\\/\\\/behoppy.eu\\\/fr\\\/\",\"name\":\"Hoppy\",\"description\":\"Don\u2019t worry, Be hoppy!\",\"publisher\":{\"@id\":\"https:\\\/\\\/behoppy.eu\\\/fr\\\/#organization\"},\"potentialAction\":[{\"@type\":\"SearchAction\",\"target\":{\"@type\":\"EntryPoint\",\"urlTemplate\":\"https:\\\/\\\/behoppy.eu\\\/fr\\\/?s={search_term_string}\"},\"query-input\":{\"@type\":\"PropertyValueSpecification\",\"valueRequired\":true,\"valueName\":\"search_term_string\"}}],\"inLanguage\":\"fr-FR\"},{\"@type\":\"Organization\",\"@id\":\"https:\\\/\\\/behoppy.eu\\\/fr\\\/#organization\",\"name\":\"Hoppy\",\"url\":\"https:\\\/\\\/behoppy.eu\\\/fr\\\/\",\"logo\":{\"@type\":\"ImageObject\",\"inLanguage\":\"fr-FR\",\"@id\":\"https:\\\/\\\/behoppy.eu\\\/fr\\\/#\\\/schema\\\/logo\\\/image\\\/\",\"url\":\"https:\\\/\\\/behoppy.eu\\\/wp-content\\\/uploads\\\/2022\\\/10\\\/Hoppy_Logo_Full.svg\",\"contentUrl\":\"https:\\\/\\\/behoppy.eu\\\/wp-content\\\/uploads\\\/2022\\\/10\\\/Hoppy_Logo_Full.svg\",\"width\":509,\"height\":207,\"caption\":\"Hoppy\"},\"image\":{\"@id\":\"https:\\\/\\\/behoppy.eu\\\/fr\\\/#\\\/schema\\\/logo\\\/image\\\/\"}}]}<\/script>\n<!-- \/ Yoast SEO plugin. -->","yoast_head_json":{"title":"Devenez chauffeur - Hoppy","robots":{"index":"index","follow":"follow","max-snippet":"max-snippet:-1","max-image-preview":"max-image-preview:large","max-video-preview":"max-video-preview:-1"},"canonical":"https:\/\/behoppy.eu\/fr\/contactez-nous\/devenez-chauffeur\/","og_locale":"fr_FR","og_type":"article","og_title":"Devenez chauffeur - Hoppy","og_description":"Devenir un conducteur Notre plateforme innovante connecte les conducteurs et les passagers de mani\u00e8re transparente ! Nous recherchons des chauffeurs motiv\u00e9s et fiables pour rejoindre notre r\u00e9seau en pleine expansion. Chez Hoppy, vous avez la possibilit\u00e9 de travailler selon des horaires flexibles, de gagner un revenu \u00e9quitable et de faire partie d&#8217;une communaut\u00e9 dynamique. Pourquoi [&hellip;]","og_url":"https:\/\/behoppy.eu\/fr\/contactez-nous\/devenez-chauffeur\/","og_site_name":"Hoppy","article_modified_time":"2024-09-26T12:24:31+00:00","og_image":[{"width":1024,"height":683,"url":"https:\/\/behoppy.eu\/wp-content\/uploads\/2024\/09\/Hoppy_-140.jpg","type":"image\/jpeg"}],"twitter_card":"summary_large_image","twitter_misc":{"Dur\u00e9e de lecture estim\u00e9e":"1 minute"},"schema":{"@context":"https:\/\/schema.org","@graph":[{"@type":"WebPage","@id":"https:\/\/behoppy.eu\/fr\/contactez-nous\/devenez-chauffeur\/","url":"https:\/\/behoppy.eu\/fr\/contactez-nous\/devenez-chauffeur\/","name":"Devenez chauffeur - Hoppy","isPartOf":{"@id":"https:\/\/behoppy.eu\/fr\/#website"},"primaryImageOfPage":{"@id":"https:\/\/behoppy.eu\/fr\/contactez-nous\/devenez-chauffeur\/#primaryimage"},"image":{"@id":"https:\/\/behoppy.eu\/fr\/contactez-nous\/devenez-chauffeur\/#primaryimage"},"thumbnailUrl":"https:\/\/i0.wp.com\/behoppy.eu\/wp-content\/uploads\/2024\/09\/Hoppy_-140.jpg?fit=1024%2C683&ssl=1","datePublished":"2024-06-17T11:17:41+00:00","dateModified":"2024-09-26T12:24:31+00:00","breadcrumb":{"@id":"https:\/\/behoppy.eu\/fr\/contactez-nous\/devenez-chauffeur\/#breadcrumb"},"inLanguage":"fr-FR","potentialAction":[{"@type":"ReadAction","target":["https:\/\/behoppy.eu\/fr\/contactez-nous\/devenez-chauffeur\/"]}]},{"@type":"ImageObject","inLanguage":"fr-FR","@id":"https:\/\/behoppy.eu\/fr\/contactez-nous\/devenez-chauffeur\/#primaryimage","url":"https:\/\/i0.wp.com\/behoppy.eu\/wp-content\/uploads\/2024\/09\/Hoppy_-140.jpg?fit=1024%2C683&ssl=1","contentUrl":"https:\/\/i0.wp.com\/behoppy.eu\/wp-content\/uploads\/2024\/09\/Hoppy_-140.jpg?fit=1024%2C683&ssl=1","width":1024,"height":683},{"@type":"BreadcrumbList","@id":"https:\/\/behoppy.eu\/fr\/contactez-nous\/devenez-chauffeur\/#breadcrumb","itemListElement":[{"@type":"ListItem","position":1,"name":"Home","item":"https:\/\/behoppy.eu\/fr\/home\/"},{"@type":"ListItem","position":2,"name":"Contactez-nous","item":"https:\/\/behoppy.eu\/fr\/contactez-nous\/"},{"@type":"ListItem","position":3,"name":"Devenez chauffeur"}]},{"@type":"WebSite","@id":"https:\/\/behoppy.eu\/fr\/#website","url":"https:\/\/behoppy.eu\/fr\/","name":"Hoppy","description":"Don\u2019t worry, Be hoppy!","publisher":{"@id":"https:\/\/behoppy.eu\/fr\/#organization"},"potentialAction":[{"@type":"SearchAction","target":{"@type":"EntryPoint","urlTemplate":"https:\/\/behoppy.eu\/fr\/?s={search_term_string}"},"query-input":{"@type":"PropertyValueSpecification","valueRequired":true,"valueName":"search_term_string"}}],"inLanguage":"fr-FR"},{"@type":"Organization","@id":"https:\/\/behoppy.eu\/fr\/#organization","name":"Hoppy","url":"https:\/\/behoppy.eu\/fr\/","logo":{"@type":"ImageObject","inLanguage":"fr-FR","@id":"https:\/\/behoppy.eu\/fr\/#\/schema\/logo\/image\/","url":"https:\/\/behoppy.eu\/wp-content\/uploads\/2022\/10\/Hoppy_Logo_Full.svg","contentUrl":"https:\/\/behoppy.eu\/wp-content\/uploads\/2022\/10\/Hoppy_Logo_Full.svg","width":509,"height":207,"caption":"Hoppy"},"image":{"@id":"https:\/\/behoppy.eu\/fr\/#\/schema\/logo\/image\/"}}]}},"jetpack_sharing_enabled":true,"_links":{"self":[{"href":"https:\/\/behoppy.eu\/fr\/wp-json\/wp\/v2\/pages\/5655","targetHints":{"allow":["GET"]}}],"collection":[{"href":"https:\/\/behoppy.eu\/fr\/wp-json\/wp\/v2\/pages"}],"about":[{"href":"https:\/\/behoppy.eu\/fr\/wp-json\/wp\/v2\/types\/page"}],"author":[{"embeddable":true,"href":"https:\/\/behoppy.eu\/fr\/wp-json\/wp\/v2\/users\/2"}],"replies":[{"embeddable":true,"href":"https:\/\/behoppy.eu\/fr\/wp-json\/wp\/v2\/comments?post=5655"}],"version-history":[{"count":0,"href":"https:\/\/behoppy.eu\/fr\/wp-json\/wp\/v2\/pages\/5655\/revisions"}],"up":[{"embeddable":true,"href":"https:\/\/behoppy.eu\/fr\/wp-json\/wp\/v2\/pages\/2969"}],"wp:featuredmedia":[{"embeddable":true,"href":"https:\/\/behoppy.eu\/fr\/wp-json\/wp\/v2\/media\/6443"}],"wp:attachment":[{"href":"https:\/\/behoppy.eu\/fr\/wp-json\/wp\/v2\/media?parent=5655"}],"curies":[{"name":"wp","href":"https:\/\/api.w.org\/{rel}","templated":true}]}}