{"id":2982,"date":"2022-11-16T14:09:00","date_gmt":"2022-11-16T13:09:00","guid":{"rendered":"https:\/\/behoppy.eu\/politique-relative-aux-cookies\/"},"modified":"2023-05-31T11:02:37","modified_gmt":"2023-05-31T09:02:37","slug":"politique-relative-aux-cookies","status":"publish","type":"page","link":"https:\/\/behoppy.eu\/fr\/politique-relative-aux-cookies\/","title":{"rendered":"Politique relative aux cookies"},"content":{"rendered":"<h3>Utilisation des Cookies<\/h3>\n<p>Behoppy.be utilise des cookies. Un cookie est un simple petit fichier qui est envoy\u00e9 avec les pages de ce site Web et\/ou des applications Flash et qui est stock\u00e9 par votre navigateur sur le disque dur de votre ordinateur, t\u00e9l\u00e9phone mobile, smartwatch ou tablette. Les informations qui y sont stock\u00e9es peuvent \u00eatre renvoy\u00e9es \u00e0 nos serveurs lors d&#8217;une visite ult\u00e9rieure.<\/p>\n<p>L&#8217;utilisation de cookies est tr\u00e8s importante pour le bon fonctionnement de notre site Web, mais aussi les cookies dont vous ne voyez pas imm\u00e9diatement l&#8217;effet sont tr\u00e8s importants. Gr\u00e2ce \u00e0 la contribution (anonyme) des visiteurs, nous pouvons am\u00e9liorer l&#8217;utilisation du site Web et le rendre plus convivial.<\/p>\n<h3>Consentement \u00e0 l&#8217;utilisation des cookies<\/h3>\n<p>Votre consentement est requis pour l&#8217;utilisation de certains cookies. Nous le faisons au moyen d&#8217;une soi-disant banni\u00e8re de cookies.<\/p>\n<h3>Types de cookies et leurs finalit\u00e9s<\/h3>\n<p>Nous utilisons les types de cookies suivants :<\/p>\n<ul>\n<li><strong>Cookies fonctionnels :<\/strong> ils permettent au site Web de mieux fonctionner et sont plus conviviaux pour le visiteur. Par exemple : nous stockons vos informations de connexion ou ce que vous avez mis dans votre panier.<\/li>\n<li><strong>Cookies analytiques anonymes :<\/strong> ils garantissent qu&#8217;un cookie anonyme est g\u00e9n\u00e9r\u00e9 chaque fois que vous visitez un site Web. Ces cookies savent si vous avez d\u00e9j\u00e0 visit\u00e9 le site ou non. Un cookie est g\u00e9n\u00e9r\u00e9 uniquement la premi\u00e8re fois que vous visitez le site, les visites suivantes utilisent le cookie existant. Ce cookie est uniquement utilis\u00e9 \u00e0 des fins statistiques. Il peut \u00eatre utilis\u00e9 pour collecter les donn\u00e9es suivantes :\n<ul>\n<li>Le nombre de visiteurs uniques<\/li>\n<li>Combien de fois les utilisateurs visitent le site<\/li>\n<li>Quelles pages les utilisateurs consultent<\/li>\n<li>Combien de temps les utilisateurs consultent une page particuli\u00e8re<\/li>\n<li>Sur quelle page les visiteurs quittent le site<\/li>\n<\/ul>\n<\/li>\n<li><strong>Cookies analytiques :<\/strong> ils garantissent qu&#8217;un cookie est g\u00e9n\u00e9r\u00e9 \u00e0 chaque fois que vous visitez un site Web. Ces cookies savent si vous avez d\u00e9j\u00e0 visit\u00e9 le site ou non. Un cookie est g\u00e9n\u00e9r\u00e9 uniquement la premi\u00e8re fois que vous visitez le site, la prochaine fois que vous visitez le site, un cookie d\u00e9j\u00e0 existant est utilis\u00e9. Ce cookie est uniquement utilis\u00e9 \u00e0 des fins statistiques. Il peut \u00eatre utilis\u00e9 pour collecter les donn\u00e9es suivantes :\n<ul>\n<li>Quelles pages vous avez consult\u00e9es<\/li>\n<li>Combien de temps vous \u00eates rest\u00e9 sur une page particuli\u00e8re<\/li>\n<li>Sur quelle page vous avez quitt\u00e9 le site<\/li>\n<\/ul>\n<\/li>\n<\/ul>\n<h3>Vos droits par rapport \u00e0 vos donn\u00e9es<\/h3>\n<p>Vous avez le droit d&#8217;inspecter, de rectifier, de limiter et de supprimer les donn\u00e9es personnelles. Vous avez \u00e9galement le droit de vous opposer au traitement des donn\u00e9es personnelles et le droit \u00e0 la portabilit\u00e9 des donn\u00e9es. Vous pouvez exercer ces droits en envoyant un e-mail \u00e0 <strong><a href=\"mailto:support@behoppy.eu\">support@behoppy.eu<\/a><\/strong>. Pour \u00e9viter toute utilisation abusive, nous pouvons vous demander de vous identifier de mani\u00e8re ad\u00e9quate. S&#8217;il s&#8217;agit d&#8217;un acc\u00e8s \u00e0 des donn\u00e9es personnelles li\u00e9es \u00e0 un cookie, nous vous demandons d&#8217;envoyer une copie du cookie en question. Vous pouvez le trouver dans les param\u00e8tres de votre navigateur.<\/p>\n<h3>Bloquer et supprimer les cookies<\/h3>\n<p>Vous pouvez facilement bloquer et supprimer vous-m\u00eame les cookies \u00e0 tout moment via votre navigateur Internet. Vous pouvez \u00e9galement configurer votre navigateur Internet pour recevoir un message lorsqu&#8217;un cookie est plac\u00e9. Vous pouvez \u00e9galement indiquer que certains cookies ne peuvent pas \u00eatre plac\u00e9s. Consultez la fonction d&#8217;aide de votre navigateur pour cette option. La suppression des cookies dans votre navigateur peut affecter l&#8217;utilisation agr\u00e9able de ce site Web.<\/p>\n<p>Certains cookies de suivi sont plac\u00e9s par des tiers qui, entre autres, vous montrent des publicit\u00e9s sur notre site Web. Vous pouvez supprimer ces cookies de mani\u00e8re centralis\u00e9e via <strong><a href=\"https:\/\/youronlinechoices.com\/\">https:\/\/youronlinechoices.com\/<\/a><\/strong><\/p>\n<p>Veuillez noter que si vous ne souhaitez pas de cookies, nous ne pouvons garantir le bon fonctionnement de notre site Web. Certaines fonctions peuvent \u00eatre perdues ou vous ne pouvez pas du tout visiter le site Web. De plus, refuser les cookies ne signifie pas que vous ne verrez pas de publicit\u00e9s. Les publicit\u00e9s ne sont alors tout simplement pas adapt\u00e9es \u00e0 vos int\u00e9r\u00eats et peuvent donc \u00eatre r\u00e9p\u00e9t\u00e9es plus souvent.<\/p>\n<p>La fa\u00e7on dont vous pouvez ajuster vos param\u00e8tres diff\u00e8re selon le navigateur. Si n\u00e9cessaire, consultez la fonction d&#8217;aide de votre navigateur.<\/p>\n<h3>Nouveaux d\u00e9veloppements et cookies impr\u00e9vus<\/h3>\n<p>Les textes de notre site Web peuvent \u00eatre modifi\u00e9s \u00e0 tout moment en raison des d\u00e9veloppements continus. Ceci s&#8217;applique \u00e9galement \u00e0 notre d\u00e9claration relative aux cookies. Par cons\u00e9quent, lisez r\u00e9guli\u00e8rement cette d\u00e9claration pour rester inform\u00e9 de tout changement.<\/p>\n<p>Les articles de blog peuvent utiliser du contenu h\u00e9berg\u00e9 sur d&#8217;autres sites et accessible sur behoppy.be au moyen de certains cookies (contenu int\u00e9gr\u00e9). Par exemple, consid\u00e9rez les vid\u00e9os YouTube. Ces codes utilisent souvent des cookies. Nous n&#8217;avons aucun contr\u00f4le sur ce que ces tiers font avec leurs cookies.<\/p>\n<p>Il est \u00e9galement possible que des cookies soient plac\u00e9s via notre site Web par d&#8217;autres, dont nous ne sommes pas toujours conscients. Avez-vous rencontr\u00e9 des cookies impr\u00e9vus sur notre site Web que vous ne trouvez pas dans notre aper\u00e7u ? Veuillez nous en informer via <strong><a href=\"mailto:support@behoppy.eu\">support@behoppy.eu<\/a><\/strong>. Vous pouvez \u00e9galement contacter directement le tiers et lui demander quels cookies il place, la raison de cela, la dur\u00e9e de vie du cookie et comment il a garanti votre confidentialit\u00e9.<\/p>\n<h3>Commentaire final<\/h3>\n<p>Nous pouvons \u00eatre amen\u00e9s \u00e0 mettre \u00e0 jour cette d\u00e9claration de temps \u00e0 autre, par exemple lorsque nous mettons \u00e0 jour notre site Web ou modifions les r\u00e8gles relatives aux cookies. Vous pouvez consulter cette page Web pour la derni\u00e8re version.<\/p>\n<p>Si vous avez des questions et\/ou des remarques, veuillez contacter <strong><a href=\"mailto:support@behoppy.eu\">support@behoppy.eu<\/a><\/strong>.<\/p>\n<p>08 avril 2021<\/p>\n","protected":false},"excerpt":{"rendered":"<p>Utilisation des Cookies Behoppy.be utilise des cookies. Un cookie est un simple petit fichier qui est envoy\u00e9 avec les pages de ce site Web et\/ou des applications Flash et qui est stock\u00e9 par votre navigateur sur le disque dur de votre ordinateur, t\u00e9l\u00e9phone mobile, smartwatch ou tablette. Les informations qui y sont stock\u00e9es peuvent \u00eatre [&hellip;]<\/p>\n","protected":false},"author":1,"featured_media":0,"parent":0,"menu_order":7,"comment_status":"closed","ping_status":"closed","template":"","meta":{"_acf_changed":false,"nf_dc_page":"","inline_featured_image":false,"footnotes":""},"class_list":["post-2982","page","type-page","status-publish","hentry"],"acf":[],"yoast_head":"<!-- This site is optimized with the Yoast SEO plugin v27.4 - https:\/\/yoast.com\/product\/yoast-seo-wordpress\/ -->\n<title>Politique relative aux cookies - Hoppy<\/title>\n<meta name=\"robots\" content=\"index, follow, max-snippet:-1, max-image-preview:large, max-video-preview:-1\" \/>\n<link rel=\"canonical\" href=\"https:\/\/behoppy.eu\/fr\/politique-relative-aux-cookies\/\" \/>\n<meta property=\"og:locale\" content=\"fr_FR\" \/>\n<meta property=\"og:type\" content=\"article\" \/>\n<meta property=\"og:title\" content=\"Politique relative aux cookies - Hoppy\" \/>\n<meta property=\"og:description\" content=\"Utilisation des Cookies Behoppy.be utilise des cookies. Un cookie est un simple petit fichier qui est envoy\u00e9 avec les pages de ce site Web et\/ou des applications Flash et qui est stock\u00e9 par votre navigateur sur le disque dur de votre ordinateur, t\u00e9l\u00e9phone mobile, smartwatch ou tablette. Les informations qui y sont stock\u00e9es peuvent \u00eatre [&hellip;]\" \/>\n<meta property=\"og:url\" content=\"https:\/\/behoppy.eu\/fr\/politique-relative-aux-cookies\/\" \/>\n<meta property=\"og:site_name\" content=\"Hoppy\" \/>\n<meta property=\"article:modified_time\" content=\"2023-05-31T09:02:37+00:00\" \/>\n<meta name=\"twitter:card\" content=\"summary_large_image\" \/>\n<meta name=\"twitter:label1\" content=\"Dur\u00e9e de lecture estim\u00e9e\" \/>\n\t<meta name=\"twitter:data1\" content=\"5 minutes\" \/>\n<script type=\"application\/ld+json\" class=\"yoast-schema-graph\">{\"@context\":\"https:\\\/\\\/schema.org\",\"@graph\":[{\"@type\":\"WebPage\",\"@id\":\"https:\\\/\\\/behoppy.eu\\\/fr\\\/politique-relative-aux-cookies\\\/\",\"url\":\"https:\\\/\\\/behoppy.eu\\\/fr\\\/politique-relative-aux-cookies\\\/\",\"name\":\"Politique relative aux cookies - Hoppy\",\"isPartOf\":{\"@id\":\"https:\\\/\\\/behoppy.eu\\\/fr\\\/#website\"},\"datePublished\":\"2022-11-16T13:09:00+00:00\",\"dateModified\":\"2023-05-31T09:02:37+00:00\",\"breadcrumb\":{\"@id\":\"https:\\\/\\\/behoppy.eu\\\/fr\\\/politique-relative-aux-cookies\\\/#breadcrumb\"},\"inLanguage\":\"fr-FR\",\"potentialAction\":[{\"@type\":\"ReadAction\",\"target\":[\"https:\\\/\\\/behoppy.eu\\\/fr\\\/politique-relative-aux-cookies\\\/\"]}]},{\"@type\":\"BreadcrumbList\",\"@id\":\"https:\\\/\\\/behoppy.eu\\\/fr\\\/politique-relative-aux-cookies\\\/#breadcrumb\",\"itemListElement\":[{\"@type\":\"ListItem\",\"position\":1,\"name\":\"Home\",\"item\":\"https:\\\/\\\/behoppy.eu\\\/fr\\\/home\\\/\"},{\"@type\":\"ListItem\",\"position\":2,\"name\":\"Politique relative aux cookies\"}]},{\"@type\":\"WebSite\",\"@id\":\"https:\\\/\\\/behoppy.eu\\\/fr\\\/#website\",\"url\":\"https:\\\/\\\/behoppy.eu\\\/fr\\\/\",\"name\":\"Hoppy\",\"description\":\"Don\u2019t worry, Be hoppy!\",\"publisher\":{\"@id\":\"https:\\\/\\\/behoppy.eu\\\/fr\\\/#organization\"},\"potentialAction\":[{\"@type\":\"SearchAction\",\"target\":{\"@type\":\"EntryPoint\",\"urlTemplate\":\"https:\\\/\\\/behoppy.eu\\\/fr\\\/?s={search_term_string}\"},\"query-input\":{\"@type\":\"PropertyValueSpecification\",\"valueRequired\":true,\"valueName\":\"search_term_string\"}}],\"inLanguage\":\"fr-FR\"},{\"@type\":\"Organization\",\"@id\":\"https:\\\/\\\/behoppy.eu\\\/fr\\\/#organization\",\"name\":\"Hoppy\",\"url\":\"https:\\\/\\\/behoppy.eu\\\/fr\\\/\",\"logo\":{\"@type\":\"ImageObject\",\"inLanguage\":\"fr-FR\",\"@id\":\"https:\\\/\\\/behoppy.eu\\\/fr\\\/#\\\/schema\\\/logo\\\/image\\\/\",\"url\":\"https:\\\/\\\/behoppy.eu\\\/wp-content\\\/uploads\\\/2022\\\/10\\\/Hoppy_Logo_Full.svg\",\"contentUrl\":\"https:\\\/\\\/behoppy.eu\\\/wp-content\\\/uploads\\\/2022\\\/10\\\/Hoppy_Logo_Full.svg\",\"width\":509,\"height\":207,\"caption\":\"Hoppy\"},\"image\":{\"@id\":\"https:\\\/\\\/behoppy.eu\\\/fr\\\/#\\\/schema\\\/logo\\\/image\\\/\"}}]}<\/script>\n<!-- \/ Yoast SEO plugin. -->","yoast_head_json":{"title":"Politique relative aux cookies - Hoppy","robots":{"index":"index","follow":"follow","max-snippet":"max-snippet:-1","max-image-preview":"max-image-preview:large","max-video-preview":"max-video-preview:-1"},"canonical":"https:\/\/behoppy.eu\/fr\/politique-relative-aux-cookies\/","og_locale":"fr_FR","og_type":"article","og_title":"Politique relative aux cookies - Hoppy","og_description":"Utilisation des Cookies Behoppy.be utilise des cookies. Un cookie est un simple petit fichier qui est envoy\u00e9 avec les pages de ce site Web et\/ou des applications Flash et qui est stock\u00e9 par votre navigateur sur le disque dur de votre ordinateur, t\u00e9l\u00e9phone mobile, smartwatch ou tablette. Les informations qui y sont stock\u00e9es peuvent \u00eatre [&hellip;]","og_url":"https:\/\/behoppy.eu\/fr\/politique-relative-aux-cookies\/","og_site_name":"Hoppy","article_modified_time":"2023-05-31T09:02:37+00:00","twitter_card":"summary_large_image","twitter_misc":{"Dur\u00e9e de lecture estim\u00e9e":"5 minutes"},"schema":{"@context":"https:\/\/schema.org","@graph":[{"@type":"WebPage","@id":"https:\/\/behoppy.eu\/fr\/politique-relative-aux-cookies\/","url":"https:\/\/behoppy.eu\/fr\/politique-relative-aux-cookies\/","name":"Politique relative aux cookies - Hoppy","isPartOf":{"@id":"https:\/\/behoppy.eu\/fr\/#website"},"datePublished":"2022-11-16T13:09:00+00:00","dateModified":"2023-05-31T09:02:37+00:00","breadcrumb":{"@id":"https:\/\/behoppy.eu\/fr\/politique-relative-aux-cookies\/#breadcrumb"},"inLanguage":"fr-FR","potentialAction":[{"@type":"ReadAction","target":["https:\/\/behoppy.eu\/fr\/politique-relative-aux-cookies\/"]}]},{"@type":"BreadcrumbList","@id":"https:\/\/behoppy.eu\/fr\/politique-relative-aux-cookies\/#breadcrumb","itemListElement":[{"@type":"ListItem","position":1,"name":"Home","item":"https:\/\/behoppy.eu\/fr\/home\/"},{"@type":"ListItem","position":2,"name":"Politique relative aux cookies"}]},{"@type":"WebSite","@id":"https:\/\/behoppy.eu\/fr\/#website","url":"https:\/\/behoppy.eu\/fr\/","name":"Hoppy","description":"Don\u2019t worry, Be hoppy!","publisher":{"@id":"https:\/\/behoppy.eu\/fr\/#organization"},"potentialAction":[{"@type":"SearchAction","target":{"@type":"EntryPoint","urlTemplate":"https:\/\/behoppy.eu\/fr\/?s={search_term_string}"},"query-input":{"@type":"PropertyValueSpecification","valueRequired":true,"valueName":"search_term_string"}}],"inLanguage":"fr-FR"},{"@type":"Organization","@id":"https:\/\/behoppy.eu\/fr\/#organization","name":"Hoppy","url":"https:\/\/behoppy.eu\/fr\/","logo":{"@type":"ImageObject","inLanguage":"fr-FR","@id":"https:\/\/behoppy.eu\/fr\/#\/schema\/logo\/image\/","url":"https:\/\/behoppy.eu\/wp-content\/uploads\/2022\/10\/Hoppy_Logo_Full.svg","contentUrl":"https:\/\/behoppy.eu\/wp-content\/uploads\/2022\/10\/Hoppy_Logo_Full.svg","width":509,"height":207,"caption":"Hoppy"},"image":{"@id":"https:\/\/behoppy.eu\/fr\/#\/schema\/logo\/image\/"}}]}},"jetpack_sharing_enabled":true,"_links":{"self":[{"href":"https:\/\/behoppy.eu\/fr\/wp-json\/wp\/v2\/pages\/2982","targetHints":{"allow":["GET"]}}],"collection":[{"href":"https:\/\/behoppy.eu\/fr\/wp-json\/wp\/v2\/pages"}],"about":[{"href":"https:\/\/behoppy.eu\/fr\/wp-json\/wp\/v2\/types\/page"}],"author":[{"embeddable":true,"href":"https:\/\/behoppy.eu\/fr\/wp-json\/wp\/v2\/users\/1"}],"replies":[{"embeddable":true,"href":"https:\/\/behoppy.eu\/fr\/wp-json\/wp\/v2\/comments?post=2982"}],"version-history":[{"count":0,"href":"https:\/\/behoppy.eu\/fr\/wp-json\/wp\/v2\/pages\/2982\/revisions"}],"wp:attachment":[{"href":"https:\/\/behoppy.eu\/fr\/wp-json\/wp\/v2\/media?parent=2982"}],"curies":[{"name":"wp","href":"https:\/\/api.w.org\/{rel}","templated":true}]}}