{"id":2978,"date":"2022-11-16T12:04:35","date_gmt":"2022-11-16T11:04:35","guid":{"rendered":"https:\/\/behoppy.eu\/clause-de-non-responsabilite\/"},"modified":"2023-03-29T17:34:11","modified_gmt":"2023-03-29T15:34:11","slug":"clause-de-non-responsabilite","status":"publish","type":"page","link":"https:\/\/behoppy.eu\/fr\/clause-de-non-responsabilite\/","title":{"rendered":"Clause de non-responsabilit\u00e9"},"content":{"rendered":"<p>L&#8217;utilisation de ce site Web (www.behoppy.be) est soumise aux conditions d&#8217;utilisation suivantes. En utilisant ce site Web, vous \u00eates r\u00e9put\u00e9 avoir lu et accept\u00e9 les conditions d&#8217;utilisation.<span class=\"Apple-converted-space\"> <\/span><\/p>\n<h3>Utilisation des informations<span class=\"Apple-converted-space\"> <\/span><\/h3>\n<p>Hoppsharing s&#8217;efforce de fournir des informations correctes et \u00e0 jour sur ce site Web. Bien que ces informations aient \u00e9t\u00e9 compil\u00e9es avec le plus grand soin possible, Hoppsharing ne garantit pas l&#8217;exhaustivit\u00e9, l&#8217;exactitude ou l&#8217;actualit\u00e9 des informations. Les informations juridiques sur le site Web sont de nature g\u00e9n\u00e9rale et ne peuvent \u00eatre consid\u00e9r\u00e9es comme un substitut \u00e0 un avis juridique.<span class=\"Apple-converted-space\"> <\/span><\/p>\n<p>Aucun droit ne peut \u00eatre d\u00e9riv\u00e9 des informations. Hoppsharing d\u00e9cline toute responsabilit\u00e9 pour les dommages r\u00e9sultant de l&#8217;utilisation des informations ou du site Internet ou pour le dysfonctionnement du site Internet. Une relation entre Hoppsharing et l&#8217;utilisateur du site Web n&#8217;est pas automatiquement fond\u00e9e sur l&#8217;envoi et la r\u00e9ception d&#8217;informations via le site Web ou par e-mail.<span class=\"Apple-converted-space\"> <\/span><\/p>\n<h3>E-mail<span class=\"Apple-converted-space\"> <\/span><\/h3>\n<p>Hoppsharing ne garantit pas que les e-mails qui lui sont envoy\u00e9s seront re\u00e7us ou trait\u00e9s (\u00e0 temps), car la r\u00e9ception en temps voulu des e-mails ne peut \u00eatre garantie. La s\u00e9curit\u00e9 du trafic e-mail ne peut pas non plus \u00eatre garantie en raison des risques de s\u00e9curit\u00e9 encourus. En correspondant avec HopSharing par e-mail sans cryptage ni protection par mot de passe, vous acceptez ce risque.<span class=\"Apple-converted-space\"> <\/span><\/p>\n<h3>Hyperliens<span class=\"Apple-converted-space\"> <\/span><\/h3>\n<p>Ce site Web peut contenir des hyperliens vers des sites Web tiers. Hoppsharing n&#8217;a aucune influence sur les sites Web de tiers et n&#8217;est pas responsable de leur disponibilit\u00e9 ou de leur contenu. Hoppsharing d\u00e9cline donc toute responsabilit\u00e9 pour les dommages r\u00e9sultant de l&#8217;utilisation de sites tiers.<span class=\"Apple-converted-space\"> <\/span><\/p>\n<h3>Droits de propri\u00e9t\u00e9 intellectuelle<span class=\"Apple-converted-space\"> <\/span><\/h3>\n<p>Toutes les publications et expressions de Hoppsharing sont prot\u00e9g\u00e9es par le droit d&#8217;auteur et autres droits de propri\u00e9t\u00e9 intellectuelle. Sauf pour un usage personnel et non commercial, rien de ces publications et communications ne peut \u00eatre reproduit, copi\u00e9 ou autrement divulgu\u00e9 de quelque mani\u00e8re que ce soit sans l&#8217;autorisation \u00e9crite pr\u00e9alable de Hoppsharing.&#8221;<span class=\"Apple-converted-space\"> <\/span><\/p>\n","protected":false},"excerpt":{"rendered":"<p>L&#8217;utilisation de ce site Web (www.behoppy.be) est soumise aux conditions d&#8217;utilisation suivantes. En utilisant ce site Web, vous \u00eates r\u00e9put\u00e9 avoir lu et accept\u00e9 les conditions d&#8217;utilisation. Utilisation des informations Hoppsharing s&#8217;efforce de fournir des informations correctes et \u00e0 jour sur ce site Web. Bien que ces informations aient \u00e9t\u00e9 compil\u00e9es avec le plus grand [&hellip;]<\/p>\n","protected":false},"author":1,"featured_media":0,"parent":0,"menu_order":9,"comment_status":"closed","ping_status":"closed","template":"","meta":{"_acf_changed":false,"nf_dc_page":"","inline_featured_image":false,"footnotes":""},"class_list":["post-2978","page","type-page","status-publish","hentry"],"acf":[],"yoast_head":"<!-- This site is optimized with the Yoast SEO plugin v27.4 - https:\/\/yoast.com\/product\/yoast-seo-wordpress\/ -->\n<title>Clause de non-responsabilit\u00e9 - Hoppy<\/title>\n<meta name=\"robots\" content=\"index, follow, max-snippet:-1, max-image-preview:large, max-video-preview:-1\" \/>\n<link rel=\"canonical\" href=\"https:\/\/behoppy.eu\/fr\/clause-de-non-responsabilite\/\" \/>\n<meta property=\"og:locale\" content=\"fr_FR\" \/>\n<meta property=\"og:type\" content=\"article\" \/>\n<meta property=\"og:title\" content=\"Clause de non-responsabilit\u00e9 - Hoppy\" \/>\n<meta property=\"og:description\" content=\"L&#8217;utilisation de ce site Web (www.behoppy.be) est soumise aux conditions d&#8217;utilisation suivantes. En utilisant ce site Web, vous \u00eates r\u00e9put\u00e9 avoir lu et accept\u00e9 les conditions d&#8217;utilisation. Utilisation des informations Hoppsharing s&#8217;efforce de fournir des informations correctes et \u00e0 jour sur ce site Web. Bien que ces informations aient \u00e9t\u00e9 compil\u00e9es avec le plus grand [&hellip;]\" \/>\n<meta property=\"og:url\" content=\"https:\/\/behoppy.eu\/fr\/clause-de-non-responsabilite\/\" \/>\n<meta property=\"og:site_name\" content=\"Hoppy\" \/>\n<meta property=\"article:modified_time\" content=\"2023-03-29T15:34:11+00:00\" \/>\n<meta name=\"twitter:card\" content=\"summary_large_image\" \/>\n<meta name=\"twitter:label1\" content=\"Dur\u00e9e de lecture estim\u00e9e\" \/>\n\t<meta name=\"twitter:data1\" content=\"2 minutes\" \/>\n<script type=\"application\/ld+json\" class=\"yoast-schema-graph\">{\"@context\":\"https:\\\/\\\/schema.org\",\"@graph\":[{\"@type\":\"WebPage\",\"@id\":\"https:\\\/\\\/behoppy.eu\\\/fr\\\/clause-de-non-responsabilite\\\/\",\"url\":\"https:\\\/\\\/behoppy.eu\\\/fr\\\/clause-de-non-responsabilite\\\/\",\"name\":\"Clause de non-responsabilit\u00e9 - Hoppy\",\"isPartOf\":{\"@id\":\"https:\\\/\\\/behoppy.eu\\\/fr\\\/#website\"},\"datePublished\":\"2022-11-16T11:04:35+00:00\",\"dateModified\":\"2023-03-29T15:34:11+00:00\",\"breadcrumb\":{\"@id\":\"https:\\\/\\\/behoppy.eu\\\/fr\\\/clause-de-non-responsabilite\\\/#breadcrumb\"},\"inLanguage\":\"fr-FR\",\"potentialAction\":[{\"@type\":\"ReadAction\",\"target\":[\"https:\\\/\\\/behoppy.eu\\\/fr\\\/clause-de-non-responsabilite\\\/\"]}]},{\"@type\":\"BreadcrumbList\",\"@id\":\"https:\\\/\\\/behoppy.eu\\\/fr\\\/clause-de-non-responsabilite\\\/#breadcrumb\",\"itemListElement\":[{\"@type\":\"ListItem\",\"position\":1,\"name\":\"Home\",\"item\":\"https:\\\/\\\/behoppy.eu\\\/fr\\\/home\\\/\"},{\"@type\":\"ListItem\",\"position\":2,\"name\":\"Clause de non-responsabilit\u00e9\"}]},{\"@type\":\"WebSite\",\"@id\":\"https:\\\/\\\/behoppy.eu\\\/fr\\\/#website\",\"url\":\"https:\\\/\\\/behoppy.eu\\\/fr\\\/\",\"name\":\"Hoppy\",\"description\":\"Don\u2019t worry, Be hoppy!\",\"publisher\":{\"@id\":\"https:\\\/\\\/behoppy.eu\\\/fr\\\/#organization\"},\"potentialAction\":[{\"@type\":\"SearchAction\",\"target\":{\"@type\":\"EntryPoint\",\"urlTemplate\":\"https:\\\/\\\/behoppy.eu\\\/fr\\\/?s={search_term_string}\"},\"query-input\":{\"@type\":\"PropertyValueSpecification\",\"valueRequired\":true,\"valueName\":\"search_term_string\"}}],\"inLanguage\":\"fr-FR\"},{\"@type\":\"Organization\",\"@id\":\"https:\\\/\\\/behoppy.eu\\\/fr\\\/#organization\",\"name\":\"Hoppy\",\"url\":\"https:\\\/\\\/behoppy.eu\\\/fr\\\/\",\"logo\":{\"@type\":\"ImageObject\",\"inLanguage\":\"fr-FR\",\"@id\":\"https:\\\/\\\/behoppy.eu\\\/fr\\\/#\\\/schema\\\/logo\\\/image\\\/\",\"url\":\"https:\\\/\\\/behoppy.eu\\\/wp-content\\\/uploads\\\/2022\\\/10\\\/Hoppy_Logo_Full.svg\",\"contentUrl\":\"https:\\\/\\\/behoppy.eu\\\/wp-content\\\/uploads\\\/2022\\\/10\\\/Hoppy_Logo_Full.svg\",\"width\":509,\"height\":207,\"caption\":\"Hoppy\"},\"image\":{\"@id\":\"https:\\\/\\\/behoppy.eu\\\/fr\\\/#\\\/schema\\\/logo\\\/image\\\/\"}}]}<\/script>\n<!-- \/ Yoast SEO plugin. -->","yoast_head_json":{"title":"Clause de non-responsabilit\u00e9 - Hoppy","robots":{"index":"index","follow":"follow","max-snippet":"max-snippet:-1","max-image-preview":"max-image-preview:large","max-video-preview":"max-video-preview:-1"},"canonical":"https:\/\/behoppy.eu\/fr\/clause-de-non-responsabilite\/","og_locale":"fr_FR","og_type":"article","og_title":"Clause de non-responsabilit\u00e9 - Hoppy","og_description":"L&#8217;utilisation de ce site Web (www.behoppy.be) est soumise aux conditions d&#8217;utilisation suivantes. En utilisant ce site Web, vous \u00eates r\u00e9put\u00e9 avoir lu et accept\u00e9 les conditions d&#8217;utilisation. Utilisation des informations Hoppsharing s&#8217;efforce de fournir des informations correctes et \u00e0 jour sur ce site Web. Bien que ces informations aient \u00e9t\u00e9 compil\u00e9es avec le plus grand [&hellip;]","og_url":"https:\/\/behoppy.eu\/fr\/clause-de-non-responsabilite\/","og_site_name":"Hoppy","article_modified_time":"2023-03-29T15:34:11+00:00","twitter_card":"summary_large_image","twitter_misc":{"Dur\u00e9e de lecture estim\u00e9e":"2 minutes"},"schema":{"@context":"https:\/\/schema.org","@graph":[{"@type":"WebPage","@id":"https:\/\/behoppy.eu\/fr\/clause-de-non-responsabilite\/","url":"https:\/\/behoppy.eu\/fr\/clause-de-non-responsabilite\/","name":"Clause de non-responsabilit\u00e9 - Hoppy","isPartOf":{"@id":"https:\/\/behoppy.eu\/fr\/#website"},"datePublished":"2022-11-16T11:04:35+00:00","dateModified":"2023-03-29T15:34:11+00:00","breadcrumb":{"@id":"https:\/\/behoppy.eu\/fr\/clause-de-non-responsabilite\/#breadcrumb"},"inLanguage":"fr-FR","potentialAction":[{"@type":"ReadAction","target":["https:\/\/behoppy.eu\/fr\/clause-de-non-responsabilite\/"]}]},{"@type":"BreadcrumbList","@id":"https:\/\/behoppy.eu\/fr\/clause-de-non-responsabilite\/#breadcrumb","itemListElement":[{"@type":"ListItem","position":1,"name":"Home","item":"https:\/\/behoppy.eu\/fr\/home\/"},{"@type":"ListItem","position":2,"name":"Clause de non-responsabilit\u00e9"}]},{"@type":"WebSite","@id":"https:\/\/behoppy.eu\/fr\/#website","url":"https:\/\/behoppy.eu\/fr\/","name":"Hoppy","description":"Don\u2019t worry, Be hoppy!","publisher":{"@id":"https:\/\/behoppy.eu\/fr\/#organization"},"potentialAction":[{"@type":"SearchAction","target":{"@type":"EntryPoint","urlTemplate":"https:\/\/behoppy.eu\/fr\/?s={search_term_string}"},"query-input":{"@type":"PropertyValueSpecification","valueRequired":true,"valueName":"search_term_string"}}],"inLanguage":"fr-FR"},{"@type":"Organization","@id":"https:\/\/behoppy.eu\/fr\/#organization","name":"Hoppy","url":"https:\/\/behoppy.eu\/fr\/","logo":{"@type":"ImageObject","inLanguage":"fr-FR","@id":"https:\/\/behoppy.eu\/fr\/#\/schema\/logo\/image\/","url":"https:\/\/behoppy.eu\/wp-content\/uploads\/2022\/10\/Hoppy_Logo_Full.svg","contentUrl":"https:\/\/behoppy.eu\/wp-content\/uploads\/2022\/10\/Hoppy_Logo_Full.svg","width":509,"height":207,"caption":"Hoppy"},"image":{"@id":"https:\/\/behoppy.eu\/fr\/#\/schema\/logo\/image\/"}}]}},"jetpack_sharing_enabled":true,"_links":{"self":[{"href":"https:\/\/behoppy.eu\/fr\/wp-json\/wp\/v2\/pages\/2978","targetHints":{"allow":["GET"]}}],"collection":[{"href":"https:\/\/behoppy.eu\/fr\/wp-json\/wp\/v2\/pages"}],"about":[{"href":"https:\/\/behoppy.eu\/fr\/wp-json\/wp\/v2\/types\/page"}],"author":[{"embeddable":true,"href":"https:\/\/behoppy.eu\/fr\/wp-json\/wp\/v2\/users\/1"}],"replies":[{"embeddable":true,"href":"https:\/\/behoppy.eu\/fr\/wp-json\/wp\/v2\/comments?post=2978"}],"version-history":[{"count":0,"href":"https:\/\/behoppy.eu\/fr\/wp-json\/wp\/v2\/pages\/2978\/revisions"}],"wp:attachment":[{"href":"https:\/\/behoppy.eu\/fr\/wp-json\/wp\/v2\/media?parent=2978"}],"curies":[{"name":"wp","href":"https:\/\/api.w.org\/{rel}","templated":true}]}}