{"id":3000,"date":"2023-02-27T16:16:34","date_gmt":"2023-02-27T15:16:34","guid":{"rendered":"https:\/\/behoppy.eu\/antes-del-viaje\/"},"modified":"2023-08-30T16:06:29","modified_gmt":"2023-08-30T14:06:29","slug":"antes-del-viaje","status":"publish","type":"page","link":"https:\/\/behoppy.eu\/es\/antes-del-viaje\/","title":{"rendered":"Antes del viaje"},"content":{"rendered":"\t\t<div data-elementor-type=\"wp-page\" data-elementor-id=\"3000\" class=\"elementor elementor-3000 elementor-2352\" data-elementor-post-type=\"page\">\n\t\t\t\t<div class=\"elementor-element elementor-element-c74531a e-con-full e-flex e-con e-parent\" data-id=\"c74531a\" data-element_type=\"container\" data-e-type=\"container\" data-settings=\"{&quot;background_background&quot;:&quot;gradient&quot;,&quot;shape_divider_bottom&quot;:&quot;waves&quot;}\">\n\t\t\t\t<div class=\"elementor-shape elementor-shape-bottom\" aria-hidden=\"true\" data-negative=\"false\">\n\t\t\t<svg xmlns=\"http:\/\/www.w3.org\/2000\/svg\" viewBox=\"0 0 1000 100\" preserveAspectRatio=\"none\">\n\t<path class=\"elementor-shape-fill\" d=\"M421.9,6.5c22.6-2.5,51.5,0.4,75.5,5.3c23.6,4.9,70.9,23.5,100.5,35.7c75.8,32.2,133.7,44.5,192.6,49.7\n\tc23.6,2.1,48.7,3.5,103.4-2.5c54.7-6,106.2-25.6,106.2-25.6V0H0v30.3c0,0,72,32.6,158.4,30.5c39.2-0.7,92.8-6.7,134-22.4\n\tc21.2-8.1,52.2-18.2,79.7-24.2C399.3,7.9,411.6,7.5,421.9,6.5z\"\/>\n<\/svg>\t\t<\/div>\n\t\t<div class=\"elementor-element elementor-element-c3f594b e-con-full e-flex e-con e-child\" data-id=\"c3f594b\" data-element_type=\"container\" data-e-type=\"container\">\n\t\t\t\t<div class=\"elementor-element elementor-element-c9d3fd9 elementor-widget-mobile__width-inherit elementor-widget elementor-widget-image\" data-id=\"c9d3fd9\" data-element_type=\"widget\" data-e-type=\"widget\" data-widget_type=\"image.default\">\n\t\t\t\t<div class=\"elementor-widget-container\">\n\t\t\t\t\t\t\t\t\t\t\t\t\t\t\t<img loading=\"lazy\" decoding=\"async\" loading=\"lazy\" width=\"1600\" height=\"1067\" src=\"https:\/\/i0.wp.com\/behoppy.eu\/wp-content\/uploads\/2022\/10\/Hoppy-test_113.jpg?fit=1600%2C1067&amp;ssl=1\" class=\"attachment-full size-full wp-image-2424\" alt=\"\" srcset=\"https:\/\/i0.wp.com\/behoppy.eu\/wp-content\/uploads\/2022\/10\/Hoppy-test_113.jpg?w=1600&amp;ssl=1 1600w, https:\/\/i0.wp.com\/behoppy.eu\/wp-content\/uploads\/2022\/10\/Hoppy-test_113.jpg?resize=300%2C200&amp;ssl=1 300w, https:\/\/i0.wp.com\/behoppy.eu\/wp-content\/uploads\/2022\/10\/Hoppy-test_113.jpg?resize=1024%2C683&amp;ssl=1 1024w, https:\/\/i0.wp.com\/behoppy.eu\/wp-content\/uploads\/2022\/10\/Hoppy-test_113.jpg?resize=768%2C512&amp;ssl=1 768w, https:\/\/i0.wp.com\/behoppy.eu\/wp-content\/uploads\/2022\/10\/Hoppy-test_113.jpg?resize=1536%2C1024&amp;ssl=1 1536w\" sizes=\"auto, (max-width: 800px) 100vw, 800px\" \/>\t\t\t\t\t\t\t\t\t\t\t\t\t\t\t<\/div>\n\t\t\t\t<\/div>\n\t\t\t\t<\/div>\n\t\t<div class=\"elementor-element elementor-element-817bdb1 e-con-full e-flex e-con e-child\" data-id=\"817bdb1\" data-element_type=\"container\" data-e-type=\"container\" data-settings=\"{&quot;background_background&quot;:&quot;classic&quot;}\">\n\t\t\t\t<div class=\"elementor-element elementor-element-7c5caa6 premium-header-inline premium-header-inline premium-lq__none premium-box-lq__none elementor-widget elementor-widget-premium-addon-dual-header\" data-id=\"7c5caa6\" data-element_type=\"widget\" data-e-type=\"widget\" data-widget_type=\"premium-addon-dual-header.default\">\n\t\t\t\t\t\n\t\t<div class=\"elementor-widget-container\">\n\t\t\t\t\t<h2 class=\"premium-dual-header-first-header \"><span class=\"premium-dual-header-first-span\">C\u00f3mo <\/span><span class=\"premium-dual-header-second-header \">funciona Hoppy<\/span><\/h2> \t\t\t\t<\/div>\n\n\t\t\t\t\t\t<\/div>\n\t\t<div class=\"elementor-element elementor-element-1d1e39c e-con-full animated-fast e-flex elementor-invisible e-con e-child\" data-id=\"1d1e39c\" data-element_type=\"container\" data-e-type=\"container\" data-settings=\"{&quot;animation&quot;:&quot;fadeInRight&quot;}\">\n\t\t\t\t<div class=\"elementor-element elementor-element-da18797 elementor-widget__width-auto elementor-view-default elementor-widget elementor-widget-icon\" data-id=\"da18797\" data-element_type=\"widget\" data-e-type=\"widget\" data-settings=\"{&quot;motion_fx_motion_fx_scrolling&quot;:&quot;yes&quot;,&quot;motion_fx_scale_effect&quot;:&quot;yes&quot;,&quot;motion_fx_scale_speed&quot;:{&quot;unit&quot;:&quot;px&quot;,&quot;size&quot;:2,&quot;sizes&quot;:[]},&quot;motion_fx_scale_range&quot;:{&quot;unit&quot;:&quot;%&quot;,&quot;size&quot;:&quot;&quot;,&quot;sizes&quot;:{&quot;start&quot;:30,&quot;end&quot;:60}},&quot;_animation&quot;:&quot;none&quot;,&quot;_animation_delay&quot;:400,&quot;motion_fx_scale_direction&quot;:&quot;out-in&quot;,&quot;motion_fx_devices&quot;:[&quot;desktop&quot;,&quot;laptop&quot;,&quot;tablet&quot;,&quot;mobile&quot;]}\" data-widget_type=\"icon.default\">\n\t\t\t\t<div class=\"elementor-widget-container\">\n\t\t\t\t\t\t\t<div class=\"elementor-icon-wrapper\">\n\t\t\t<div class=\"elementor-icon\">\n\t\t\t<svg xmlns=\"http:\/\/www.w3.org\/2000\/svg\" width=\"120\" height=\"120\" viewBox=\"0 0 120 120\" fill=\"none\"><circle cx=\"60\" cy=\"60\" r=\"55\" fill=\"url(#paint0_linear_1_390)\" stroke=\"white\" stroke-width=\"10\"><\/circle><path d=\"M67.0195 80H55.2715V57.3242C55.2715 54.5703 55.3301 52.0508 55.4473 49.7656C54.7246 50.6445 53.8262 51.5625 52.752 52.5195L47.8887 56.5332L41.8828 49.1504L56.5898 37.168H67.0195V80Z\" fill=\"white\"><\/path><defs><linearGradient id=\"paint0_linear_1_390\" x1=\"10\" y1=\"44.6123\" x2=\"110.052\" y2=\"45.3168\" gradientUnits=\"userSpaceOnUse\"><stop stop-color=\"#3CDBC0\"><\/stop><stop offset=\"1\" stop-color=\"#4CDA96\"><\/stop><\/linearGradient><\/defs><\/svg>\t\t\t<\/div>\n\t\t<\/div>\n\t\t\t\t\t\t<\/div>\n\t\t\t\t<\/div>\n\t\t<div class=\"elementor-element elementor-element-9e8980b e-con-full e-flex e-con e-child\" data-id=\"9e8980b\" data-element_type=\"container\" data-e-type=\"container\">\n\t\t\t\t<div class=\"elementor-element elementor-element-22c1b8c elementor-widget elementor-widget-heading\" data-id=\"22c1b8c\" data-element_type=\"widget\" data-e-type=\"widget\" data-widget_type=\"heading.default\">\n\t\t\t\t<div class=\"elementor-widget-container\">\n\t\t\t\t\t<h4 class=\"elementor-heading-title elementor-size-default\">Descarga y busca<\/h4>\t\t\t\t<\/div>\n\t\t\t\t<\/div>\n\t\t\t\t<div data-dce-text-color=\"#181B31\" class=\"elementor-element elementor-element-1581855 elementor-widget elementor-widget-text-editor\" data-id=\"1581855\" data-element_type=\"widget\" data-e-type=\"widget\" data-widget_type=\"text-editor.default\">\n\t\t\t\t<div class=\"elementor-widget-container\">\n\t\t\t\t\t\t\t\t\t<p>Descarga la aplicaci\u00f3n y busca el Hoppy m\u00e1s cercano. \u00bfTienes miedo de que se lo lleve otro usuario? Tambi\u00e9n puedes reservar un Hoppy para asegurarte de que nadie m\u00e1s lo usa.<\/p>\n\t\t\t\t\t\t\t\t<\/div>\n\t\t\t\t<\/div>\n\t\t\t\t<\/div>\n\t\t\t\t<\/div>\n\t\t<div class=\"elementor-element elementor-element-0423d86 e-con-full animated-fast e-flex elementor-invisible e-con e-child\" data-id=\"0423d86\" data-element_type=\"container\" data-e-type=\"container\" data-settings=\"{&quot;animation&quot;:&quot;fadeInRight&quot;,&quot;animation_delay&quot;:200}\">\n\t\t\t\t<div class=\"elementor-element elementor-element-65a68ae elementor-widget__width-auto elementor-view-default elementor-widget elementor-widget-icon\" data-id=\"65a68ae\" data-element_type=\"widget\" data-e-type=\"widget\" data-settings=\"{&quot;motion_fx_motion_fx_scrolling&quot;:&quot;yes&quot;,&quot;motion_fx_scale_effect&quot;:&quot;yes&quot;,&quot;motion_fx_scale_speed&quot;:{&quot;unit&quot;:&quot;px&quot;,&quot;size&quot;:2,&quot;sizes&quot;:[]},&quot;motion_fx_scale_range&quot;:{&quot;unit&quot;:&quot;%&quot;,&quot;size&quot;:&quot;&quot;,&quot;sizes&quot;:{&quot;start&quot;:30,&quot;end&quot;:60}},&quot;_animation&quot;:&quot;none&quot;,&quot;_animation_delay&quot;:400,&quot;motion_fx_scale_direction&quot;:&quot;out-in&quot;,&quot;motion_fx_devices&quot;:[&quot;desktop&quot;,&quot;laptop&quot;,&quot;tablet&quot;,&quot;mobile&quot;]}\" data-widget_type=\"icon.default\">\n\t\t\t\t<div class=\"elementor-widget-container\">\n\t\t\t\t\t\t\t<div class=\"elementor-icon-wrapper\">\n\t\t\t<div class=\"elementor-icon\">\n\t\t\t<svg xmlns=\"http:\/\/www.w3.org\/2000\/svg\" width=\"120\" height=\"120\" viewBox=\"0 0 120 120\" fill=\"none\"><circle cx=\"60\" cy=\"60\" r=\"55\" fill=\"url(#paint0_linear_1_394)\" stroke=\"white\" stroke-width=\"10\"><\/circle><path d=\"M75.293 80H44.209V72.3828L54.668 61.8066C57.6562 58.6816 59.6094 56.5527 60.5273 55.4199C61.4453 54.2676 62.0801 53.2812 62.4316 52.4609C62.8027 51.6406 62.9883 50.7812 62.9883 49.8828C62.9883 48.7695 62.627 47.8906 61.9043 47.2461C61.1816 46.6016 60.166 46.2793 58.8574 46.2793C57.5098 46.2793 56.1426 46.6699 54.7559 47.4512C53.3887 48.2129 51.8359 49.3457 50.0977 50.8496L43.7402 43.4082C45.9473 41.4355 47.8027 40.0293 49.3066 39.1895C50.8105 38.3301 52.4414 37.6758 54.1992 37.2266C55.9766 36.7773 57.9688 36.5527 60.1758 36.5527C62.9492 36.5527 65.4199 37.041 67.5879 38.0176C69.7754 38.9941 71.4648 40.3906 72.6562 42.207C73.8672 44.0039 74.4727 46.0254 74.4727 48.2715C74.4727 49.9512 74.2578 51.5039 73.8281 52.9297C73.418 54.3555 72.7734 55.7617 71.8945 57.1484C71.0156 58.5156 69.8438 59.9609 68.3789 61.4844C66.9336 63.0078 63.8379 65.8984 59.0918 70.1562V70.4492H75.293V80Z\" fill=\"white\"><\/path><defs><linearGradient id=\"paint0_linear_1_394\" x1=\"10\" y1=\"44.6123\" x2=\"110.052\" y2=\"45.3168\" gradientUnits=\"userSpaceOnUse\"><stop stop-color=\"#3CDBC0\"><\/stop><stop offset=\"1\" stop-color=\"#4CDA96\"><\/stop><\/linearGradient><\/defs><\/svg>\t\t\t<\/div>\n\t\t<\/div>\n\t\t\t\t\t\t<\/div>\n\t\t\t\t<\/div>\n\t\t<div class=\"elementor-element elementor-element-efabc71 e-con-full e-flex e-con e-child\" data-id=\"efabc71\" data-element_type=\"container\" data-e-type=\"container\">\n\t\t\t\t<div class=\"elementor-element elementor-element-9a03f82 elementor-widget elementor-widget-heading\" data-id=\"9a03f82\" data-element_type=\"widget\" data-e-type=\"widget\" data-widget_type=\"heading.default\">\n\t\t\t\t<div class=\"elementor-widget-container\">\n\t\t\t\t\t<h4 class=\"elementor-heading-title elementor-size-default\">Escanear<\/h4>\t\t\t\t<\/div>\n\t\t\t\t<\/div>\n\t\t\t\t<div class=\"elementor-element elementor-element-18a8dcd elementor-widget elementor-widget-text-editor\" data-id=\"18a8dcd\" data-element_type=\"widget\" data-e-type=\"widget\" data-widget_type=\"text-editor.default\">\n\t\t\t\t<div class=\"elementor-widget-container\">\n\t\t\t\t\t\t\t\t\t<p>Escanea`con la app el c\u00f3digo QR que se encuentra en el manillar para comenzar su viaje.<\/p>\n\t\t\t\t\t\t\t\t<\/div>\n\t\t\t\t<\/div>\n\t\t\t\t<\/div>\n\t\t\t\t<\/div>\n\t\t<div class=\"elementor-element elementor-element-55ad7da e-con-full animated-fast e-flex elementor-invisible e-con e-child\" data-id=\"55ad7da\" data-element_type=\"container\" data-e-type=\"container\" data-settings=\"{&quot;animation&quot;:&quot;fadeInRight&quot;,&quot;animation_delay&quot;:400}\">\n\t\t\t\t<div class=\"elementor-element elementor-element-9b3791a elementor-widget__width-auto elementor-view-default elementor-widget elementor-widget-icon\" data-id=\"9b3791a\" data-element_type=\"widget\" data-e-type=\"widget\" data-settings=\"{&quot;motion_fx_motion_fx_scrolling&quot;:&quot;yes&quot;,&quot;motion_fx_scale_effect&quot;:&quot;yes&quot;,&quot;motion_fx_scale_speed&quot;:{&quot;unit&quot;:&quot;px&quot;,&quot;size&quot;:2,&quot;sizes&quot;:[]},&quot;motion_fx_scale_range&quot;:{&quot;unit&quot;:&quot;%&quot;,&quot;size&quot;:&quot;&quot;,&quot;sizes&quot;:{&quot;start&quot;:30,&quot;end&quot;:60}},&quot;_animation&quot;:&quot;none&quot;,&quot;_animation_delay&quot;:400,&quot;motion_fx_scale_direction&quot;:&quot;out-in&quot;,&quot;motion_fx_devices&quot;:[&quot;desktop&quot;,&quot;laptop&quot;,&quot;tablet&quot;,&quot;mobile&quot;]}\" data-widget_type=\"icon.default\">\n\t\t\t\t<div class=\"elementor-widget-container\">\n\t\t\t\t\t\t\t<div class=\"elementor-icon-wrapper\">\n\t\t\t<div class=\"elementor-icon\">\n\t\t\t<svg xmlns=\"http:\/\/www.w3.org\/2000\/svg\" width=\"120\" height=\"120\" viewBox=\"0 0 120 120\" fill=\"none\"><circle cx=\"60\" cy=\"60\" r=\"55\" fill=\"url(#paint0_linear_1_408)\" stroke=\"white\" stroke-width=\"10\"><\/circle><path d=\"M73.8574 46.4551C73.8574 49.1113 73.0469 51.3965 71.4258 53.3105C69.8047 55.2051 67.4609 56.582 64.3945 57.4414V57.6172C71.543 58.5156 75.1172 61.8945 75.1172 67.7539C75.1172 71.7383 73.5352 74.873 70.3711 77.1582C67.2266 79.4434 62.8516 80.5859 57.2461 80.5859C54.9414 80.5859 52.8027 80.4199 50.8301 80.0879C48.877 79.7559 46.7578 79.1504 44.4727 78.2715V68.6621C46.3477 69.6191 48.252 70.332 50.1855 70.8008C52.1387 71.25 53.9355 71.4746 55.5762 71.4746C58.1152 71.4746 59.9609 71.123 61.1133 70.4199C62.2852 69.6973 62.8711 68.5742 62.8711 67.0508C62.8711 65.8789 62.5684 64.9805 61.9629 64.3555C61.3574 63.7109 60.3809 63.2324 59.0332 62.9199C57.6855 62.5879 55.9277 62.4219 53.7598 62.4219H51.123V53.7207H53.8184C59.6973 53.7207 62.6367 52.2168 62.6367 49.209C62.6367 48.0762 62.1973 47.2363 61.3184 46.6895C60.459 46.1426 59.2969 45.8691 57.832 45.8691C55.0977 45.8691 52.2656 46.7871 49.3359 48.623L44.5312 40.8887C46.7969 39.3262 49.1113 38.2129 51.4746 37.5488C53.8574 36.8848 56.582 36.5527 59.6484 36.5527C64.082 36.5527 67.5586 37.4316 70.0781 39.1895C72.5977 40.9473 73.8574 43.3691 73.8574 46.4551Z\" fill=\"white\"><\/path><defs><linearGradient id=\"paint0_linear_1_408\" x1=\"10\" y1=\"44.6123\" x2=\"110.052\" y2=\"45.3168\" gradientUnits=\"userSpaceOnUse\"><stop stop-color=\"#3CDBC0\"><\/stop><stop offset=\"1\" stop-color=\"#4CDA96\"><\/stop><\/linearGradient><\/defs><\/svg>\t\t\t<\/div>\n\t\t<\/div>\n\t\t\t\t\t\t<\/div>\n\t\t\t\t<\/div>\n\t\t<div class=\"elementor-element elementor-element-7881ad6 e-con-full e-flex e-con e-child\" data-id=\"7881ad6\" data-element_type=\"container\" data-e-type=\"container\">\n\t\t\t\t<div class=\"elementor-element elementor-element-3845c9b elementor-widget elementor-widget-heading\" data-id=\"3845c9b\" data-element_type=\"widget\" data-e-type=\"widget\" data-widget_type=\"heading.default\">\n\t\t\t\t<div class=\"elementor-widget-container\">\n\t\t\t\t\t<h4 class=\"elementor-heading-title elementor-size-default\">Cuando uses un patinete<\/h4>\t\t\t\t<\/div>\n\t\t\t\t<\/div>\n\t\t\t\t<div class=\"elementor-element elementor-element-27b472c elementor-widget elementor-widget-text-editor\" data-id=\"27b472c\" data-element_type=\"widget\" data-e-type=\"widget\" data-widget_type=\"text-editor.default\">\n\t\t\t\t<div class=\"elementor-widget-container\">\n\t\t\t\t\t\t\t\t\t<p>Cuando uses un patinete, s\u00fabete a \u00e9l y emp\u00fajalo con el pie para que ruede unos pasos antes de usar el acelerador.<\/p>\n\t\t\t\t\t\t\t\t<\/div>\n\t\t\t\t<\/div>\n\t\t\t\t<\/div>\n\t\t\t\t<\/div>\n\t\t<div class=\"elementor-element elementor-element-14d8ea1 e-con-full animated-fast e-flex elementor-invisible e-con e-child\" data-id=\"14d8ea1\" data-element_type=\"container\" data-e-type=\"container\" data-settings=\"{&quot;animation&quot;:&quot;fadeInRight&quot;,&quot;animation_delay&quot;:600}\">\n\t\t\t\t<div class=\"elementor-element elementor-element-2cd02e3 elementor-widget__width-auto elementor-view-default elementor-widget elementor-widget-icon\" data-id=\"2cd02e3\" data-element_type=\"widget\" data-e-type=\"widget\" data-settings=\"{&quot;motion_fx_motion_fx_scrolling&quot;:&quot;yes&quot;,&quot;motion_fx_scale_effect&quot;:&quot;yes&quot;,&quot;motion_fx_scale_speed&quot;:{&quot;unit&quot;:&quot;px&quot;,&quot;size&quot;:2,&quot;sizes&quot;:[]},&quot;motion_fx_scale_range&quot;:{&quot;unit&quot;:&quot;%&quot;,&quot;size&quot;:&quot;&quot;,&quot;sizes&quot;:{&quot;start&quot;:30,&quot;end&quot;:60}},&quot;_animation&quot;:&quot;none&quot;,&quot;_animation_delay&quot;:400,&quot;motion_fx_scale_direction&quot;:&quot;out-in&quot;,&quot;motion_fx_devices&quot;:[&quot;desktop&quot;,&quot;laptop&quot;,&quot;tablet&quot;,&quot;mobile&quot;]}\" data-widget_type=\"icon.default\">\n\t\t\t\t<div class=\"elementor-widget-container\">\n\t\t\t\t\t\t\t<div class=\"elementor-icon-wrapper\">\n\t\t\t<div class=\"elementor-icon\">\n\t\t\t<svg xmlns=\"http:\/\/www.w3.org\/2000\/svg\" width=\"120\" height=\"120\" viewBox=\"0 0 120 120\" fill=\"none\"><circle cx=\"60\" cy=\"60\" r=\"55\" fill=\"url(#paint0_linear_1_415)\" stroke=\"white\" stroke-width=\"10\"><\/circle><path d=\"M76.6699 71.709H71.9531V80H60.5273V71.709H43.4473V63.2129L61.2598 37.168H71.9531V63.0664H76.6699V71.709ZM60.5273 63.0664V58.0859C60.5273 57.1484 60.5566 55.8887 60.6152 54.3066C60.6934 52.7051 60.752 51.8652 60.791 51.7871H60.4688C59.8047 53.291 59.0527 54.6973 58.2129 56.0059L53.4668 63.0664H60.5273Z\" fill=\"white\"><\/path><defs><linearGradient id=\"paint0_linear_1_415\" x1=\"10\" y1=\"44.6123\" x2=\"110.052\" y2=\"45.3168\" gradientUnits=\"userSpaceOnUse\"><stop stop-color=\"#3CDBC0\"><\/stop><stop offset=\"1\" stop-color=\"#4CDA96\"><\/stop><\/linearGradient><\/defs><\/svg>\t\t\t<\/div>\n\t\t<\/div>\n\t\t\t\t\t\t<\/div>\n\t\t\t\t<\/div>\n\t\t<div class=\"elementor-element elementor-element-e3d625b e-con-full e-flex e-con e-child\" data-id=\"e3d625b\" data-element_type=\"container\" data-e-type=\"container\">\n\t\t\t\t<div class=\"elementor-element elementor-element-8fa1368 elementor-widget elementor-widget-heading\" data-id=\"8fa1368\" data-element_type=\"widget\" data-e-type=\"widget\" data-widget_type=\"heading.default\">\n\t\t\t\t<div class=\"elementor-widget-container\">\n\t\t\t\t\t<h4 class=\"elementor-heading-title elementor-size-default\">Termina tu viaje<\/h4>\t\t\t\t<\/div>\n\t\t\t\t<\/div>\n\t\t\t\t<div class=\"elementor-element elementor-element-d3d66f7 elementor-widget elementor-widget-text-editor\" data-id=\"d3d66f7\" data-element_type=\"widget\" data-e-type=\"widget\" data-widget_type=\"text-editor.default\">\n\t\t\t\t<div class=\"elementor-widget-container\">\n\t\t\t\t\t\t\t\t\t<p>Puedes estacionar tu Hoppy en cjualquiera de los lugares designados y mostrados en la app. Una vez est\u00e9 correctamente aparcado, puedes finalizar tu viaje a trav\u00e9s de la app. As\u00ed todos, usuarios, peatones y ciudadanos en general, est\u00e1n contentos \ud83d\ude09<\/p>\n\t\t\t\t\t\t\t\t<\/div>\n\t\t\t\t<\/div>\n\t\t\t\t<\/div>\n\t\t\t\t<\/div>\n\t\t\t\t<\/div>\n\t\t\t\t<\/div>\n\t\t\t\t<\/div>\n\t\t","protected":false},"excerpt":{"rendered":"<p>C\u00f3mo funciona Hoppy Descarga y busca Descarga la aplicaci\u00f3n y busca el Hoppy m\u00e1s cercano. \u00bfTienes miedo de que se lo lleve otro usuario? Tambi\u00e9n puedes reservar un Hoppy para asegurarte de que nadie m\u00e1s lo usa. Escanear Escanea`con la app el c\u00f3digo QR que se encuentra en el manillar para comenzar su viaje. Cuando [&hellip;]<\/p>\n","protected":false},"author":1,"featured_media":0,"parent":0,"menu_order":13,"comment_status":"closed","ping_status":"closed","template":"","meta":{"_acf_changed":false,"nf_dc_page":"","inline_featured_image":false,"footnotes":""},"class_list":["post-3000","page","type-page","status-publish","hentry"],"acf":[],"yoast_head":"<!-- This site is optimized with the Yoast SEO plugin v27.6 - https:\/\/yoast.com\/product\/yoast-seo-wordpress\/ -->\n<title>Antes del viaje - Hoppy<\/title>\n<meta name=\"robots\" content=\"index, follow, max-snippet:-1, max-image-preview:large, max-video-preview:-1\" \/>\n<link rel=\"canonical\" href=\"https:\/\/behoppy.eu\/es\/antes-del-viaje\/\" \/>\n<meta property=\"og:locale\" content=\"es_ES\" \/>\n<meta property=\"og:type\" content=\"article\" \/>\n<meta property=\"og:title\" content=\"Antes del viaje - Hoppy\" \/>\n<meta property=\"og:description\" content=\"C\u00f3mo funciona Hoppy Descarga y busca Descarga la aplicaci\u00f3n y busca el Hoppy m\u00e1s cercano. \u00bfTienes miedo de que se lo lleve otro usuario? Tambi\u00e9n puedes reservar un Hoppy para asegurarte de que nadie m\u00e1s lo usa. Escanear Escanea`con la app el c\u00f3digo QR que se encuentra en el manillar para comenzar su viaje. Cuando [&hellip;]\" \/>\n<meta property=\"og:url\" content=\"https:\/\/behoppy.eu\/es\/antes-del-viaje\/\" \/>\n<meta property=\"og:site_name\" content=\"Hoppy\" \/>\n<meta property=\"article:modified_time\" content=\"2023-08-30T14:06:29+00:00\" \/>\n<meta property=\"og:image\" content=\"https:\/\/behoppy.eu\/wp-content\/uploads\/2022\/10\/Hoppy-test_113.jpg\" \/>\n<meta name=\"twitter:card\" content=\"summary_large_image\" \/>\n<meta name=\"twitter:label1\" content=\"Tiempo de lectura\" \/>\n\t<meta name=\"twitter:data1\" content=\"1 minuto\" \/>\n<script type=\"application\/ld+json\" class=\"yoast-schema-graph\">{\"@context\":\"https:\\\/\\\/schema.org\",\"@graph\":[{\"@type\":\"WebPage\",\"@id\":\"https:\\\/\\\/behoppy.eu\\\/es\\\/antes-del-viaje\\\/\",\"url\":\"https:\\\/\\\/behoppy.eu\\\/es\\\/antes-del-viaje\\\/\",\"name\":\"Antes del viaje - Hoppy\",\"isPartOf\":{\"@id\":\"https:\\\/\\\/behoppy.eu\\\/es\\\/#website\"},\"primaryImageOfPage\":{\"@id\":\"https:\\\/\\\/behoppy.eu\\\/es\\\/antes-del-viaje\\\/#primaryimage\"},\"image\":{\"@id\":\"https:\\\/\\\/behoppy.eu\\\/es\\\/antes-del-viaje\\\/#primaryimage\"},\"thumbnailUrl\":\"https:\\\/\\\/behoppy.eu\\\/wp-content\\\/uploads\\\/2022\\\/10\\\/Hoppy-test_113.jpg\",\"datePublished\":\"2023-02-27T15:16:34+00:00\",\"dateModified\":\"2023-08-30T14:06:29+00:00\",\"breadcrumb\":{\"@id\":\"https:\\\/\\\/behoppy.eu\\\/es\\\/antes-del-viaje\\\/#breadcrumb\"},\"inLanguage\":\"es\",\"potentialAction\":[{\"@type\":\"ReadAction\",\"target\":[\"https:\\\/\\\/behoppy.eu\\\/es\\\/antes-del-viaje\\\/\"]}]},{\"@type\":\"ImageObject\",\"inLanguage\":\"es\",\"@id\":\"https:\\\/\\\/behoppy.eu\\\/es\\\/antes-del-viaje\\\/#primaryimage\",\"url\":\"https:\\\/\\\/behoppy.eu\\\/wp-content\\\/uploads\\\/2022\\\/10\\\/Hoppy-test_113.jpg\",\"contentUrl\":\"https:\\\/\\\/behoppy.eu\\\/wp-content\\\/uploads\\\/2022\\\/10\\\/Hoppy-test_113.jpg\"},{\"@type\":\"BreadcrumbList\",\"@id\":\"https:\\\/\\\/behoppy.eu\\\/es\\\/antes-del-viaje\\\/#breadcrumb\",\"itemListElement\":[{\"@type\":\"ListItem\",\"position\":1,\"name\":\"Home\",\"item\":\"https:\\\/\\\/behoppy.eu\\\/es\\\/inicio\\\/\"},{\"@type\":\"ListItem\",\"position\":2,\"name\":\"Antes del viaje\"}]},{\"@type\":\"WebSite\",\"@id\":\"https:\\\/\\\/behoppy.eu\\\/es\\\/#website\",\"url\":\"https:\\\/\\\/behoppy.eu\\\/es\\\/\",\"name\":\"Hoppy\",\"description\":\"Don\u2019t worry, Be hoppy!\",\"publisher\":{\"@id\":\"https:\\\/\\\/behoppy.eu\\\/es\\\/#organization\"},\"potentialAction\":[{\"@type\":\"SearchAction\",\"target\":{\"@type\":\"EntryPoint\",\"urlTemplate\":\"https:\\\/\\\/behoppy.eu\\\/es\\\/?s={search_term_string}\"},\"query-input\":{\"@type\":\"PropertyValueSpecification\",\"valueRequired\":true,\"valueName\":\"search_term_string\"}}],\"inLanguage\":\"es\"},{\"@type\":\"Organization\",\"@id\":\"https:\\\/\\\/behoppy.eu\\\/es\\\/#organization\",\"name\":\"Hoppy\",\"url\":\"https:\\\/\\\/behoppy.eu\\\/es\\\/\",\"logo\":{\"@type\":\"ImageObject\",\"inLanguage\":\"es\",\"@id\":\"https:\\\/\\\/behoppy.eu\\\/es\\\/#\\\/schema\\\/logo\\\/image\\\/\",\"url\":\"https:\\\/\\\/behoppy.eu\\\/wp-content\\\/uploads\\\/2022\\\/10\\\/Hoppy_Logo_Full.svg\",\"contentUrl\":\"https:\\\/\\\/behoppy.eu\\\/wp-content\\\/uploads\\\/2022\\\/10\\\/Hoppy_Logo_Full.svg\",\"width\":509,\"height\":207,\"caption\":\"Hoppy\"},\"image\":{\"@id\":\"https:\\\/\\\/behoppy.eu\\\/es\\\/#\\\/schema\\\/logo\\\/image\\\/\"}}]}<\/script>\n<!-- \/ Yoast SEO plugin. -->","yoast_head_json":{"title":"Antes del viaje - Hoppy","robots":{"index":"index","follow":"follow","max-snippet":"max-snippet:-1","max-image-preview":"max-image-preview:large","max-video-preview":"max-video-preview:-1"},"canonical":"https:\/\/behoppy.eu\/es\/antes-del-viaje\/","og_locale":"es_ES","og_type":"article","og_title":"Antes del viaje - Hoppy","og_description":"C\u00f3mo funciona Hoppy Descarga y busca Descarga la aplicaci\u00f3n y busca el Hoppy m\u00e1s cercano. \u00bfTienes miedo de que se lo lleve otro usuario? Tambi\u00e9n puedes reservar un Hoppy para asegurarte de que nadie m\u00e1s lo usa. Escanear Escanea`con la app el c\u00f3digo QR que se encuentra en el manillar para comenzar su viaje. Cuando [&hellip;]","og_url":"https:\/\/behoppy.eu\/es\/antes-del-viaje\/","og_site_name":"Hoppy","article_modified_time":"2023-08-30T14:06:29+00:00","og_image":[{"url":"https:\/\/behoppy.eu\/wp-content\/uploads\/2022\/10\/Hoppy-test_113.jpg","type":"","width":"","height":""}],"twitter_card":"summary_large_image","twitter_misc":{"Tiempo de lectura":"1 minuto"},"schema":{"@context":"https:\/\/schema.org","@graph":[{"@type":"WebPage","@id":"https:\/\/behoppy.eu\/es\/antes-del-viaje\/","url":"https:\/\/behoppy.eu\/es\/antes-del-viaje\/","name":"Antes del viaje - Hoppy","isPartOf":{"@id":"https:\/\/behoppy.eu\/es\/#website"},"primaryImageOfPage":{"@id":"https:\/\/behoppy.eu\/es\/antes-del-viaje\/#primaryimage"},"image":{"@id":"https:\/\/behoppy.eu\/es\/antes-del-viaje\/#primaryimage"},"thumbnailUrl":"https:\/\/behoppy.eu\/wp-content\/uploads\/2022\/10\/Hoppy-test_113.jpg","datePublished":"2023-02-27T15:16:34+00:00","dateModified":"2023-08-30T14:06:29+00:00","breadcrumb":{"@id":"https:\/\/behoppy.eu\/es\/antes-del-viaje\/#breadcrumb"},"inLanguage":"es","potentialAction":[{"@type":"ReadAction","target":["https:\/\/behoppy.eu\/es\/antes-del-viaje\/"]}]},{"@type":"ImageObject","inLanguage":"es","@id":"https:\/\/behoppy.eu\/es\/antes-del-viaje\/#primaryimage","url":"https:\/\/behoppy.eu\/wp-content\/uploads\/2022\/10\/Hoppy-test_113.jpg","contentUrl":"https:\/\/behoppy.eu\/wp-content\/uploads\/2022\/10\/Hoppy-test_113.jpg"},{"@type":"BreadcrumbList","@id":"https:\/\/behoppy.eu\/es\/antes-del-viaje\/#breadcrumb","itemListElement":[{"@type":"ListItem","position":1,"name":"Home","item":"https:\/\/behoppy.eu\/es\/inicio\/"},{"@type":"ListItem","position":2,"name":"Antes del viaje"}]},{"@type":"WebSite","@id":"https:\/\/behoppy.eu\/es\/#website","url":"https:\/\/behoppy.eu\/es\/","name":"Hoppy","description":"Don\u2019t worry, Be hoppy!","publisher":{"@id":"https:\/\/behoppy.eu\/es\/#organization"},"potentialAction":[{"@type":"SearchAction","target":{"@type":"EntryPoint","urlTemplate":"https:\/\/behoppy.eu\/es\/?s={search_term_string}"},"query-input":{"@type":"PropertyValueSpecification","valueRequired":true,"valueName":"search_term_string"}}],"inLanguage":"es"},{"@type":"Organization","@id":"https:\/\/behoppy.eu\/es\/#organization","name":"Hoppy","url":"https:\/\/behoppy.eu\/es\/","logo":{"@type":"ImageObject","inLanguage":"es","@id":"https:\/\/behoppy.eu\/es\/#\/schema\/logo\/image\/","url":"https:\/\/behoppy.eu\/wp-content\/uploads\/2022\/10\/Hoppy_Logo_Full.svg","contentUrl":"https:\/\/behoppy.eu\/wp-content\/uploads\/2022\/10\/Hoppy_Logo_Full.svg","width":509,"height":207,"caption":"Hoppy"},"image":{"@id":"https:\/\/behoppy.eu\/es\/#\/schema\/logo\/image\/"}}]}},"jetpack_sharing_enabled":true,"_links":{"self":[{"href":"https:\/\/behoppy.eu\/es\/wp-json\/wp\/v2\/pages\/3000","targetHints":{"allow":["GET"]}}],"collection":[{"href":"https:\/\/behoppy.eu\/es\/wp-json\/wp\/v2\/pages"}],"about":[{"href":"https:\/\/behoppy.eu\/es\/wp-json\/wp\/v2\/types\/page"}],"author":[{"embeddable":true,"href":"https:\/\/behoppy.eu\/es\/wp-json\/wp\/v2\/users\/1"}],"replies":[{"embeddable":true,"href":"https:\/\/behoppy.eu\/es\/wp-json\/wp\/v2\/comments?post=3000"}],"version-history":[{"count":0,"href":"https:\/\/behoppy.eu\/es\/wp-json\/wp\/v2\/pages\/3000\/revisions"}],"wp:attachment":[{"href":"https:\/\/behoppy.eu\/es\/wp-json\/wp\/v2\/media?parent=3000"}],"curies":[{"name":"wp","href":"https:\/\/api.w.org\/{rel}","templated":true}]}}