{"id":2983,"date":"2022-11-16T14:09:00","date_gmt":"2022-11-16T13:09:00","guid":{"rendered":"https:\/\/behoppy.eu\/politica-de-cookies\/"},"modified":"2023-05-31T11:02:58","modified_gmt":"2023-05-31T09:02:58","slug":"politica-de-cookies","status":"publish","type":"page","link":"https:\/\/behoppy.eu\/es\/politica-de-cookies\/","title":{"rendered":"Pol\u00edtica de cookies"},"content":{"rendered":"<h3>Uso de cookies<\/h3>\n<p>Behoppy.be hace uso de cookies. Una cookie es un peque\u00f1o archivo simple enviado con p\u00e1ginas de este sitio web y\/o aplicaciones Flash y almacenado por su navegador en el disco duro de su computadora, tel\u00e9fono m\u00f3vil, reloj inteligente o tableta. La informaci\u00f3n almacenada all\u00ed se puede enviar de vuelta a nuestros servidores en su pr\u00f3xima visita.<\/p>\n<p>El uso de cookies es muy importante para el correcto funcionamiento de nuestro sitio web, pero tambi\u00e9n son muy importantes las cookies cuyo efecto no ve inmediatamente. Gracias a las aportaciones (an\u00f3nimas) de los visitantes, podemos mejorar el uso del sitio web y hacerlo m\u00e1s f\u00e1cil de usar.<\/p>\n<h3>Consentimiento para el uso de cookies<\/h3>\n<p>Se requiere su consentimiento para el uso de ciertas cookies. Hacemos esto por medio de un llamado banner de cookies.<\/p>\n<h3>Tipos de cookies y sus finalidades<\/h3>\n<p>Utilizamos los siguientes tipos de cookies:<\/p>\n<ul>\n<li><strong>Cookies funcionales:<\/strong> permiten que el sitio web funcione mejor y sea m\u00e1s f\u00e1cil de usar para el visitante. Por ejemplo: guardamos sus datos de inicio de sesi\u00f3n o lo que ha puesto en su cesta de la compra.<\/li>\n<li><strong>Cookies anal\u00edticas an\u00f3nimas:<\/strong> se encargan de que cada vez que visites un sitio web se genere una cookie an\u00f3nima. Estas cookies saben si ha visitado el sitio antes o no. Solo la primera vez que visita el sitio se genera una cookie, las visitas posteriores utilizar\u00e1n la cookie existente. Esta cookie se utiliza \u00fanicamente con fines estad\u00edsticos. Se puede utilizar para recopilar los siguientes datos:\n<ul>\n<li>El n\u00famero de visitantes \u00fanicos.<\/li>\n<li>Con qu\u00e9 frecuencia los usuarios visitan el sitio<\/li>\n<li>Qu\u00e9 p\u00e1ginas ven los usuarios<\/li>\n<li>Cu\u00e1nto tiempo los usuarios ven una p\u00e1gina en particular<\/li>\n<li>En qu\u00e9 p\u00e1gina los visitantes abandonan el sitio<\/li>\n<\/ul>\n<\/li>\n<li><strong>Cookies anal\u00edticas:<\/strong> se encargan de que cada vez que visitas un sitio web se genere una cookie. Estas cookies saben si ha visitado el sitio antes o no. Solo la primera vez que visita el sitio se genera una cookie, la pr\u00f3xima vez que visita el sitio se utiliza una cookie que ya existe. Esta cookie solo se utiliza con fines estad\u00edsticos. Se puede utilizar para recopilar los siguientes datos:\n<ul>\n<li>Qu\u00e9 p\u00e1ginas has visto<\/li>\n<li>Cu\u00e1nto tiempo permaneci\u00f3 en una determinada p\u00e1gina<\/li>\n<li>En qu\u00e9 p\u00e1gina abandon\u00f3 el sitio<\/li>\n<\/ul>\n<\/li>\n<\/ul>\n<h3>Sus derechos con respecto a sus datos<\/h3>\n<p>Tiene derecho a acceder, rectificar, restringir y suprimir los datos personales. Tambi\u00e9n tiene derecho a oponerse al procesamiento de datos personales y el derecho a la portabilidad de datos. uede ejercer estos derechos enviando un correo electr\u00f3nico a <strong><a href=\"mailto:support@behoppy.eu\">support@behoppy.eu<\/a><\/strong>. Para evitar el abuso, podemos pedirle que se identifique adecuadamente. Cuando se trata de acceder a datos personales vinculados a una cookie, le pedimos que env\u00ede una copia de la cookie en cuesti\u00f3n. Puede encontrar esto en la configuraci\u00f3n de su navegador.<\/p>\n<h3>Bloqueo y eliminaci\u00f3n de cookies<\/h3>\n<p>Usted mismo puede bloquear y eliminar las cookies f\u00e1cilmente en cualquier momento a trav\u00e9s de su navegador de Internet. Tambi\u00e9n puede configurar su navegador de Internet de tal manera que reciba un mensaje cuando se coloque una cookie. Tambi\u00e9n puede indicar que no se deben colocar ciertas cookies. Para esta opci\u00f3n, consulte la funci\u00f3n de ayuda de su navegador. Eliminar las cookies en su navegador puede tener consecuencias para el uso agradable de este sitio web.<\/p>\n<p>Algunas cookies de seguimiento son colocadas por terceros que, entre otras cosas, le muestran anuncios en nuestro sitio web. Puede eliminar estas cookies de forma centralizada a trav\u00e9s de <strong><a href=\"https:\/\/youronlinechoices.com\/\">https:\/\/youronlinechoices.com\/<\/a><\/strong><\/p>\n<p>Tenga en cuenta que si no desea cookies, no podemos garantizar que nuestro sitio web funcione correctamente. Es posible que se pierdan algunas funciones o que no pueda visitar el sitio web en absoluto. Adem\u00e1s, rechazar las cookies no significa que no ver\u00e1 ning\u00fan anuncio. Los anuncios simplemente no se adaptar\u00e1n a sus intereses y, por lo tanto, es posible que se repitan con m\u00e1s frecuencia.<\/p>\n<p>La forma en que puede ajustar su configuraci\u00f3n difiere seg\u00fan el navegador. Consulte la funci\u00f3n de ayuda de su navegador si es necesario.<\/p>\n<h3>Novedades y cookies imprevistas<\/h3>\n<p>Los textos de nuestro sitio web pueden cambiar en cualquier momento debido a los desarrollos en curso. Esto tambi\u00e9n se aplica a nuestra declaraci\u00f3n de cookies. Por lo tanto, lea esta declaraci\u00f3n regularmente para mantenerse informado de cualquier cambio.<\/p>\n<p>En los art\u00edculos del blog se puede hacer uso de contenido alojado en otros sitios y accesible en behoppy.be mediante determinadas cookies (contenido incrustado). Piense, por ejemplo, en los videos de YouTube. Estos c\u00f3digos a menudo hacen uso de cookies. No tenemos control sobre lo que estos terceros hacen con sus cookies.<\/p>\n<p>Tambi\u00e9n es posible que terceros coloquen cookies a trav\u00e9s de nuestro sitio web, de lo que no siempre somos conscientes. \u00bfHa encontrado cookies imprevistas en nuestro sitio web que no puede encontrar en nuestro resumen? H\u00e1ganos saber a trav\u00e9s de <strong><a href=\"mailto:support@behoppy.eu\">support@behoppy.eu<\/a><\/strong>. Tambi\u00e9n puede ponerse en contacto directamente con el tercero y preguntarle qu\u00e9 cookies est\u00e1 colocando, el motivo, la vida \u00fatil de la cookie y c\u00f3mo han garantizado su privacidad.<\/p>\n<h3>Comentario final<\/h3>\n<p>Es posible que debamos actualizar esta declaraci\u00f3n de vez en cuando, por ejemplo, cuando actualicemos nuestro sitio web o cambiemos las reglas sobre las cookies. Puede consultar esta p\u00e1gina web para obtener la \u00faltima versi\u00f3n.<\/p>\n<p>Si tiene alguna pregunta o comentario, p\u00f3ngase en contacto con <strong><a href=\"mailto:support@behoppy.eu\">support@behoppy.eu<\/a><\/strong>.<\/p>\n<p>08 abril 2021<\/p>\n","protected":false},"excerpt":{"rendered":"<p>Uso de cookies Behoppy.be hace uso de cookies. Una cookie es un peque\u00f1o archivo simple enviado con p\u00e1ginas de este sitio web y\/o aplicaciones Flash y almacenado por su navegador en el disco duro de su computadora, tel\u00e9fono m\u00f3vil, reloj inteligente o tableta. La informaci\u00f3n almacenada all\u00ed se puede enviar de vuelta a nuestros servidores [&hellip;]<\/p>\n","protected":false},"author":1,"featured_media":0,"parent":0,"menu_order":7,"comment_status":"closed","ping_status":"closed","template":"","meta":{"_acf_changed":false,"nf_dc_page":"","inline_featured_image":false,"footnotes":""},"class_list":["post-2983","page","type-page","status-publish","hentry"],"acf":[],"yoast_head":"<!-- This site is optimized with the Yoast SEO plugin v27.4 - https:\/\/yoast.com\/product\/yoast-seo-wordpress\/ -->\n<title>Pol\u00edtica de cookies - Hoppy<\/title>\n<meta name=\"robots\" content=\"index, follow, max-snippet:-1, max-image-preview:large, max-video-preview:-1\" \/>\n<link rel=\"canonical\" href=\"https:\/\/behoppy.eu\/es\/politica-de-cookies\/\" \/>\n<meta property=\"og:locale\" content=\"es_ES\" \/>\n<meta property=\"og:type\" content=\"article\" \/>\n<meta property=\"og:title\" content=\"Pol\u00edtica de cookies - Hoppy\" \/>\n<meta property=\"og:description\" content=\"Uso de cookies Behoppy.be hace uso de cookies. Una cookie es un peque\u00f1o archivo simple enviado con p\u00e1ginas de este sitio web y\/o aplicaciones Flash y almacenado por su navegador en el disco duro de su computadora, tel\u00e9fono m\u00f3vil, reloj inteligente o tableta. La informaci\u00f3n almacenada all\u00ed se puede enviar de vuelta a nuestros servidores [&hellip;]\" \/>\n<meta property=\"og:url\" content=\"https:\/\/behoppy.eu\/es\/politica-de-cookies\/\" \/>\n<meta property=\"og:site_name\" content=\"Hoppy\" \/>\n<meta property=\"article:modified_time\" content=\"2023-05-31T09:02:58+00:00\" \/>\n<meta name=\"twitter:card\" content=\"summary_large_image\" \/>\n<meta name=\"twitter:label1\" content=\"Tiempo de lectura\" \/>\n\t<meta name=\"twitter:data1\" content=\"5 minutos\" \/>\n<script type=\"application\/ld+json\" class=\"yoast-schema-graph\">{\"@context\":\"https:\\\/\\\/schema.org\",\"@graph\":[{\"@type\":\"WebPage\",\"@id\":\"https:\\\/\\\/behoppy.eu\\\/es\\\/politica-de-cookies\\\/\",\"url\":\"https:\\\/\\\/behoppy.eu\\\/es\\\/politica-de-cookies\\\/\",\"name\":\"Pol\u00edtica de cookies - Hoppy\",\"isPartOf\":{\"@id\":\"https:\\\/\\\/behoppy.eu\\\/es\\\/#website\"},\"datePublished\":\"2022-11-16T13:09:00+00:00\",\"dateModified\":\"2023-05-31T09:02:58+00:00\",\"breadcrumb\":{\"@id\":\"https:\\\/\\\/behoppy.eu\\\/es\\\/politica-de-cookies\\\/#breadcrumb\"},\"inLanguage\":\"es\",\"potentialAction\":[{\"@type\":\"ReadAction\",\"target\":[\"https:\\\/\\\/behoppy.eu\\\/es\\\/politica-de-cookies\\\/\"]}]},{\"@type\":\"BreadcrumbList\",\"@id\":\"https:\\\/\\\/behoppy.eu\\\/es\\\/politica-de-cookies\\\/#breadcrumb\",\"itemListElement\":[{\"@type\":\"ListItem\",\"position\":1,\"name\":\"Home\",\"item\":\"https:\\\/\\\/behoppy.eu\\\/es\\\/inicio\\\/\"},{\"@type\":\"ListItem\",\"position\":2,\"name\":\"Pol\u00edtica de cookies\"}]},{\"@type\":\"WebSite\",\"@id\":\"https:\\\/\\\/behoppy.eu\\\/es\\\/#website\",\"url\":\"https:\\\/\\\/behoppy.eu\\\/es\\\/\",\"name\":\"Hoppy\",\"description\":\"Don\u2019t worry, Be hoppy!\",\"publisher\":{\"@id\":\"https:\\\/\\\/behoppy.eu\\\/es\\\/#organization\"},\"potentialAction\":[{\"@type\":\"SearchAction\",\"target\":{\"@type\":\"EntryPoint\",\"urlTemplate\":\"https:\\\/\\\/behoppy.eu\\\/es\\\/?s={search_term_string}\"},\"query-input\":{\"@type\":\"PropertyValueSpecification\",\"valueRequired\":true,\"valueName\":\"search_term_string\"}}],\"inLanguage\":\"es\"},{\"@type\":\"Organization\",\"@id\":\"https:\\\/\\\/behoppy.eu\\\/es\\\/#organization\",\"name\":\"Hoppy\",\"url\":\"https:\\\/\\\/behoppy.eu\\\/es\\\/\",\"logo\":{\"@type\":\"ImageObject\",\"inLanguage\":\"es\",\"@id\":\"https:\\\/\\\/behoppy.eu\\\/es\\\/#\\\/schema\\\/logo\\\/image\\\/\",\"url\":\"https:\\\/\\\/behoppy.eu\\\/wp-content\\\/uploads\\\/2022\\\/10\\\/Hoppy_Logo_Full.svg\",\"contentUrl\":\"https:\\\/\\\/behoppy.eu\\\/wp-content\\\/uploads\\\/2022\\\/10\\\/Hoppy_Logo_Full.svg\",\"width\":509,\"height\":207,\"caption\":\"Hoppy\"},\"image\":{\"@id\":\"https:\\\/\\\/behoppy.eu\\\/es\\\/#\\\/schema\\\/logo\\\/image\\\/\"}}]}<\/script>\n<!-- \/ Yoast SEO plugin. -->","yoast_head_json":{"title":"Pol\u00edtica de cookies - Hoppy","robots":{"index":"index","follow":"follow","max-snippet":"max-snippet:-1","max-image-preview":"max-image-preview:large","max-video-preview":"max-video-preview:-1"},"canonical":"https:\/\/behoppy.eu\/es\/politica-de-cookies\/","og_locale":"es_ES","og_type":"article","og_title":"Pol\u00edtica de cookies - Hoppy","og_description":"Uso de cookies Behoppy.be hace uso de cookies. Una cookie es un peque\u00f1o archivo simple enviado con p\u00e1ginas de este sitio web y\/o aplicaciones Flash y almacenado por su navegador en el disco duro de su computadora, tel\u00e9fono m\u00f3vil, reloj inteligente o tableta. La informaci\u00f3n almacenada all\u00ed se puede enviar de vuelta a nuestros servidores [&hellip;]","og_url":"https:\/\/behoppy.eu\/es\/politica-de-cookies\/","og_site_name":"Hoppy","article_modified_time":"2023-05-31T09:02:58+00:00","twitter_card":"summary_large_image","twitter_misc":{"Tiempo de lectura":"5 minutos"},"schema":{"@context":"https:\/\/schema.org","@graph":[{"@type":"WebPage","@id":"https:\/\/behoppy.eu\/es\/politica-de-cookies\/","url":"https:\/\/behoppy.eu\/es\/politica-de-cookies\/","name":"Pol\u00edtica de cookies - Hoppy","isPartOf":{"@id":"https:\/\/behoppy.eu\/es\/#website"},"datePublished":"2022-11-16T13:09:00+00:00","dateModified":"2023-05-31T09:02:58+00:00","breadcrumb":{"@id":"https:\/\/behoppy.eu\/es\/politica-de-cookies\/#breadcrumb"},"inLanguage":"es","potentialAction":[{"@type":"ReadAction","target":["https:\/\/behoppy.eu\/es\/politica-de-cookies\/"]}]},{"@type":"BreadcrumbList","@id":"https:\/\/behoppy.eu\/es\/politica-de-cookies\/#breadcrumb","itemListElement":[{"@type":"ListItem","position":1,"name":"Home","item":"https:\/\/behoppy.eu\/es\/inicio\/"},{"@type":"ListItem","position":2,"name":"Pol\u00edtica de cookies"}]},{"@type":"WebSite","@id":"https:\/\/behoppy.eu\/es\/#website","url":"https:\/\/behoppy.eu\/es\/","name":"Hoppy","description":"Don\u2019t worry, Be hoppy!","publisher":{"@id":"https:\/\/behoppy.eu\/es\/#organization"},"potentialAction":[{"@type":"SearchAction","target":{"@type":"EntryPoint","urlTemplate":"https:\/\/behoppy.eu\/es\/?s={search_term_string}"},"query-input":{"@type":"PropertyValueSpecification","valueRequired":true,"valueName":"search_term_string"}}],"inLanguage":"es"},{"@type":"Organization","@id":"https:\/\/behoppy.eu\/es\/#organization","name":"Hoppy","url":"https:\/\/behoppy.eu\/es\/","logo":{"@type":"ImageObject","inLanguage":"es","@id":"https:\/\/behoppy.eu\/es\/#\/schema\/logo\/image\/","url":"https:\/\/behoppy.eu\/wp-content\/uploads\/2022\/10\/Hoppy_Logo_Full.svg","contentUrl":"https:\/\/behoppy.eu\/wp-content\/uploads\/2022\/10\/Hoppy_Logo_Full.svg","width":509,"height":207,"caption":"Hoppy"},"image":{"@id":"https:\/\/behoppy.eu\/es\/#\/schema\/logo\/image\/"}}]}},"jetpack_sharing_enabled":true,"_links":{"self":[{"href":"https:\/\/behoppy.eu\/es\/wp-json\/wp\/v2\/pages\/2983","targetHints":{"allow":["GET"]}}],"collection":[{"href":"https:\/\/behoppy.eu\/es\/wp-json\/wp\/v2\/pages"}],"about":[{"href":"https:\/\/behoppy.eu\/es\/wp-json\/wp\/v2\/types\/page"}],"author":[{"embeddable":true,"href":"https:\/\/behoppy.eu\/es\/wp-json\/wp\/v2\/users\/1"}],"replies":[{"embeddable":true,"href":"https:\/\/behoppy.eu\/es\/wp-json\/wp\/v2\/comments?post=2983"}],"version-history":[{"count":0,"href":"https:\/\/behoppy.eu\/es\/wp-json\/wp\/v2\/pages\/2983\/revisions"}],"wp:attachment":[{"href":"https:\/\/behoppy.eu\/es\/wp-json\/wp\/v2\/media?parent=2983"}],"curies":[{"name":"wp","href":"https:\/\/api.w.org\/{rel}","templated":true}]}}