{"id":2980,"date":"2022-11-16T12:04:35","date_gmt":"2022-11-16T11:04:35","guid":{"rendered":"https:\/\/behoppy.eu\/descargo-de-responsabilidad\/"},"modified":"2022-11-16T12:04:35","modified_gmt":"2022-11-16T11:04:35","slug":"descargo-de-responsabilidad","status":"publish","type":"page","link":"https:\/\/behoppy.eu\/es\/descargo-de-responsabilidad\/","title":{"rendered":"Descargo de responsabilidad"},"content":{"rendered":"<p>Las siguientes condiciones de uso se aplican al uso de este sitio web (www.behoppy.be). Al utilizar este sitio web, se considera que ha tomado nota y acepta las condiciones de uso.<span class=\"Apple-converted-space\"> <\/span><\/p>\n<h3>Uso de la informaci\u00f3n<span class=\"Apple-converted-space\"> <\/span><\/h3>\n<p>Hoppylectrico se esfuerza por proporcionar informaci\u00f3n precisa y actualizada en este sitio web. Aunque esta informaci\u00f3n se compila con el mayor cuidado posible, Hoppylectrico no garantiza la integridad, precisi\u00f3n o actualidad de la informaci\u00f3n. La informaci\u00f3n legal del sitio web es de car\u00e1cter general y no puede ser considerada como un sustituto del asesoramiento legal.<span class=\"Apple-converted-space\"> <\/span><\/p>\n<p>No se pueden derivar derechos de la informaci\u00f3n. Hoppylectrico no se hace responsable de los da\u00f1os resultantes del uso de la informaci\u00f3n o del sitio web o del mal funcionamiento del sitio web. Sobre la base del env\u00edo y recepci\u00f3n de informaci\u00f3n a trav\u00e9s del sitio web o por correo electr\u00f3nico, no se puede establecer de forma autom\u00e1tica ninguna relaci\u00f3n entre Hoppsharing y el usuario del sitio web.<span class=\"Apple-converted-space\"> <\/span><\/p>\n<h3>Correo electr\u00f3nico<span class=\"Apple-converted-space\"> <\/span><\/h3>\n<p>Hoppylectrico no garantiza que los correos electr\u00f3nicos que se le env\u00eden ser\u00e1n recibidos o procesados (a tiempo), ya que no se puede garantizar la recepci\u00f3n oportuna de los correos electr\u00f3nicos. Adem\u00e1s, la seguridad del tr\u00e1fico de correo electr\u00f3nico no se puede garantizar debido a los riesgos de seguridad involucrados. Al mantener correspondencia con HopSharing por correo electr\u00f3nico sin encriptaci\u00f3n ni protecci\u00f3n con contrase\u00f1a, usted acepta este riesgo.<span class=\"Apple-converted-space\"> <\/span><\/p>\n<h3>Hiperv\u00ednculos<span class=\"Apple-converted-space\"> <\/span><\/h3>\n<p>Este sitio web puede contener hiperv\u00ednculos a sitios web de terceros. Hoppylectrico no tiene influencia en los sitios web de terceros y no es responsable de la disponibilidad o el contenido de los mismos. Por lo tanto, Hoppylectrico no acepta ninguna responsabilidad por los da\u00f1os resultantes del uso de sitios web de terceros.<span class=\"Apple-converted-space\"> <\/span><\/p>\n<h3>Derechos de propiedad intelectual<span class=\"Apple-converted-space\"> <\/span><\/h3>\n<p>Todas las publicaciones y expresiones de Hoppsharing est\u00e1n protegidas por derechos de autor y otros derechos de propiedad intelectual. Excepto para uso personal y no comercial, ninguna parte de estas publicaciones y expresiones puede reproducirse, copiarse o publicarse de ninguna manera, sin el permiso previo por escrito de Hoppsharing.<span class=\"Apple-converted-space\"> <\/span><\/p>\n","protected":false},"excerpt":{"rendered":"<p>Las siguientes condiciones de uso se aplican al uso de este sitio web (www.behoppy.be). Al utilizar este sitio web, se considera que ha tomado nota y acepta las condiciones de uso. Uso de la informaci\u00f3n Hoppylectrico se esfuerza por proporcionar informaci\u00f3n precisa y actualizada en este sitio web. Aunque esta informaci\u00f3n se compila con el [&hellip;]<\/p>\n","protected":false},"author":1,"featured_media":0,"parent":0,"menu_order":9,"comment_status":"closed","ping_status":"closed","template":"","meta":{"_acf_changed":false,"nf_dc_page":"","inline_featured_image":false,"footnotes":""},"class_list":["post-2980","page","type-page","status-publish","hentry"],"acf":[],"yoast_head":"<!-- This site is optimized with the Yoast SEO plugin v27.4 - https:\/\/yoast.com\/product\/yoast-seo-wordpress\/ -->\n<title>Descargo de responsabilidad - Hoppy<\/title>\n<meta name=\"robots\" content=\"index, follow, max-snippet:-1, max-image-preview:large, max-video-preview:-1\" \/>\n<link rel=\"canonical\" href=\"https:\/\/behoppy.eu\/es\/descargo-de-responsabilidad\/\" \/>\n<meta property=\"og:locale\" content=\"es_ES\" \/>\n<meta property=\"og:type\" content=\"article\" \/>\n<meta property=\"og:title\" content=\"Descargo de responsabilidad - Hoppy\" \/>\n<meta property=\"og:description\" content=\"Las siguientes condiciones de uso se aplican al uso de este sitio web (www.behoppy.be). Al utilizar este sitio web, se considera que ha tomado nota y acepta las condiciones de uso. Uso de la informaci\u00f3n Hoppylectrico se esfuerza por proporcionar informaci\u00f3n precisa y actualizada en este sitio web. Aunque esta informaci\u00f3n se compila con el [&hellip;]\" \/>\n<meta property=\"og:url\" content=\"https:\/\/behoppy.eu\/es\/descargo-de-responsabilidad\/\" \/>\n<meta property=\"og:site_name\" content=\"Hoppy\" \/>\n<meta name=\"twitter:card\" content=\"summary_large_image\" \/>\n<meta name=\"twitter:label1\" content=\"Tiempo de lectura\" \/>\n\t<meta name=\"twitter:data1\" content=\"2 minutos\" \/>\n<script type=\"application\/ld+json\" class=\"yoast-schema-graph\">{\"@context\":\"https:\\\/\\\/schema.org\",\"@graph\":[{\"@type\":\"WebPage\",\"@id\":\"https:\\\/\\\/behoppy.eu\\\/es\\\/descargo-de-responsabilidad\\\/\",\"url\":\"https:\\\/\\\/behoppy.eu\\\/es\\\/descargo-de-responsabilidad\\\/\",\"name\":\"Descargo de responsabilidad - Hoppy\",\"isPartOf\":{\"@id\":\"https:\\\/\\\/behoppy.eu\\\/es\\\/#website\"},\"datePublished\":\"2022-11-16T11:04:35+00:00\",\"breadcrumb\":{\"@id\":\"https:\\\/\\\/behoppy.eu\\\/es\\\/descargo-de-responsabilidad\\\/#breadcrumb\"},\"inLanguage\":\"es\",\"potentialAction\":[{\"@type\":\"ReadAction\",\"target\":[\"https:\\\/\\\/behoppy.eu\\\/es\\\/descargo-de-responsabilidad\\\/\"]}]},{\"@type\":\"BreadcrumbList\",\"@id\":\"https:\\\/\\\/behoppy.eu\\\/es\\\/descargo-de-responsabilidad\\\/#breadcrumb\",\"itemListElement\":[{\"@type\":\"ListItem\",\"position\":1,\"name\":\"Home\",\"item\":\"https:\\\/\\\/behoppy.eu\\\/es\\\/inicio\\\/\"},{\"@type\":\"ListItem\",\"position\":2,\"name\":\"Descargo de responsabilidad\"}]},{\"@type\":\"WebSite\",\"@id\":\"https:\\\/\\\/behoppy.eu\\\/es\\\/#website\",\"url\":\"https:\\\/\\\/behoppy.eu\\\/es\\\/\",\"name\":\"Hoppy\",\"description\":\"Don\u2019t worry, Be hoppy!\",\"publisher\":{\"@id\":\"https:\\\/\\\/behoppy.eu\\\/es\\\/#organization\"},\"potentialAction\":[{\"@type\":\"SearchAction\",\"target\":{\"@type\":\"EntryPoint\",\"urlTemplate\":\"https:\\\/\\\/behoppy.eu\\\/es\\\/?s={search_term_string}\"},\"query-input\":{\"@type\":\"PropertyValueSpecification\",\"valueRequired\":true,\"valueName\":\"search_term_string\"}}],\"inLanguage\":\"es\"},{\"@type\":\"Organization\",\"@id\":\"https:\\\/\\\/behoppy.eu\\\/es\\\/#organization\",\"name\":\"Hoppy\",\"url\":\"https:\\\/\\\/behoppy.eu\\\/es\\\/\",\"logo\":{\"@type\":\"ImageObject\",\"inLanguage\":\"es\",\"@id\":\"https:\\\/\\\/behoppy.eu\\\/es\\\/#\\\/schema\\\/logo\\\/image\\\/\",\"url\":\"https:\\\/\\\/behoppy.eu\\\/wp-content\\\/uploads\\\/2022\\\/10\\\/Hoppy_Logo_Full.svg\",\"contentUrl\":\"https:\\\/\\\/behoppy.eu\\\/wp-content\\\/uploads\\\/2022\\\/10\\\/Hoppy_Logo_Full.svg\",\"width\":509,\"height\":207,\"caption\":\"Hoppy\"},\"image\":{\"@id\":\"https:\\\/\\\/behoppy.eu\\\/es\\\/#\\\/schema\\\/logo\\\/image\\\/\"}}]}<\/script>\n<!-- \/ Yoast SEO plugin. -->","yoast_head_json":{"title":"Descargo de responsabilidad - Hoppy","robots":{"index":"index","follow":"follow","max-snippet":"max-snippet:-1","max-image-preview":"max-image-preview:large","max-video-preview":"max-video-preview:-1"},"canonical":"https:\/\/behoppy.eu\/es\/descargo-de-responsabilidad\/","og_locale":"es_ES","og_type":"article","og_title":"Descargo de responsabilidad - Hoppy","og_description":"Las siguientes condiciones de uso se aplican al uso de este sitio web (www.behoppy.be). Al utilizar este sitio web, se considera que ha tomado nota y acepta las condiciones de uso. Uso de la informaci\u00f3n Hoppylectrico se esfuerza por proporcionar informaci\u00f3n precisa y actualizada en este sitio web. Aunque esta informaci\u00f3n se compila con el [&hellip;]","og_url":"https:\/\/behoppy.eu\/es\/descargo-de-responsabilidad\/","og_site_name":"Hoppy","twitter_card":"summary_large_image","twitter_misc":{"Tiempo de lectura":"2 minutos"},"schema":{"@context":"https:\/\/schema.org","@graph":[{"@type":"WebPage","@id":"https:\/\/behoppy.eu\/es\/descargo-de-responsabilidad\/","url":"https:\/\/behoppy.eu\/es\/descargo-de-responsabilidad\/","name":"Descargo de responsabilidad - Hoppy","isPartOf":{"@id":"https:\/\/behoppy.eu\/es\/#website"},"datePublished":"2022-11-16T11:04:35+00:00","breadcrumb":{"@id":"https:\/\/behoppy.eu\/es\/descargo-de-responsabilidad\/#breadcrumb"},"inLanguage":"es","potentialAction":[{"@type":"ReadAction","target":["https:\/\/behoppy.eu\/es\/descargo-de-responsabilidad\/"]}]},{"@type":"BreadcrumbList","@id":"https:\/\/behoppy.eu\/es\/descargo-de-responsabilidad\/#breadcrumb","itemListElement":[{"@type":"ListItem","position":1,"name":"Home","item":"https:\/\/behoppy.eu\/es\/inicio\/"},{"@type":"ListItem","position":2,"name":"Descargo de responsabilidad"}]},{"@type":"WebSite","@id":"https:\/\/behoppy.eu\/es\/#website","url":"https:\/\/behoppy.eu\/es\/","name":"Hoppy","description":"Don\u2019t worry, Be hoppy!","publisher":{"@id":"https:\/\/behoppy.eu\/es\/#organization"},"potentialAction":[{"@type":"SearchAction","target":{"@type":"EntryPoint","urlTemplate":"https:\/\/behoppy.eu\/es\/?s={search_term_string}"},"query-input":{"@type":"PropertyValueSpecification","valueRequired":true,"valueName":"search_term_string"}}],"inLanguage":"es"},{"@type":"Organization","@id":"https:\/\/behoppy.eu\/es\/#organization","name":"Hoppy","url":"https:\/\/behoppy.eu\/es\/","logo":{"@type":"ImageObject","inLanguage":"es","@id":"https:\/\/behoppy.eu\/es\/#\/schema\/logo\/image\/","url":"https:\/\/behoppy.eu\/wp-content\/uploads\/2022\/10\/Hoppy_Logo_Full.svg","contentUrl":"https:\/\/behoppy.eu\/wp-content\/uploads\/2022\/10\/Hoppy_Logo_Full.svg","width":509,"height":207,"caption":"Hoppy"},"image":{"@id":"https:\/\/behoppy.eu\/es\/#\/schema\/logo\/image\/"}}]}},"jetpack_sharing_enabled":true,"_links":{"self":[{"href":"https:\/\/behoppy.eu\/es\/wp-json\/wp\/v2\/pages\/2980","targetHints":{"allow":["GET"]}}],"collection":[{"href":"https:\/\/behoppy.eu\/es\/wp-json\/wp\/v2\/pages"}],"about":[{"href":"https:\/\/behoppy.eu\/es\/wp-json\/wp\/v2\/types\/page"}],"author":[{"embeddable":true,"href":"https:\/\/behoppy.eu\/es\/wp-json\/wp\/v2\/users\/1"}],"replies":[{"embeddable":true,"href":"https:\/\/behoppy.eu\/es\/wp-json\/wp\/v2\/comments?post=2980"}],"version-history":[{"count":0,"href":"https:\/\/behoppy.eu\/es\/wp-json\/wp\/v2\/pages\/2980\/revisions"}],"wp:attachment":[{"href":"https:\/\/behoppy.eu\/es\/wp-json\/wp\/v2\/media?parent=2980"}],"curies":[{"name":"wp","href":"https:\/\/api.w.org\/{rel}","templated":true}]}}