{"id":5658,"date":"2024-06-17T13:17:41","date_gmt":"2024-06-17T11:17:41","guid":{"rendered":"https:\/\/behoppy.eu\/kontakt\/werden-sie-fahrer\/"},"modified":"2024-09-26T14:24:31","modified_gmt":"2024-09-26T12:24:31","slug":"werden-sie-fahrer","status":"publish","type":"page","link":"https:\/\/behoppy.eu\/de\/kontakt\/werden-sie-fahrer\/","title":{"rendered":"Werden Sie Fahrer"},"content":{"rendered":"\t\t<div data-elementor-type=\"wp-page\" data-elementor-id=\"5658\" class=\"elementor elementor-5658 elementor-5639\" data-elementor-post-type=\"page\">\n\t\t\t\t<div class=\"elementor-element elementor-element-a8892fe e-con-full e-flex e-con e-parent\" data-id=\"a8892fe\" data-element_type=\"container\" data-e-type=\"container\">\n\t\t\t\t<div class=\"elementor-element elementor-element-e3eba07 elementor-widget elementor-widget-template\" data-id=\"e3eba07\" data-element_type=\"widget\" data-e-type=\"widget\" data-widget_type=\"template.default\">\n\t\t\t\t<div class=\"elementor-widget-container\">\n\t\t\t\t\t\t\t<div class=\"elementor-template\">\n\t\t\t\t\t<div data-elementor-type=\"section\" data-elementor-id=\"3705\" class=\"elementor elementor-3705 elementor-1200 elementor-1200\" data-elementor-post-type=\"elementor_library\">\n\t\t\t<div class=\"elementor-element elementor-element-d7fb67d e-con-full e-flex e-con e-parent\" data-id=\"d7fb67d\" data-element_type=\"container\" data-e-type=\"container\" data-settings=\"{&quot;background_background&quot;:&quot;classic&quot;}\">\n\t\t<div data-dce-background-color=\"#4CDA96\" data-dce-background-overlay-color=\"#000000\" class=\"elementor-element elementor-element-7d6692d e-con-full e-flex e-con e-child\" data-id=\"7d6692d\" data-element_type=\"container\" data-e-type=\"container\" data-settings=\"{&quot;background_background&quot;:&quot;gradient&quot;}\">\n\t\t\t\t<div class=\"elementor-element elementor-element-d9f6d8e elementor-widget elementor-widget-dyncontel-title\" data-id=\"d9f6d8e\" data-element_type=\"widget\" data-e-type=\"widget\" data-widget_type=\"dyncontel-title.default\">\n\t\t\t\t<div class=\"elementor-widget-container\">\n\t\t\t\t\t<div class=\"dce-title\">Kontakt<\/div>\t\t\t\t<\/div>\n\t\t\t\t<\/div>\n\t\t\t\t<div class=\"elementor-element elementor-element-f74306a elementor-hidden-mobile elementor-widget-divider--view-line elementor-widget elementor-widget-divider\" data-id=\"f74306a\" data-element_type=\"widget\" data-e-type=\"widget\" data-widget_type=\"divider.default\">\n\t\t\t\t<div class=\"elementor-widget-container\">\n\t\t\t\t\t\t\t<div class=\"elementor-divider\">\n\t\t\t<span class=\"elementor-divider-separator\">\n\t\t\t\t\t\t<\/span>\n\t\t<\/div>\n\t\t\t\t\t\t<\/div>\n\t\t\t\t<\/div>\n\t\t\t\t<\/div>\n\t\t<div class=\"elementor-element elementor-element-fcde907 e-con-full e-flex e-con e-child\" data-id=\"fcde907\" data-element_type=\"container\" data-e-type=\"container\" data-settings=\"{&quot;background_background&quot;:&quot;classic&quot;}\">\n\t\t\t\t<div class=\"elementor-element elementor-element-64f16f5 elementor-widget elementor-widget-image\" data-id=\"64f16f5\" data-element_type=\"widget\" data-e-type=\"widget\" data-widget_type=\"image.default\">\n\t\t\t\t<div class=\"elementor-widget-container\">\n\t\t\t\t\t\t\t\t\t\t\t\t\t\t\t<img loading=\"lazy\" decoding=\"async\" loading=\"lazy\" width=\"1024\" height=\"683\" src=\"https:\/\/i0.wp.com\/behoppy.eu\/wp-content\/uploads\/2024\/09\/Hoppy_-140.jpg?fit=1024%2C683&amp;ssl=1\" class=\"attachment-full size-full wp-image-6444\" alt=\"\" srcset=\"https:\/\/i0.wp.com\/behoppy.eu\/wp-content\/uploads\/2024\/09\/Hoppy_-140.jpg?w=1024&amp;ssl=1 1024w, https:\/\/i0.wp.com\/behoppy.eu\/wp-content\/uploads\/2024\/09\/Hoppy_-140.jpg?resize=300%2C200&amp;ssl=1 300w, https:\/\/i0.wp.com\/behoppy.eu\/wp-content\/uploads\/2024\/09\/Hoppy_-140.jpg?resize=768%2C512&amp;ssl=1 768w\" sizes=\"auto, (max-width: 800px) 100vw, 800px\" \/>\t\t\t\t\t\t\t\t\t\t\t\t\t\t\t<\/div>\n\t\t\t\t<\/div>\n\t\t\t\t<\/div>\n\t\t\t\t<\/div>\n\t\t\t\t<\/div>\n\t\t\t\t<\/div>\n\t\t\t\t\t\t<\/div>\n\t\t\t\t<\/div>\n\t\t<div class=\"elementor-element elementor-element-ba7327e e-flex e-con-boxed e-con e-child\" data-id=\"ba7327e\" data-element_type=\"container\" data-e-type=\"container\" data-settings=\"{&quot;background_background&quot;:&quot;gradient&quot;,&quot;shape_divider_top&quot;:&quot;waves&quot;,&quot;shape_divider_top_negative&quot;:&quot;yes&quot;}\">\n\t\t\t\t\t<div class=\"e-con-inner\">\n\t\t\t\t<div class=\"elementor-shape elementor-shape-top\" aria-hidden=\"true\" data-negative=\"true\">\n\t\t\t<svg xmlns=\"http:\/\/www.w3.org\/2000\/svg\" viewBox=\"0 0 1000 100\" preserveAspectRatio=\"none\">\n\t<path class=\"elementor-shape-fill\" d=\"M790.5,93.1c-59.3-5.3-116.8-18-192.6-50c-29.6-12.7-76.9-31-100.5-35.9c-23.6-4.9-52.6-7.8-75.5-5.3\n\tc-10.2,1.1-22.6,1.4-50.1,7.4c-27.2,6.3-58.2,16.6-79.4,24.7c-41.3,15.9-94.9,21.9-134,22.6C72,58.2,0,25.8,0,25.8V100h1000V65.3\n\tc0,0-51.5,19.4-106.2,25.7C839.5,97,814.1,95.2,790.5,93.1z\"\/>\n<\/svg>\t\t<\/div>\n\t\t\t\t<div class=\"elementor-element elementor-element-95edc9d premium-header-inline premium-header-inline premium-lq__none premium-box-lq__none elementor-widget elementor-widget-premium-addon-dual-header\" data-id=\"95edc9d\" data-element_type=\"widget\" data-e-type=\"widget\" data-widget_type=\"premium-addon-dual-header.default\">\n\t\t\t\t\t\n\t\t<div class=\"elementor-widget-container\">\n\t\t\t\t\t<h3 class=\"premium-dual-header-first-header \"><span class=\"premium-dual-header-first-span\">Werden Sie  <\/span><span class=\"premium-dual-header-second-header \">ein Fahrer<\/span><\/h3> \t\t\t\t<\/div>\n\n\t\t\t\t\t\t<\/div>\n\t\t\t\t<div class=\"elementor-element elementor-element-4c5ce34 elementor-widget__width-initial elementor-widget elementor-widget-text-editor\" data-id=\"4c5ce34\" data-element_type=\"widget\" data-e-type=\"widget\" data-widget_type=\"text-editor.default\">\n\t\t\t\t<div class=\"elementor-widget-container\">\n\t\t\t\t\t\t\t\t\t<h3>Unsere innovative Plattform verbindet Fahrer und Fahrg\u00e4ste nahtlos miteinander!<\/h3>\n<p>Wir sind auf der Suche nach motivierten und zuverl\u00e4ssigen Fahrern f\u00fcr unser wachsendes Netzwerk. Bei Hoppy haben Sie die M\u00f6glichkeit, flexibel zu arbeiten, ein faires Einkommen zu verdienen und Teil einer dynamischen Gemeinschaft zu sein.<\/p>\n<p><strong>Warum f\u00fcr Hoppy fahren?<\/strong><\/p>\n<ul>\n<li><strong>Flexibilit\u00e4t<\/strong>: W\u00e4hlen Sie Ihre eigenen Arbeitszeiten und fahren Sie, wann immer es Ihnen passt.<\/li>\n<li><strong>Tolle Entlohnung: <\/strong>Verdienen Sie mehr bei Hoppy dank unseres niedrigsten Tarifs auf dem Markt!<\/li>\n<li><strong>Unterst\u00fctzung<\/strong>: Profitieren Sie von unserem zus\u00e4tzlichen Versicherungsschutz und unserem hervorragenden Kundenservice.<\/li>\n<li><strong>Innovative Plattform<\/strong>: Nutzen Sie unsere benutzerfreundliche App, um Fahrten schnell und effizient anzunehmen und abzuschlie\u00dfen.<\/li>\n<\/ul>\n<p><strong>Anforderungen:<\/strong><\/p>\n<ul>\n<li>G\u00fcltiger F\u00fchrerschein und Fahrzeugschein.<\/li>\n<li>Angemessene Fahrzeugversicherung.<\/li>\n<li>Bereitschaft, einen hervorragenden Kundenservice zu bieten.<\/li>\n<\/ul>\n<p><strong>Interessiert? F\u00fcllen Sie das Formular aus und werden Sie noch heute Fahrer!<\/strong><\/p>\n<div id=\"ConnectiveDocSignExtentionInstalled\" data-extension-version=\"1.0.4\"> <\/div>\n\t\t\t\t\t\t\t\t<\/div>\n\t\t\t\t<\/div>\n\t\t<div class=\"elementor-element elementor-element-e7922e7 e-con-full e-flex e-con e-child\" data-id=\"e7922e7\" data-element_type=\"container\" data-e-type=\"container\">\n\t\t<div class=\"elementor-element elementor-element-1339357 e-con-full e-flex e-con e-child\" data-id=\"1339357\" data-element_type=\"container\" data-e-type=\"container\" data-settings=\"{&quot;background_background&quot;:&quot;classic&quot;}\">\n\t\t\t\t<div class=\"elementor-element elementor-element-935721e elementor-button-align-stretch elementor-widget elementor-widget-form\" data-id=\"935721e\" data-element_type=\"widget\" data-e-type=\"widget\" data-settings=\"{&quot;step_next_label&quot;:&quot;Weiter&quot;,&quot;step_previous_label&quot;:&quot;Vorherige&quot;,&quot;button_width&quot;:&quot;100&quot;,&quot;step_type&quot;:&quot;number_text&quot;,&quot;step_icon_shape&quot;:&quot;circle&quot;}\" data-widget_type=\"form.default\">\n\t\t\t\t<div class=\"elementor-widget-container\">\n\t\t\t\t\t\t\t<form class=\"elementor-form\" method=\"post\" name=\"Problem melden\" aria-label=\"Problem melden\">\n\t\t\t<input type=\"hidden\" name=\"post_id\" value=\"5658\"\/>\n\t\t\t<input type=\"hidden\" name=\"form_id\" value=\"935721e\"\/>\n\t\t\t<input type=\"hidden\" name=\"referer_title\" value=\"Hoppy\" \/>\n\n\t\t\t\n\t\t\t<div class=\"elementor-form-fields-wrapper elementor-labels-above\">\n\t\t\t\t\t\t\t\t<div class=\"elementor-field-type-text elementor-field-group elementor-column elementor-field-group-firstname elementor-col-50 elementor-md-50\">\n\t\t\t\t\t\t\t\t\t\t\t\t<label for=\"form-field-firstname\" class=\"elementor-field-label\">\n\t\t\t\t\t\t\t\tVorname\t\t\t\t\t\t\t<\/label>\n\t\t\t\t\t\t\t\t\t\t\t\t\t\t<input size=\"1\" type=\"text\" name=\"form_fields[firstname]\" id=\"form-field-firstname\" class=\"elementor-field elementor-size-sm  elementor-field-textual\" placeholder=\"Vorname\">\n\t\t\t\t\t\t\t\t\t\t\t<\/div>\n\t\t\t\t\t\t\t\t<div class=\"elementor-field-type-text elementor-field-group elementor-column elementor-field-group-lastname elementor-col-50 elementor-md-50 elementor-field-required elementor-mark-required\">\n\t\t\t\t\t\t\t\t\t\t\t\t<label for=\"form-field-lastname\" class=\"elementor-field-label\">\n\t\t\t\t\t\t\t\tFamilienname\t\t\t\t\t\t\t<\/label>\n\t\t\t\t\t\t\t\t\t\t\t\t\t\t<input size=\"1\" type=\"text\" name=\"form_fields[lastname]\" id=\"form-field-lastname\" class=\"elementor-field elementor-size-sm  elementor-field-textual\" placeholder=\"Familienname\" required=\"required\">\n\t\t\t\t\t\t\t\t\t\t\t<\/div>\n\t\t\t\t\t\t\t\t<div class=\"elementor-field-type-email elementor-field-group elementor-column elementor-field-group-email elementor-col-50 elementor-field-required elementor-mark-required\">\n\t\t\t\t\t\t\t\t\t\t\t\t<label for=\"form-field-email\" class=\"elementor-field-label\">\n\t\t\t\t\t\t\t\tEmail\t\t\t\t\t\t\t<\/label>\n\t\t\t\t\t\t\t\t\t\t\t\t\t\t<input size=\"1\" type=\"email\" name=\"form_fields[email]\" id=\"form-field-email\" class=\"elementor-field elementor-size-sm  elementor-field-textual\" placeholder=\"Email\" required=\"required\">\n\t\t\t\t\t\t\t\t\t\t\t<\/div>\n\t\t\t\t\t\t\t\t<div class=\"elementor-field-type-tel elementor-field-group elementor-column elementor-field-group-phone elementor-col-50 elementor-field-required elementor-mark-required\">\n\t\t\t\t\t\t\t\t\t\t\t\t<label for=\"form-field-phone\" class=\"elementor-field-label\">\n\t\t\t\t\t\t\t\tTelefonnummer\t\t\t\t\t\t\t<\/label>\n\t\t\t\t\t\t\t\t<input size=\"1\" type=\"tel\" name=\"form_fields[phone]\" id=\"form-field-phone\" class=\"elementor-field elementor-size-sm  elementor-field-textual\" placeholder=\"Telefonnummer\" required=\"required\" pattern=\"[0-9()#&amp;+*-=.]+\" title=\"Nur Nummern oder Telefon-Zeichen (#, -, *, etc) werden akzeptiert.\">\n\n\t\t\t\t\t\t<\/div>\n\t\t\t\t\t\t\t\t<div class=\"elementor-field-type-select elementor-field-group elementor-column elementor-field-group-field_ba5dbb5 elementor-col-100\">\n\t\t\t\t\t\t\t\t\t\t\t\t<label for=\"form-field-field_ba5dbb5\" class=\"elementor-field-label\">\n\t\t\t\t\t\t\t\tLizenz\t\t\t\t\t\t\t<\/label>\n\t\t\t\t\t\t\t\t<div class=\"elementor-field elementor-select-wrapper remove-before \">\n\t\t\t<div class=\"select-caret-down-wrapper\">\n\t\t\t\t<i aria-hidden=\"true\" class=\"eicon-caret-down\"><\/i>\t\t\t<\/div>\n\t\t\t<select name=\"form_fields[field_ba5dbb5]\" id=\"form-field-field_ba5dbb5\" class=\"elementor-field-textual elementor-size-sm\">\n\t\t\t\t\t\t\t\t\t<option value=\"Taxilizenz Andere Lizenz Keine aktuelle Lizenz  \">Taxilizenz Andere Lizenz Keine aktuelle Lizenz  <\/option>\n\t\t\t\t\t\t\t<\/select>\n\t\t<\/div>\n\t\t\t\t\t\t<\/div>\n\t\t\t\t\t\t\t\t<div class=\"elementor-field-type-text elementor-field-group elementor-column elementor-field-group-code elementor-col-100 elementor-md-100\">\n\t\t\t\t\t\t\t\t\t\t\t\t<label for=\"form-field-code\" class=\"elementor-field-label\">\n\t\t\t\t\t\t\t\tNummer des F\u00fchrerscheins\t\t\t\t\t\t\t<\/label>\n\t\t\t\t\t\t\t\t\t\t\t\t\t\t<input size=\"1\" type=\"text\" name=\"form_fields[code]\" id=\"form-field-code\" class=\"elementor-field elementor-size-sm  elementor-field-textual\">\n\t\t\t\t\t\t\t\t\t\t\t<\/div>\n\t\t\t\t\t\t\t\t<div class=\"elementor-field-type-text elementor-field-group elementor-column elementor-field-group-field_072de26 elementor-col-100\">\n\t\t\t\t\t\t\t\t\t\t\t\t<label for=\"form-field-field_072de26\" class=\"elementor-field-label\">\n\t\t\t\t\t\t\t\tFahrzeugtyp und -modell\t\t\t\t\t\t\t<\/label>\n\t\t\t\t\t\t\t\t\t\t\t\t\t\t<input size=\"1\" type=\"text\" name=\"form_fields[field_072de26]\" id=\"form-field-field_072de26\" class=\"elementor-field elementor-size-sm  elementor-field-textual\">\n\t\t\t\t\t\t\t\t\t\t\t<\/div>\n\t\t\t\t\t\t\t\t<div class=\"elementor-field-type-text elementor-field-group elementor-column elementor-field-group-field_cf5c99f elementor-col-100\">\n\t\t\t\t\t\t\t\t\t\t\t\t<label for=\"form-field-field_cf5c99f\" class=\"elementor-field-label\">\n\t\t\t\t\t\t\t\tVerf\u00fcgbare Arbeitszeiten\t\t\t\t\t\t\t<\/label>\n\t\t\t\t\t\t\t\t\t\t\t\t\t\t<input size=\"1\" type=\"text\" name=\"form_fields[field_cf5c99f]\" id=\"form-field-field_cf5c99f\" class=\"elementor-field elementor-size-sm  elementor-field-textual\">\n\t\t\t\t\t\t\t\t\t\t\t<\/div>\n\t\t\t\t\t\t\t\t<div class=\"elementor-field-group elementor-column elementor-field-type-submit elementor-col-100 e-form__buttons\">\n\t\t\t\t\t<button class=\"elementor-button elementor-size-md\" type=\"submit\">\n\t\t\t\t\t\t<span class=\"elementor-button-content-wrapper\">\n\t\t\t\t\t\t\t\t\t\t\t\t\t\t\t\t\t\t\t\t\t\t<span class=\"elementor-button-text\">Einreichen<\/span>\n\t\t\t\t\t\t\t\t\t\t\t\t\t<\/span>\n\t\t\t\t\t<\/button>\n\t\t\t\t<\/div>\n\t\t\t<\/div>\n\t\t<\/form>\n\t\t\t\t\t\t<\/div>\n\t\t\t\t<\/div>\n\t\t\t\t<\/div>\n\t\t\t\t<\/div>\n\t\t\t\t\t<\/div>\n\t\t\t\t<\/div>\n\t\t\t\t<\/div>\n\t\t\t\t<\/div>\n\t\t","protected":false},"excerpt":{"rendered":"<p>Werden Sie ein Fahrer Unsere innovative Plattform verbindet Fahrer und Fahrg\u00e4ste nahtlos miteinander! Wir sind auf der Suche nach motivierten und zuverl\u00e4ssigen Fahrern f\u00fcr unser wachsendes Netzwerk. Bei Hoppy haben Sie die M\u00f6glichkeit, flexibel zu arbeiten, ein faires Einkommen zu verdienen und Teil einer dynamischen Gemeinschaft zu sein. Warum f\u00fcr Hoppy fahren? Flexibilit\u00e4t: W\u00e4hlen Sie [&hellip;]<\/p>\n","protected":false},"author":2,"featured_media":6444,"parent":3803,"menu_order":0,"comment_status":"closed","ping_status":"closed","template":"","meta":{"_acf_changed":false,"nf_dc_page":"","inline_featured_image":false,"footnotes":""},"class_list":["post-5658","page","type-page","status-publish","has-post-thumbnail","hentry"],"acf":[],"yoast_head":"<!-- This site is optimized with the Yoast SEO plugin v27.4 - https:\/\/yoast.com\/product\/yoast-seo-wordpress\/ -->\n<title>Werden Sie Fahrer - Hoppy<\/title>\n<meta name=\"robots\" content=\"index, follow, max-snippet:-1, max-image-preview:large, max-video-preview:-1\" \/>\n<link rel=\"canonical\" href=\"https:\/\/behoppy.eu\/de\/kontakt\/werden-sie-fahrer\/\" \/>\n<meta property=\"og:locale\" content=\"de_DE\" \/>\n<meta property=\"og:type\" content=\"article\" \/>\n<meta property=\"og:title\" content=\"Werden Sie Fahrer - Hoppy\" \/>\n<meta property=\"og:description\" content=\"Werden Sie ein Fahrer Unsere innovative Plattform verbindet Fahrer und Fahrg\u00e4ste nahtlos miteinander! Wir sind auf der Suche nach motivierten und zuverl\u00e4ssigen Fahrern f\u00fcr unser wachsendes Netzwerk. Bei Hoppy haben Sie die M\u00f6glichkeit, flexibel zu arbeiten, ein faires Einkommen zu verdienen und Teil einer dynamischen Gemeinschaft zu sein. Warum f\u00fcr Hoppy fahren? Flexibilit\u00e4t: W\u00e4hlen Sie [&hellip;]\" \/>\n<meta property=\"og:url\" content=\"https:\/\/behoppy.eu\/de\/kontakt\/werden-sie-fahrer\/\" \/>\n<meta property=\"og:site_name\" content=\"Hoppy\" \/>\n<meta property=\"article:modified_time\" content=\"2024-09-26T12:24:31+00:00\" \/>\n<meta property=\"og:image\" content=\"https:\/\/behoppy.eu\/wp-content\/uploads\/2024\/09\/Hoppy_-140.jpg\" \/>\n\t<meta property=\"og:image:width\" content=\"1024\" \/>\n\t<meta property=\"og:image:height\" content=\"683\" \/>\n\t<meta property=\"og:image:type\" content=\"image\/jpeg\" \/>\n<meta name=\"twitter:card\" content=\"summary_large_image\" \/>\n<meta name=\"twitter:label1\" content=\"Gesch\u00e4tzte Lesezeit\" \/>\n\t<meta name=\"twitter:data1\" content=\"1\u00a0Minute\" \/>\n<script type=\"application\/ld+json\" class=\"yoast-schema-graph\">{\"@context\":\"https:\\\/\\\/schema.org\",\"@graph\":[{\"@type\":\"WebPage\",\"@id\":\"https:\\\/\\\/behoppy.eu\\\/de\\\/kontakt\\\/werden-sie-fahrer\\\/\",\"url\":\"https:\\\/\\\/behoppy.eu\\\/de\\\/kontakt\\\/werden-sie-fahrer\\\/\",\"name\":\"Werden Sie Fahrer - Hoppy\",\"isPartOf\":{\"@id\":\"https:\\\/\\\/behoppy.eu\\\/de\\\/#website\"},\"primaryImageOfPage\":{\"@id\":\"https:\\\/\\\/behoppy.eu\\\/de\\\/kontakt\\\/werden-sie-fahrer\\\/#primaryimage\"},\"image\":{\"@id\":\"https:\\\/\\\/behoppy.eu\\\/de\\\/kontakt\\\/werden-sie-fahrer\\\/#primaryimage\"},\"thumbnailUrl\":\"https:\\\/\\\/i0.wp.com\\\/behoppy.eu\\\/wp-content\\\/uploads\\\/2024\\\/09\\\/Hoppy_-140.jpg?fit=1024%2C683&ssl=1\",\"datePublished\":\"2024-06-17T11:17:41+00:00\",\"dateModified\":\"2024-09-26T12:24:31+00:00\",\"breadcrumb\":{\"@id\":\"https:\\\/\\\/behoppy.eu\\\/de\\\/kontakt\\\/werden-sie-fahrer\\\/#breadcrumb\"},\"inLanguage\":\"de\",\"potentialAction\":[{\"@type\":\"ReadAction\",\"target\":[\"https:\\\/\\\/behoppy.eu\\\/de\\\/kontakt\\\/werden-sie-fahrer\\\/\"]}]},{\"@type\":\"ImageObject\",\"inLanguage\":\"de\",\"@id\":\"https:\\\/\\\/behoppy.eu\\\/de\\\/kontakt\\\/werden-sie-fahrer\\\/#primaryimage\",\"url\":\"https:\\\/\\\/i0.wp.com\\\/behoppy.eu\\\/wp-content\\\/uploads\\\/2024\\\/09\\\/Hoppy_-140.jpg?fit=1024%2C683&ssl=1\",\"contentUrl\":\"https:\\\/\\\/i0.wp.com\\\/behoppy.eu\\\/wp-content\\\/uploads\\\/2024\\\/09\\\/Hoppy_-140.jpg?fit=1024%2C683&ssl=1\",\"width\":1024,\"height\":683},{\"@type\":\"BreadcrumbList\",\"@id\":\"https:\\\/\\\/behoppy.eu\\\/de\\\/kontakt\\\/werden-sie-fahrer\\\/#breadcrumb\",\"itemListElement\":[{\"@type\":\"ListItem\",\"position\":1,\"name\":\"Home\",\"item\":\"https:\\\/\\\/behoppy.eu\\\/de\\\/startseite\\\/\"},{\"@type\":\"ListItem\",\"position\":2,\"name\":\"Kontakt\",\"item\":\"https:\\\/\\\/behoppy.eu\\\/de\\\/kontakt\\\/\"},{\"@type\":\"ListItem\",\"position\":3,\"name\":\"Werden Sie Fahrer\"}]},{\"@type\":\"WebSite\",\"@id\":\"https:\\\/\\\/behoppy.eu\\\/de\\\/#website\",\"url\":\"https:\\\/\\\/behoppy.eu\\\/de\\\/\",\"name\":\"Hoppy\",\"description\":\"Don\u2019t worry, Be hoppy!\",\"potentialAction\":[{\"@type\":\"SearchAction\",\"target\":{\"@type\":\"EntryPoint\",\"urlTemplate\":\"https:\\\/\\\/behoppy.eu\\\/de\\\/?s={search_term_string}\"},\"query-input\":{\"@type\":\"PropertyValueSpecification\",\"valueRequired\":true,\"valueName\":\"search_term_string\"}}],\"inLanguage\":\"de\"}]}<\/script>\n<!-- \/ Yoast SEO plugin. -->","yoast_head_json":{"title":"Werden Sie Fahrer - Hoppy","robots":{"index":"index","follow":"follow","max-snippet":"max-snippet:-1","max-image-preview":"max-image-preview:large","max-video-preview":"max-video-preview:-1"},"canonical":"https:\/\/behoppy.eu\/de\/kontakt\/werden-sie-fahrer\/","og_locale":"de_DE","og_type":"article","og_title":"Werden Sie Fahrer - Hoppy","og_description":"Werden Sie ein Fahrer Unsere innovative Plattform verbindet Fahrer und Fahrg\u00e4ste nahtlos miteinander! Wir sind auf der Suche nach motivierten und zuverl\u00e4ssigen Fahrern f\u00fcr unser wachsendes Netzwerk. Bei Hoppy haben Sie die M\u00f6glichkeit, flexibel zu arbeiten, ein faires Einkommen zu verdienen und Teil einer dynamischen Gemeinschaft zu sein. Warum f\u00fcr Hoppy fahren? Flexibilit\u00e4t: W\u00e4hlen Sie [&hellip;]","og_url":"https:\/\/behoppy.eu\/de\/kontakt\/werden-sie-fahrer\/","og_site_name":"Hoppy","article_modified_time":"2024-09-26T12:24:31+00:00","og_image":[{"width":1024,"height":683,"url":"https:\/\/behoppy.eu\/wp-content\/uploads\/2024\/09\/Hoppy_-140.jpg","type":"image\/jpeg"}],"twitter_card":"summary_large_image","twitter_misc":{"Gesch\u00e4tzte Lesezeit":"1\u00a0Minute"},"schema":{"@context":"https:\/\/schema.org","@graph":[{"@type":"WebPage","@id":"https:\/\/behoppy.eu\/de\/kontakt\/werden-sie-fahrer\/","url":"https:\/\/behoppy.eu\/de\/kontakt\/werden-sie-fahrer\/","name":"Werden Sie Fahrer - Hoppy","isPartOf":{"@id":"https:\/\/behoppy.eu\/de\/#website"},"primaryImageOfPage":{"@id":"https:\/\/behoppy.eu\/de\/kontakt\/werden-sie-fahrer\/#primaryimage"},"image":{"@id":"https:\/\/behoppy.eu\/de\/kontakt\/werden-sie-fahrer\/#primaryimage"},"thumbnailUrl":"https:\/\/i0.wp.com\/behoppy.eu\/wp-content\/uploads\/2024\/09\/Hoppy_-140.jpg?fit=1024%2C683&ssl=1","datePublished":"2024-06-17T11:17:41+00:00","dateModified":"2024-09-26T12:24:31+00:00","breadcrumb":{"@id":"https:\/\/behoppy.eu\/de\/kontakt\/werden-sie-fahrer\/#breadcrumb"},"inLanguage":"de","potentialAction":[{"@type":"ReadAction","target":["https:\/\/behoppy.eu\/de\/kontakt\/werden-sie-fahrer\/"]}]},{"@type":"ImageObject","inLanguage":"de","@id":"https:\/\/behoppy.eu\/de\/kontakt\/werden-sie-fahrer\/#primaryimage","url":"https:\/\/i0.wp.com\/behoppy.eu\/wp-content\/uploads\/2024\/09\/Hoppy_-140.jpg?fit=1024%2C683&ssl=1","contentUrl":"https:\/\/i0.wp.com\/behoppy.eu\/wp-content\/uploads\/2024\/09\/Hoppy_-140.jpg?fit=1024%2C683&ssl=1","width":1024,"height":683},{"@type":"BreadcrumbList","@id":"https:\/\/behoppy.eu\/de\/kontakt\/werden-sie-fahrer\/#breadcrumb","itemListElement":[{"@type":"ListItem","position":1,"name":"Home","item":"https:\/\/behoppy.eu\/de\/startseite\/"},{"@type":"ListItem","position":2,"name":"Kontakt","item":"https:\/\/behoppy.eu\/de\/kontakt\/"},{"@type":"ListItem","position":3,"name":"Werden Sie Fahrer"}]},{"@type":"WebSite","@id":"https:\/\/behoppy.eu\/de\/#website","url":"https:\/\/behoppy.eu\/de\/","name":"Hoppy","description":"Don\u2019t worry, Be hoppy!","potentialAction":[{"@type":"SearchAction","target":{"@type":"EntryPoint","urlTemplate":"https:\/\/behoppy.eu\/de\/?s={search_term_string}"},"query-input":{"@type":"PropertyValueSpecification","valueRequired":true,"valueName":"search_term_string"}}],"inLanguage":"de"}]}},"jetpack_sharing_enabled":true,"_links":{"self":[{"href":"https:\/\/behoppy.eu\/de\/wp-json\/wp\/v2\/pages\/5658","targetHints":{"allow":["GET"]}}],"collection":[{"href":"https:\/\/behoppy.eu\/de\/wp-json\/wp\/v2\/pages"}],"about":[{"href":"https:\/\/behoppy.eu\/de\/wp-json\/wp\/v2\/types\/page"}],"author":[{"embeddable":true,"href":"https:\/\/behoppy.eu\/de\/wp-json\/wp\/v2\/users\/2"}],"replies":[{"embeddable":true,"href":"https:\/\/behoppy.eu\/de\/wp-json\/wp\/v2\/comments?post=5658"}],"version-history":[{"count":0,"href":"https:\/\/behoppy.eu\/de\/wp-json\/wp\/v2\/pages\/5658\/revisions"}],"up":[{"embeddable":true,"href":"https:\/\/behoppy.eu\/de\/wp-json\/wp\/v2\/pages\/3803"}],"wp:featuredmedia":[{"embeddable":true,"href":"https:\/\/behoppy.eu\/de\/wp-json\/wp\/v2\/media\/6444"}],"wp:attachment":[{"href":"https:\/\/behoppy.eu\/de\/wp-json\/wp\/v2\/media?parent=5658"}],"curies":[{"name":"wp","href":"https:\/\/api.w.org\/{rel}","templated":true}]}}