{"id":5434,"date":"2024-02-29T12:32:39","date_gmt":"2024-02-29T11:32:39","guid":{"rendered":"https:\/\/behoppy.eu\/kontakt\/rabatt-beantragen\/"},"modified":"2026-03-17T11:26:25","modified_gmt":"2026-03-17T10:26:25","slug":"rabatt-beantragen","status":"publish","type":"page","link":"https:\/\/behoppy.eu\/de\/kontakt\/rabatt-beantragen\/","title":{"rendered":"Rabatt beantragen"},"content":{"rendered":"\t\t<div data-elementor-type=\"wp-page\" data-elementor-id=\"5434\" class=\"elementor elementor-5434 elementor-5410\" data-elementor-post-type=\"page\">\n\t\t\t\t<div class=\"elementor-element elementor-element-bd8aa3b e-con-full e-flex e-con e-parent\" data-id=\"bd8aa3b\" data-element_type=\"container\" data-e-type=\"container\">\n\t\t\t\t<div class=\"elementor-element elementor-element-d46d5e9 elementor-widget elementor-widget-template\" data-id=\"d46d5e9\" data-element_type=\"widget\" data-e-type=\"widget\" data-widget_type=\"template.default\">\n\t\t\t\t<div class=\"elementor-widget-container\">\n\t\t\t\t\t\t\t<div class=\"elementor-template\">\n\t\t\t\t\t<div data-elementor-type=\"section\" data-elementor-id=\"3705\" class=\"elementor elementor-3705 elementor-1200 elementor-1200\" data-elementor-post-type=\"elementor_library\">\n\t\t\t<div class=\"elementor-element elementor-element-d7fb67d e-con-full e-flex e-con e-parent\" data-id=\"d7fb67d\" data-element_type=\"container\" data-e-type=\"container\" data-settings=\"{&quot;background_background&quot;:&quot;classic&quot;}\">\n\t\t<div data-dce-background-color=\"#4CDA96\" data-dce-background-overlay-color=\"#000000\" class=\"elementor-element elementor-element-7d6692d e-con-full e-flex e-con e-child\" data-id=\"7d6692d\" data-element_type=\"container\" data-e-type=\"container\" data-settings=\"{&quot;background_background&quot;:&quot;gradient&quot;}\">\n\t\t\t\t<div class=\"elementor-element elementor-element-d9f6d8e elementor-widget elementor-widget-dyncontel-title\" data-id=\"d9f6d8e\" data-element_type=\"widget\" data-e-type=\"widget\" data-widget_type=\"dyncontel-title.default\">\n\t\t\t\t<div class=\"elementor-widget-container\">\n\t\t\t\t\t<div class=\"dce-title\">Kontakt<\/div>\t\t\t\t<\/div>\n\t\t\t\t<\/div>\n\t\t\t\t<div class=\"elementor-element elementor-element-f74306a elementor-hidden-mobile elementor-widget-divider--view-line elementor-widget elementor-widget-divider\" data-id=\"f74306a\" data-element_type=\"widget\" data-e-type=\"widget\" data-widget_type=\"divider.default\">\n\t\t\t\t<div class=\"elementor-widget-container\">\n\t\t\t\t\t\t\t<div class=\"elementor-divider\">\n\t\t\t<span class=\"elementor-divider-separator\">\n\t\t\t\t\t\t<\/span>\n\t\t<\/div>\n\t\t\t\t\t\t<\/div>\n\t\t\t\t<\/div>\n\t\t\t\t<\/div>\n\t\t<div class=\"elementor-element elementor-element-fcde907 e-con-full e-flex e-con e-child\" data-id=\"fcde907\" data-element_type=\"container\" data-e-type=\"container\" data-settings=\"{&quot;background_background&quot;:&quot;classic&quot;}\">\n\t\t\t\t<div class=\"elementor-element elementor-element-64f16f5 elementor-widget elementor-widget-image\" data-id=\"64f16f5\" data-element_type=\"widget\" data-e-type=\"widget\" data-widget_type=\"image.default\">\n\t\t\t\t<div class=\"elementor-widget-container\">\n\t\t\t\t\t\t\t\t\t\t\t\t\t\t\t<img loading=\"lazy\" decoding=\"async\" loading=\"lazy\" width=\"1536\" height=\"1025\" src=\"https:\/\/i0.wp.com\/behoppy.eu\/wp-content\/uploads\/2024\/09\/Hoppy_-100.jpg?fit=1536%2C1025&amp;ssl=1\" class=\"attachment-full size-full wp-image-6474\" alt=\"\" srcset=\"https:\/\/i0.wp.com\/behoppy.eu\/wp-content\/uploads\/2024\/09\/Hoppy_-100.jpg?w=1536&amp;ssl=1 1536w, https:\/\/i0.wp.com\/behoppy.eu\/wp-content\/uploads\/2024\/09\/Hoppy_-100.jpg?resize=300%2C200&amp;ssl=1 300w, https:\/\/i0.wp.com\/behoppy.eu\/wp-content\/uploads\/2024\/09\/Hoppy_-100.jpg?resize=1024%2C683&amp;ssl=1 1024w, https:\/\/i0.wp.com\/behoppy.eu\/wp-content\/uploads\/2024\/09\/Hoppy_-100.jpg?resize=768%2C513&amp;ssl=1 768w\" sizes=\"auto, (max-width: 800px) 100vw, 800px\" \/>\t\t\t\t\t\t\t\t\t\t\t\t\t\t\t<\/div>\n\t\t\t\t<\/div>\n\t\t\t\t<\/div>\n\t\t\t\t<\/div>\n\t\t\t\t<\/div>\n\t\t\t\t<\/div>\n\t\t\t\t\t\t<\/div>\n\t\t\t\t<\/div>\n\t\t<div class=\"elementor-element elementor-element-b389f71 e-flex e-con-boxed e-con e-child\" data-id=\"b389f71\" data-element_type=\"container\" data-e-type=\"container\" data-settings=\"{&quot;background_background&quot;:&quot;gradient&quot;,&quot;shape_divider_top&quot;:&quot;waves&quot;,&quot;shape_divider_top_negative&quot;:&quot;yes&quot;}\">\n\t\t\t\t\t<div class=\"e-con-inner\">\n\t\t\t\t<div class=\"elementor-shape elementor-shape-top\" aria-hidden=\"true\" data-negative=\"true\">\n\t\t\t<svg xmlns=\"http:\/\/www.w3.org\/2000\/svg\" viewBox=\"0 0 1000 100\" preserveAspectRatio=\"none\">\n\t<path class=\"elementor-shape-fill\" d=\"M790.5,93.1c-59.3-5.3-116.8-18-192.6-50c-29.6-12.7-76.9-31-100.5-35.9c-23.6-4.9-52.6-7.8-75.5-5.3\n\tc-10.2,1.1-22.6,1.4-50.1,7.4c-27.2,6.3-58.2,16.6-79.4,24.7c-41.3,15.9-94.9,21.9-134,22.6C72,58.2,0,25.8,0,25.8V100h1000V65.3\n\tc0,0-51.5,19.4-106.2,25.7C839.5,97,814.1,95.2,790.5,93.1z\"\/>\n<\/svg>\t\t<\/div>\n\t\t\t\t<div class=\"elementor-element elementor-element-5357026 premium-header-inline premium-header-inline premium-lq__none premium-box-lq__none elementor-widget elementor-widget-premium-addon-dual-header\" data-id=\"5357026\" data-element_type=\"widget\" data-e-type=\"widget\" data-widget_type=\"premium-addon-dual-header.default\">\n\t\t\t\t\t\n\t\t<div class=\"elementor-widget-container\">\n\t\t\t\t\t<h3 class=\"premium-dual-header-first-header \"><span class=\"premium-dual-header-first-span\">Interessiert an <\/span><span class=\"premium-dual-header-second-header \">einen Rabatt?<\/span><\/h3> \t\t\t\t<\/div>\n\n\t\t\t\t\t\t<\/div>\n\t\t\t\t<div class=\"elementor-element elementor-element-4deaf55 elementor-widget__width-initial elementor-widget elementor-widget-text-editor\" data-id=\"4deaf55\" data-element_type=\"widget\" data-e-type=\"widget\" data-widget_type=\"text-editor.default\">\n\t\t\t\t<div class=\"elementor-widget-container\">\n\t\t\t\t\t\t\t\t\t<p>Wir bei Hoppy sind der Meinung, dass nachhaltige Mobilit\u00e4t f\u00fcr jeden zug\u00e4nglich sein sollte. Um dieses Ziel zu unterst\u00fctzen, bieten wir spezielle Rabatte an, die unserer Gemeinschaft helfen, bequem und umweltfreundlich zu reisen. Sind Sie an einer Erm\u00e4\u00dfigung interessiert? F\u00fcllen Sie dann das nachstehende Formular aus und laden Sie die gew\u00fcnschten Dokumente hoch. Unser Team wird Ihren Antrag pr\u00fcfen und sich so schnell wie m\u00f6glich mit Ihnen in Verbindung setzen, um Ihnen mitzuteilen, wie Sie von unserem Angebot profitieren k\u00f6nnen.<\/p>\t\t\t\t\t\t\t\t<\/div>\n\t\t\t\t<\/div>\n\t\t<div class=\"elementor-element elementor-element-9774111 e-con-full e-flex e-con e-child\" data-id=\"9774111\" data-element_type=\"container\" data-e-type=\"container\">\n\t\t<div class=\"elementor-element elementor-element-acb71ae e-con-full e-flex e-con e-child\" data-id=\"acb71ae\" data-element_type=\"container\" data-e-type=\"container\" data-settings=\"{&quot;background_background&quot;:&quot;classic&quot;}\">\n\t\t\t\t<div class=\"elementor-element elementor-element-7265829 elementor-button-align-stretch elementor-widget elementor-widget-form\" data-id=\"7265829\" data-element_type=\"widget\" data-e-type=\"widget\" data-settings=\"{&quot;step_next_label&quot;:&quot;Weiter&quot;,&quot;step_previous_label&quot;:&quot;Vorherige&quot;,&quot;button_width&quot;:&quot;100&quot;,&quot;step_type&quot;:&quot;number_text&quot;,&quot;step_icon_shape&quot;:&quot;circle&quot;}\" data-widget_type=\"form.default\">\n\t\t\t\t<div class=\"elementor-widget-container\">\n\t\t\t\t\t\t\t<form class=\"elementor-form\" method=\"post\" name=\"Rabatt beantragen\" aria-label=\"Rabatt beantragen\">\n\t\t\t<input type=\"hidden\" name=\"post_id\" value=\"5434\"\/>\n\t\t\t<input type=\"hidden\" name=\"form_id\" value=\"7265829\"\/>\n\t\t\t<input type=\"hidden\" name=\"referer_title\" value=\"Hoppy\" \/>\n\n\t\t\t\n\t\t\t<div class=\"elementor-form-fields-wrapper elementor-labels-above\">\n\t\t\t\t\t\t\t\t<div class=\"elementor-field-type-text elementor-field-group elementor-column elementor-field-group-firstname elementor-col-50 elementor-md-50\">\n\t\t\t\t\t\t\t\t\t\t\t\t<label for=\"form-field-firstname\" class=\"elementor-field-label\">\n\t\t\t\t\t\t\t\tVorname\t\t\t\t\t\t\t<\/label>\n\t\t\t\t\t\t\t\t\t\t\t\t\t\t<input size=\"1\" type=\"text\" name=\"form_fields[firstname]\" id=\"form-field-firstname\" class=\"elementor-field elementor-size-sm  elementor-field-textual\" placeholder=\"Vorname\">\n\t\t\t\t\t\t\t\t\t\t\t<\/div>\n\t\t\t\t\t\t\t\t<div class=\"elementor-field-type-text elementor-field-group elementor-column elementor-field-group-lastname elementor-col-50 elementor-md-50 elementor-field-required elementor-mark-required\">\n\t\t\t\t\t\t\t\t\t\t\t\t<label for=\"form-field-lastname\" class=\"elementor-field-label\">\n\t\t\t\t\t\t\t\tFamilienname\t\t\t\t\t\t\t<\/label>\n\t\t\t\t\t\t\t\t\t\t\t\t\t\t<input size=\"1\" type=\"text\" name=\"form_fields[lastname]\" id=\"form-field-lastname\" class=\"elementor-field elementor-size-sm  elementor-field-textual\" placeholder=\"Familienname\" required=\"required\">\n\t\t\t\t\t\t\t\t\t\t\t<\/div>\n\t\t\t\t\t\t\t\t<div class=\"elementor-field-type-email elementor-field-group elementor-column elementor-field-group-email elementor-col-50 elementor-md-100 elementor-field-required elementor-mark-required\">\n\t\t\t\t\t\t\t\t\t\t\t\t<label for=\"form-field-email\" class=\"elementor-field-label\">\n\t\t\t\t\t\t\t\tEmail\t\t\t\t\t\t\t<\/label>\n\t\t\t\t\t\t\t\t\t\t\t\t\t\t<input size=\"1\" type=\"email\" name=\"form_fields[email]\" id=\"form-field-email\" class=\"elementor-field elementor-size-sm  elementor-field-textual\" placeholder=\"Email\" required=\"required\">\n\t\t\t\t\t\t\t\t\t\t\t<\/div>\n\t\t\t\t\t\t\t\t<div class=\"elementor-field-type-select elementor-field-group elementor-column elementor-field-group-prefix elementor-col-20 elementor-md-30 elementor-sm-100 elementor-field-required elementor-mark-required\">\n\t\t\t\t\t\t\t\t\t\t\t\t<label for=\"form-field-prefix\" class=\"elementor-field-label\">\n\t\t\t\t\t\t\t\tL\u00e4ndercode\t\t\t\t\t\t\t<\/label>\n\t\t\t\t\t\t\t\t<div class=\"elementor-field elementor-select-wrapper remove-before \">\n\t\t\t<div class=\"select-caret-down-wrapper\">\n\t\t\t\t<i aria-hidden=\"true\" class=\"eicon-caret-down\"><\/i>\t\t\t<\/div>\n\t\t\t<select name=\"form_fields[prefix]\" id=\"form-field-prefix\" class=\"elementor-field-textual elementor-size-sm\" required=\"required\">\n\t\t\t\t\t\t\t\t\t<option value=\"\">- ausw\u00e4hlen - <\/option>\n\t\t\t\t\t\t\t\t\t<option value=\" +32\">+32 (BE) <\/option>\n\t\t\t\t\t\t\t\t\t<option value=\" +30 \">+30 (EL) <\/option>\n\t\t\t\t\t\t\t\t\t<option value=\" +34\">+34 (ES) <\/option>\n\t\t\t\t\t\t\t\t\t<option value=\" +350\">+350 (GI) <\/option>\n\t\t\t\t\t\t\t<\/select>\n\t\t<\/div>\n\t\t\t\t\t\t<\/div>\n\t\t\t\t\t\t\t\t<div class=\"elementor-field-type-tel elementor-field-group elementor-column elementor-field-group-phone elementor-col-30 elementor-md-70 elementor-sm-100 elementor-field-required elementor-mark-required\">\n\t\t\t\t\t\t\t\t\t\t\t\t<label for=\"form-field-phone\" class=\"elementor-field-label\">\n\t\t\t\t\t\t\t\tTelefonnummer\t\t\t\t\t\t\t<\/label>\n\t\t\t\t\t\t\t\t<input size=\"1\" type=\"tel\" name=\"form_fields[phone]\" id=\"form-field-phone\" class=\"elementor-field elementor-size-sm  elementor-field-textual\" placeholder=\"Telefonnummer\" required=\"required\" pattern=\"[0-9()#&amp;+*-=.]+\" title=\"Nur Nummern oder Telefon-Zeichen (#, -, *, etc) werden akzeptiert.\">\n\n\t\t\t\t\t\t<\/div>\n\t\t\t\t\t\t\t\t<div class=\"elementor-field-type-select elementor-field-group elementor-column elementor-field-group-city elementor-col-50 elementor-md-100 elementor-field-required elementor-mark-required\">\n\t\t\t\t\t\t\t\t\t\t\t\t<label for=\"form-field-city\" class=\"elementor-field-label\">\n\t\t\t\t\t\t\t\tStadt oder Region\t\t\t\t\t\t\t<\/label>\n\t\t\t\t\t\t\t\t<div class=\"elementor-field elementor-select-wrapper remove-before \">\n\t\t\t<div class=\"select-caret-down-wrapper\">\n\t\t\t\t<i aria-hidden=\"true\" class=\"eicon-caret-down\"><\/i>\t\t\t<\/div>\n\t\t\t<select name=\"form_fields[city]\" id=\"form-field-city\" class=\"elementor-field-textual elementor-size-sm\" required=\"required\">\n\t\t\t\t\t\t\t\t\t<option value=\" \">- Select your city or region - <\/option>\n\t\t\t\t\t\t\t\t\t<option value=\"Cadzand\">Cadzand<\/option>\n\t\t\t\t\t\t\t\t\t<option value=\"Kortrijk\">Kortrijk<\/option>\n\t\t\t\t\t\t\t\t\t<option value=\"Kempen\">Kempen<\/option>\n\t\t\t\t\t\t\t\t\t<option value=\"Sint-Niklaas\">Sint-Niklaas<\/option>\n\t\t\t\t\t\t\t\t\t<option value=\"Genk\">Genk<\/option>\n\t\t\t\t\t\t\t\t\t<option value=\"Ostende\">Ostende<\/option>\n\t\t\t\t\t\t\t\t\t<option value=\"Bredene\">Bredene<\/option>\n\t\t\t\t\t\t\t\t\t<option value=\"Mechelen\">Mechelen<\/option>\n\t\t\t\t\t\t\t\t\t<option value=\"Blankenberge\">Blankenberge<\/option>\n\t\t\t\t\t\t\t\t\t<option value=\"Dender und Fl\u00e4mische Ardennen\">Dender und Fl\u00e4mische Ardennen<\/option>\n\t\t\t\t\t\t\t\t\t<option value=\"Br\u00fcgge, Mittelwesten &amp; Westhoek\">Br\u00fcgge, Mittelwesten &amp; Westhoek<\/option>\n\t\t\t\t\t\t\t\t\t<option value=\"Torrevieja\">Torrevieja<\/option>\n\t\t\t\t\t\t\t\t\t<option value=\"Almeria\">Almeria<\/option>\n\t\t\t\t\t\t\t\t\t<option value=\"Albir\/ Altea \">Albir\/ Altea <\/option>\n\t\t\t\t\t\t\t\t\t<option value=\"El Campello \">El Campello <\/option>\n\t\t\t\t\t\t\t\t\t<option value=\"Cullera \">Cullera <\/option>\n\t\t\t\t\t\t\t\t\t<option value=\"La Manga \">La Manga <\/option>\n\t\t\t\t\t\t\t\t\t<option value=\"Gibraltar \">Gibraltar <\/option>\n\t\t\t\t\t\t\t\t\t<option value=\"Tenerife \">Tenerife <\/option>\n\t\t\t\t\t\t\t\t\t<option value=\"Fuerteventura \">Fuerteventura <\/option>\n\t\t\t\t\t\t\t\t\t<option value=\"Gran Canaria \">Gran Canaria <\/option>\n\t\t\t\t\t\t\t\t\t<option value=\"San Javier \">San Javier <\/option>\n\t\t\t\t\t\t\t\t\t<option value=\"Rhodos\">Rhodos<\/option>\n\t\t\t\t\t\t\t\t\t<option value=\"Kos\">Kos<\/option>\n\t\t\t\t\t\t\t\t\t<option value=\"Rethymnon\">Rethymnon<\/option>\n\t\t\t\t\t\t\t<\/select>\n\t\t<\/div>\n\t\t\t\t\t\t<\/div>\n\t\t\t\t\t\t\t\t<div class=\"elementor-field-type-select elementor-field-group elementor-column elementor-field-group-discount elementor-col-50 elementor-md-100 elementor-field-required elementor-mark-required\">\n\t\t\t\t\t\t\t\t\t\t\t\t<label for=\"form-field-discount\" class=\"elementor-field-label\">\n\t\t\t\t\t\t\t\tRabatt\t\t\t\t\t\t\t<\/label>\n\t\t\t\t\t\t\t\t<div class=\"elementor-field elementor-select-wrapper remove-before \">\n\t\t\t<div class=\"select-caret-down-wrapper\">\n\t\t\t\t<i aria-hidden=\"true\" class=\"eicon-caret-down\"><\/i>\t\t\t<\/div>\n\t\t\t<select name=\"form_fields[discount]\" id=\"form-field-discount\" class=\"elementor-field-textual elementor-size-sm\" required=\"required\">\n\t\t\t\t\t\t\t\t\t<option value=\" \">- Art der Erm\u00e4\u00dfigung - <\/option>\n\t\t\t\t\t\t\t\t\t<option value=\"Studentenrabatt Belgien\">Studentenrabatt Belgien<\/option>\n\t\t\t\t\t\t\t\t\t<option value=\"Inhaber von Sozial- oder Geringverdienerausweisen \">Inhaber von Sozial- oder Geringverdienerausweisen <\/option>\n\t\t\t\t\t\t\t\t\t<option value=\"Einwohner von Gibraltar \">Einwohner von Gibraltar <\/option>\n\t\t\t\t\t\t\t\t\t<option value=\"\u00c4ltere B\u00fcrger \">\u00c4ltere B\u00fcrger <\/option>\n\t\t\t\t\t\t\t<\/select>\n\t\t<\/div>\n\t\t\t\t\t\t<\/div>\n\t\t\t\t\t\t\t\t<div class=\"elementor-field-type-upload elementor-field-group elementor-column elementor-field-group-documents elementor-col-100 elementor-field-required elementor-mark-required\">\n\t\t\t\t\t\t\t\t\t\t\t\t<label for=\"form-field-documents\" class=\"elementor-field-label\">\n\t\t\t\t\t\t\t\tNachweis des Anspruchs auf Erm\u00e4\u00dfigung\t\t\t\t\t\t\t<\/label>\n\t\t\t\t\t\t\t\t<input type=\"file\" name=\"form_fields[documents]\" id=\"form-field-documents\" class=\"elementor-field elementor-size-sm  elementor-upload-field\" required=\"required\" data-maxsize=\"5\" data-maxsize-message=\"Diese Datei \u00fcbersteigt die maximale Dateigr\u00f6\u00dfe.\">\n\n\t\t\t\t\t\t<\/div>\n\t\t\t\t\t\t\t\t<div class=\"elementor-field-type-html elementor-field-group elementor-column elementor-field-group-field_953da86 elementor-col-100\">\n\t\t\t\t\t<b>Zum Beispiel:<\/b> Kopie Ihres Reisepasses, Studentenausweises, ...<\/br>Ihre Datei darf maximal 5 MB gro\u00df sein. Akzeptierte Dateitypen: pdf, doc, docx, jpg, jpeg\t\t\t\t<\/div>\n\t\t\t\t\t\t\t\t<div class=\"elementor-field-type-textarea elementor-field-group elementor-column elementor-field-group-information elementor-col-100\">\n\t\t\t\t\t\t\t\t\t\t\t\t<label for=\"form-field-information\" class=\"elementor-field-label\">\n\t\t\t\t\t\t\t\tZus\u00e4tzliche Informationen\t\t\t\t\t\t\t<\/label>\n\t\t\t\t\t\t<textarea class=\"elementor-field-textual elementor-field  elementor-size-sm\" name=\"form_fields[information]\" id=\"form-field-information\" rows=\"3\" placeholder=\"Zus\u00e4tzliche Informationen\"><\/textarea>\t\t\t\t<\/div>\n\t\t\t\t\t\t\t\t<div class=\"elementor-field-group elementor-column elementor-field-type-submit elementor-col-100 e-form__buttons\">\n\t\t\t\t\t<button class=\"elementor-button elementor-size-md\" type=\"submit\">\n\t\t\t\t\t\t<span class=\"elementor-button-content-wrapper\">\n\t\t\t\t\t\t\t\t\t\t\t\t\t\t\t\t\t\t\t\t\t\t<span class=\"elementor-button-text\">Einreichen<\/span>\n\t\t\t\t\t\t\t\t\t\t\t\t\t<\/span>\n\t\t\t\t\t<\/button>\n\t\t\t\t<\/div>\n\t\t\t<\/div>\n\t\t<\/form>\n\t\t\t\t\t\t<\/div>\n\t\t\t\t<\/div>\n\t\t\t\t<\/div>\n\t\t\t\t<\/div>\n\t\t\t\t\t<\/div>\n\t\t\t\t<\/div>\n\t\t\t\t<\/div>\n\t\t\t\t<\/div>\n\t\t","protected":false},"excerpt":{"rendered":"<p>Interessiert an einen Rabatt? Wir bei Hoppy sind der Meinung, dass nachhaltige Mobilit\u00e4t f\u00fcr jeden zug\u00e4nglich sein sollte. Um dieses Ziel zu unterst\u00fctzen, bieten wir spezielle Rabatte an, die unserer Gemeinschaft helfen, bequem und umweltfreundlich zu reisen. Sind Sie an einer Erm\u00e4\u00dfigung interessiert? F\u00fcllen Sie dann das nachstehende Formular aus und laden Sie die gew\u00fcnschten [&hellip;]<\/p>\n","protected":false},"author":1,"featured_media":6474,"parent":3803,"menu_order":2,"comment_status":"closed","ping_status":"closed","template":"","meta":{"_acf_changed":false,"nf_dc_page":"","inline_featured_image":false,"footnotes":""},"class_list":["post-5434","page","type-page","status-publish","has-post-thumbnail","hentry"],"acf":[],"yoast_head":"<!-- This site is optimized with the Yoast SEO plugin v27.4 - https:\/\/yoast.com\/product\/yoast-seo-wordpress\/ -->\n<title>Rabatt beantragen - Hoppy<\/title>\n<meta name=\"description\" content=\"Nachhaltige Mobilit\u00e4t sollte f\u00fcr alle zug\u00e4nglich sein. Wir bieten spezielle Erm\u00e4\u00dfigungen, die unserer Gemeinschaft helfen, bequem und umweltfreundlich zu reisen.\" \/>\n<meta name=\"robots\" content=\"index, follow, max-snippet:-1, max-image-preview:large, max-video-preview:-1\" \/>\n<link rel=\"canonical\" href=\"https:\/\/behoppy.eu\/de\/kontakt\/rabatt-beantragen\/\" \/>\n<meta property=\"og:locale\" content=\"de_DE\" \/>\n<meta property=\"og:type\" content=\"article\" \/>\n<meta property=\"og:title\" content=\"Rabatt beantragen - Hoppy\" \/>\n<meta property=\"og:description\" content=\"Nachhaltige Mobilit\u00e4t sollte f\u00fcr alle zug\u00e4nglich sein. Wir bieten spezielle Erm\u00e4\u00dfigungen, die unserer Gemeinschaft helfen, bequem und umweltfreundlich zu reisen.\" \/>\n<meta property=\"og:url\" content=\"https:\/\/behoppy.eu\/de\/kontakt\/rabatt-beantragen\/\" \/>\n<meta property=\"og:site_name\" content=\"Hoppy\" \/>\n<meta property=\"article:modified_time\" content=\"2026-03-17T10:26:25+00:00\" \/>\n<meta property=\"og:image\" content=\"https:\/\/i0.wp.com\/behoppy.eu\/wp-content\/uploads\/2024\/09\/Hoppy_-100.jpg?fit=1536%2C1025&ssl=1\" \/>\n\t<meta property=\"og:image:width\" content=\"1536\" \/>\n\t<meta property=\"og:image:height\" content=\"1025\" \/>\n\t<meta property=\"og:image:type\" content=\"image\/jpeg\" \/>\n<meta name=\"twitter:card\" content=\"summary_large_image\" \/>\n<script type=\"application\/ld+json\" class=\"yoast-schema-graph\">{\"@context\":\"https:\\\/\\\/schema.org\",\"@graph\":[{\"@type\":\"WebPage\",\"@id\":\"https:\\\/\\\/behoppy.eu\\\/de\\\/kontakt\\\/rabatt-beantragen\\\/\",\"url\":\"https:\\\/\\\/behoppy.eu\\\/de\\\/kontakt\\\/rabatt-beantragen\\\/\",\"name\":\"Rabatt beantragen - Hoppy\",\"isPartOf\":{\"@id\":\"https:\\\/\\\/behoppy.eu\\\/de\\\/#website\"},\"primaryImageOfPage\":{\"@id\":\"https:\\\/\\\/behoppy.eu\\\/de\\\/kontakt\\\/rabatt-beantragen\\\/#primaryimage\"},\"image\":{\"@id\":\"https:\\\/\\\/behoppy.eu\\\/de\\\/kontakt\\\/rabatt-beantragen\\\/#primaryimage\"},\"thumbnailUrl\":\"https:\\\/\\\/i0.wp.com\\\/behoppy.eu\\\/wp-content\\\/uploads\\\/2024\\\/09\\\/Hoppy_-100.jpg?fit=1536%2C1025&ssl=1\",\"datePublished\":\"2024-02-29T11:32:39+00:00\",\"dateModified\":\"2026-03-17T10:26:25+00:00\",\"description\":\"Nachhaltige Mobilit\u00e4t sollte f\u00fcr alle zug\u00e4nglich sein. Wir bieten spezielle Erm\u00e4\u00dfigungen, die unserer Gemeinschaft helfen, bequem und umweltfreundlich zu reisen.\",\"breadcrumb\":{\"@id\":\"https:\\\/\\\/behoppy.eu\\\/de\\\/kontakt\\\/rabatt-beantragen\\\/#breadcrumb\"},\"inLanguage\":\"de\",\"potentialAction\":[{\"@type\":\"ReadAction\",\"target\":[\"https:\\\/\\\/behoppy.eu\\\/de\\\/kontakt\\\/rabatt-beantragen\\\/\"]}]},{\"@type\":\"ImageObject\",\"inLanguage\":\"de\",\"@id\":\"https:\\\/\\\/behoppy.eu\\\/de\\\/kontakt\\\/rabatt-beantragen\\\/#primaryimage\",\"url\":\"https:\\\/\\\/i0.wp.com\\\/behoppy.eu\\\/wp-content\\\/uploads\\\/2024\\\/09\\\/Hoppy_-100.jpg?fit=1536%2C1025&ssl=1\",\"contentUrl\":\"https:\\\/\\\/i0.wp.com\\\/behoppy.eu\\\/wp-content\\\/uploads\\\/2024\\\/09\\\/Hoppy_-100.jpg?fit=1536%2C1025&ssl=1\",\"width\":1536,\"height\":1025},{\"@type\":\"BreadcrumbList\",\"@id\":\"https:\\\/\\\/behoppy.eu\\\/de\\\/kontakt\\\/rabatt-beantragen\\\/#breadcrumb\",\"itemListElement\":[{\"@type\":\"ListItem\",\"position\":1,\"name\":\"Home\",\"item\":\"https:\\\/\\\/behoppy.eu\\\/de\\\/startseite\\\/\"},{\"@type\":\"ListItem\",\"position\":2,\"name\":\"Kontakt\",\"item\":\"https:\\\/\\\/behoppy.eu\\\/de\\\/kontakt\\\/\"},{\"@type\":\"ListItem\",\"position\":3,\"name\":\"Rabatt beantragen\"}]},{\"@type\":\"WebSite\",\"@id\":\"https:\\\/\\\/behoppy.eu\\\/de\\\/#website\",\"url\":\"https:\\\/\\\/behoppy.eu\\\/de\\\/\",\"name\":\"Hoppy\",\"description\":\"Don\u2019t worry, Be hoppy!\",\"potentialAction\":[{\"@type\":\"SearchAction\",\"target\":{\"@type\":\"EntryPoint\",\"urlTemplate\":\"https:\\\/\\\/behoppy.eu\\\/de\\\/?s={search_term_string}\"},\"query-input\":{\"@type\":\"PropertyValueSpecification\",\"valueRequired\":true,\"valueName\":\"search_term_string\"}}],\"inLanguage\":\"de\"}]}<\/script>\n<!-- \/ Yoast SEO plugin. -->","yoast_head_json":{"title":"Rabatt beantragen - Hoppy","description":"Nachhaltige Mobilit\u00e4t sollte f\u00fcr alle zug\u00e4nglich sein. Wir bieten spezielle Erm\u00e4\u00dfigungen, die unserer Gemeinschaft helfen, bequem und umweltfreundlich zu reisen.","robots":{"index":"index","follow":"follow","max-snippet":"max-snippet:-1","max-image-preview":"max-image-preview:large","max-video-preview":"max-video-preview:-1"},"canonical":"https:\/\/behoppy.eu\/de\/kontakt\/rabatt-beantragen\/","og_locale":"de_DE","og_type":"article","og_title":"Rabatt beantragen - Hoppy","og_description":"Nachhaltige Mobilit\u00e4t sollte f\u00fcr alle zug\u00e4nglich sein. Wir bieten spezielle Erm\u00e4\u00dfigungen, die unserer Gemeinschaft helfen, bequem und umweltfreundlich zu reisen.","og_url":"https:\/\/behoppy.eu\/de\/kontakt\/rabatt-beantragen\/","og_site_name":"Hoppy","article_modified_time":"2026-03-17T10:26:25+00:00","og_image":[{"width":1536,"height":1025,"url":"https:\/\/i0.wp.com\/behoppy.eu\/wp-content\/uploads\/2024\/09\/Hoppy_-100.jpg?fit=1536%2C1025&ssl=1","type":"image\/jpeg"}],"twitter_card":"summary_large_image","schema":{"@context":"https:\/\/schema.org","@graph":[{"@type":"WebPage","@id":"https:\/\/behoppy.eu\/de\/kontakt\/rabatt-beantragen\/","url":"https:\/\/behoppy.eu\/de\/kontakt\/rabatt-beantragen\/","name":"Rabatt beantragen - Hoppy","isPartOf":{"@id":"https:\/\/behoppy.eu\/de\/#website"},"primaryImageOfPage":{"@id":"https:\/\/behoppy.eu\/de\/kontakt\/rabatt-beantragen\/#primaryimage"},"image":{"@id":"https:\/\/behoppy.eu\/de\/kontakt\/rabatt-beantragen\/#primaryimage"},"thumbnailUrl":"https:\/\/i0.wp.com\/behoppy.eu\/wp-content\/uploads\/2024\/09\/Hoppy_-100.jpg?fit=1536%2C1025&ssl=1","datePublished":"2024-02-29T11:32:39+00:00","dateModified":"2026-03-17T10:26:25+00:00","description":"Nachhaltige Mobilit\u00e4t sollte f\u00fcr alle zug\u00e4nglich sein. Wir bieten spezielle Erm\u00e4\u00dfigungen, die unserer Gemeinschaft helfen, bequem und umweltfreundlich zu reisen.","breadcrumb":{"@id":"https:\/\/behoppy.eu\/de\/kontakt\/rabatt-beantragen\/#breadcrumb"},"inLanguage":"de","potentialAction":[{"@type":"ReadAction","target":["https:\/\/behoppy.eu\/de\/kontakt\/rabatt-beantragen\/"]}]},{"@type":"ImageObject","inLanguage":"de","@id":"https:\/\/behoppy.eu\/de\/kontakt\/rabatt-beantragen\/#primaryimage","url":"https:\/\/i0.wp.com\/behoppy.eu\/wp-content\/uploads\/2024\/09\/Hoppy_-100.jpg?fit=1536%2C1025&ssl=1","contentUrl":"https:\/\/i0.wp.com\/behoppy.eu\/wp-content\/uploads\/2024\/09\/Hoppy_-100.jpg?fit=1536%2C1025&ssl=1","width":1536,"height":1025},{"@type":"BreadcrumbList","@id":"https:\/\/behoppy.eu\/de\/kontakt\/rabatt-beantragen\/#breadcrumb","itemListElement":[{"@type":"ListItem","position":1,"name":"Home","item":"https:\/\/behoppy.eu\/de\/startseite\/"},{"@type":"ListItem","position":2,"name":"Kontakt","item":"https:\/\/behoppy.eu\/de\/kontakt\/"},{"@type":"ListItem","position":3,"name":"Rabatt beantragen"}]},{"@type":"WebSite","@id":"https:\/\/behoppy.eu\/de\/#website","url":"https:\/\/behoppy.eu\/de\/","name":"Hoppy","description":"Don\u2019t worry, Be hoppy!","potentialAction":[{"@type":"SearchAction","target":{"@type":"EntryPoint","urlTemplate":"https:\/\/behoppy.eu\/de\/?s={search_term_string}"},"query-input":{"@type":"PropertyValueSpecification","valueRequired":true,"valueName":"search_term_string"}}],"inLanguage":"de"}]}},"jetpack_sharing_enabled":true,"_links":{"self":[{"href":"https:\/\/behoppy.eu\/de\/wp-json\/wp\/v2\/pages\/5434","targetHints":{"allow":["GET"]}}],"collection":[{"href":"https:\/\/behoppy.eu\/de\/wp-json\/wp\/v2\/pages"}],"about":[{"href":"https:\/\/behoppy.eu\/de\/wp-json\/wp\/v2\/types\/page"}],"author":[{"embeddable":true,"href":"https:\/\/behoppy.eu\/de\/wp-json\/wp\/v2\/users\/1"}],"replies":[{"embeddable":true,"href":"https:\/\/behoppy.eu\/de\/wp-json\/wp\/v2\/comments?post=5434"}],"version-history":[{"count":1,"href":"https:\/\/behoppy.eu\/de\/wp-json\/wp\/v2\/pages\/5434\/revisions"}],"predecessor-version":[{"id":8366,"href":"https:\/\/behoppy.eu\/de\/wp-json\/wp\/v2\/pages\/5434\/revisions\/8366"}],"up":[{"embeddable":true,"href":"https:\/\/behoppy.eu\/de\/wp-json\/wp\/v2\/pages\/3803"}],"wp:featuredmedia":[{"embeddable":true,"href":"https:\/\/behoppy.eu\/de\/wp-json\/wp\/v2\/media\/6474"}],"wp:attachment":[{"href":"https:\/\/behoppy.eu\/de\/wp-json\/wp\/v2\/media?parent=5434"}],"curies":[{"name":"wp","href":"https:\/\/api.w.org\/{rel}","templated":true}]}}