{"id":4551,"date":"2023-11-22T11:53:50","date_gmt":"2023-11-22T10:53:50","guid":{"rendered":"https:\/\/behoppy.eu\/partner\/gute-zwecke\/"},"modified":"2023-11-22T12:35:37","modified_gmt":"2023-11-22T11:35:37","slug":"gute-zwecke","status":"publish","type":"page","link":"https:\/\/behoppy.eu\/de\/partner\/gute-zwecke\/","title":{"rendered":"Gute Zwecke"},"content":{"rendered":"\t\t<div data-elementor-type=\"wp-page\" data-elementor-id=\"4551\" class=\"elementor elementor-4551 elementor-4518\" data-elementor-post-type=\"page\">\n\t\t\t\t<div class=\"elementor-element elementor-element-36544d8 e-con-full e-flex e-con e-parent\" data-id=\"36544d8\" data-element_type=\"container\" data-e-type=\"container\">\n\t\t\t\t<div class=\"elementor-element elementor-element-689f260 elementor-widget elementor-widget-template\" data-id=\"689f260\" data-element_type=\"widget\" data-e-type=\"widget\" data-widget_type=\"template.default\">\n\t\t\t\t<div class=\"elementor-widget-container\">\n\t\t\t\t\t\t\t<div class=\"elementor-template\">\n\t\t\t\t\t<div data-elementor-type=\"section\" data-elementor-id=\"3705\" class=\"elementor elementor-3705 elementor-1200 elementor-1200\" data-elementor-post-type=\"elementor_library\">\n\t\t\t<div class=\"elementor-element elementor-element-d7fb67d e-con-full e-flex e-con e-parent\" data-id=\"d7fb67d\" data-element_type=\"container\" data-e-type=\"container\" data-settings=\"{&quot;background_background&quot;:&quot;classic&quot;}\">\n\t\t<div data-dce-background-color=\"#4CDA96\" data-dce-background-overlay-color=\"#000000\" class=\"elementor-element elementor-element-7d6692d e-con-full e-flex e-con e-child\" data-id=\"7d6692d\" data-element_type=\"container\" data-e-type=\"container\" data-settings=\"{&quot;background_background&quot;:&quot;gradient&quot;}\">\n\t\t\t\t<div class=\"elementor-element elementor-element-d9f6d8e elementor-widget elementor-widget-dyncontel-title\" data-id=\"d9f6d8e\" data-element_type=\"widget\" data-e-type=\"widget\" data-widget_type=\"dyncontel-title.default\">\n\t\t\t\t<div class=\"elementor-widget-container\">\n\t\t\t\t\t<div class=\"dce-title\">Partner<\/div>\t\t\t\t<\/div>\n\t\t\t\t<\/div>\n\t\t\t\t<div class=\"elementor-element elementor-element-f74306a elementor-hidden-mobile elementor-widget-divider--view-line elementor-widget elementor-widget-divider\" data-id=\"f74306a\" data-element_type=\"widget\" data-e-type=\"widget\" data-widget_type=\"divider.default\">\n\t\t\t\t<div class=\"elementor-widget-container\">\n\t\t\t\t\t\t\t<div class=\"elementor-divider\">\n\t\t\t<span class=\"elementor-divider-separator\">\n\t\t\t\t\t\t<\/span>\n\t\t<\/div>\n\t\t\t\t\t\t<\/div>\n\t\t\t\t<\/div>\n\t\t\t\t<\/div>\n\t\t<div class=\"elementor-element elementor-element-fcde907 e-con-full e-flex e-con e-child\" data-id=\"fcde907\" data-element_type=\"container\" data-e-type=\"container\" data-settings=\"{&quot;background_background&quot;:&quot;classic&quot;}\">\n\t\t\t\t<div class=\"elementor-element elementor-element-64f16f5 elementor-widget elementor-widget-image\" data-id=\"64f16f5\" data-element_type=\"widget\" data-e-type=\"widget\" data-widget_type=\"image.default\">\n\t\t\t\t<div class=\"elementor-widget-container\">\n\t\t\t\t\t\t\t\t\t\t\t\t\t\t\t<img loading=\"lazy\" decoding=\"async\" loading=\"lazy\" width=\"1600\" height=\"1060\" src=\"https:\/\/i0.wp.com\/behoppy.eu\/wp-content\/uploads\/2023\/11\/Good-Cause-Hero.jpg?fit=1600%2C1060&amp;ssl=1\" class=\"attachment-full size-full wp-image-4540\" alt=\"\" srcset=\"https:\/\/i0.wp.com\/behoppy.eu\/wp-content\/uploads\/2023\/11\/Good-Cause-Hero.jpg?w=1600&amp;ssl=1 1600w, https:\/\/i0.wp.com\/behoppy.eu\/wp-content\/uploads\/2023\/11\/Good-Cause-Hero.jpg?resize=300%2C199&amp;ssl=1 300w, https:\/\/i0.wp.com\/behoppy.eu\/wp-content\/uploads\/2023\/11\/Good-Cause-Hero.jpg?resize=1024%2C678&amp;ssl=1 1024w, https:\/\/i0.wp.com\/behoppy.eu\/wp-content\/uploads\/2023\/11\/Good-Cause-Hero.jpg?resize=768%2C509&amp;ssl=1 768w, https:\/\/i0.wp.com\/behoppy.eu\/wp-content\/uploads\/2023\/11\/Good-Cause-Hero.jpg?resize=1536%2C1018&amp;ssl=1 1536w\" sizes=\"auto, (max-width: 800px) 100vw, 800px\" \/>\t\t\t\t\t\t\t\t\t\t\t\t\t\t\t<\/div>\n\t\t\t\t<\/div>\n\t\t\t\t<\/div>\n\t\t\t\t<\/div>\n\t\t\t\t<\/div>\n\t\t\t\t<\/div>\n\t\t\t\t\t\t<\/div>\n\t\t\t\t<\/div>\n\t\t<div data-dce-background-color=\"#3CDBC0\" class=\"elementor-element elementor-element-d3c329c e-flex e-con-boxed e-con e-child\" data-id=\"d3c329c\" data-element_type=\"container\" data-e-type=\"container\" data-settings=\"{&quot;background_background&quot;:&quot;gradient&quot;,&quot;shape_divider_bottom&quot;:&quot;waves&quot;,&quot;shape_divider_top&quot;:&quot;waves&quot;,&quot;shape_divider_top_negative&quot;:&quot;yes&quot;,&quot;shape_divider_bottom_negative&quot;:&quot;yes&quot;}\">\n\t\t\t\t\t<div class=\"e-con-inner\">\n\t\t\t\t<div class=\"elementor-shape elementor-shape-top\" aria-hidden=\"true\" data-negative=\"true\">\n\t\t\t<svg xmlns=\"http:\/\/www.w3.org\/2000\/svg\" viewBox=\"0 0 1000 100\" preserveAspectRatio=\"none\">\n\t<path class=\"elementor-shape-fill\" d=\"M790.5,93.1c-59.3-5.3-116.8-18-192.6-50c-29.6-12.7-76.9-31-100.5-35.9c-23.6-4.9-52.6-7.8-75.5-5.3\n\tc-10.2,1.1-22.6,1.4-50.1,7.4c-27.2,6.3-58.2,16.6-79.4,24.7c-41.3,15.9-94.9,21.9-134,22.6C72,58.2,0,25.8,0,25.8V100h1000V65.3\n\tc0,0-51.5,19.4-106.2,25.7C839.5,97,814.1,95.2,790.5,93.1z\"\/>\n<\/svg>\t\t<\/div>\n\t\t\t\t<div class=\"elementor-shape elementor-shape-bottom\" aria-hidden=\"true\" data-negative=\"true\">\n\t\t\t<svg xmlns=\"http:\/\/www.w3.org\/2000\/svg\" viewBox=\"0 0 1000 100\" preserveAspectRatio=\"none\">\n\t<path class=\"elementor-shape-fill\" d=\"M790.5,93.1c-59.3-5.3-116.8-18-192.6-50c-29.6-12.7-76.9-31-100.5-35.9c-23.6-4.9-52.6-7.8-75.5-5.3\n\tc-10.2,1.1-22.6,1.4-50.1,7.4c-27.2,6.3-58.2,16.6-79.4,24.7c-41.3,15.9-94.9,21.9-134,22.6C72,58.2,0,25.8,0,25.8V100h1000V65.3\n\tc0,0-51.5,19.4-106.2,25.7C839.5,97,814.1,95.2,790.5,93.1z\"\/>\n<\/svg>\t\t<\/div>\n\t\t\t\t<div class=\"elementor-element elementor-element-0357c01 premium-header-inline premium-header-inline premium-lq__none premium-box-lq__none elementor-widget elementor-widget-premium-addon-dual-header\" data-id=\"0357c01\" data-element_type=\"widget\" data-e-type=\"widget\" data-widget_type=\"premium-addon-dual-header.default\">\n\t\t\t\t\t\n\t\t<div class=\"elementor-widget-container\">\n\t\t\t\t\t<h3 class=\"premium-dual-header-first-header \"><span class=\"premium-dual-header-first-span\">Hoppy's Fahrt f\u00fcr den guten Zweck mit  <\/span><span class=\"premium-dual-header-second-header \">Banco De Alimentos Spain<\/span><\/h3> \t\t\t\t<\/div>\n\n\t\t\t\t\t\t<\/div>\n\t\t\t\t<div class=\"elementor-element elementor-element-dfcf061 elementor-widget elementor-widget-text-editor\" data-id=\"dfcf061\" data-element_type=\"widget\" data-e-type=\"widget\" data-widget_type=\"text-editor.default\">\n\t\t\t\t<div class=\"elementor-widget-container\">\n\t\t\t\t\t\t\t\t\t<p class=\"p1\">Vom 24. bis 26. November ist Hoppy stolz darauf, mit der Banco de Alimentos, der spanischen Lebensmittelbank, eine herzerw\u00e4rmende Initiative zur Unterst\u00fctzung bed\u00fcrftiger Familien durchzuf\u00fchren: Gran Recogida de Alimentos 2023! <\/p>\n\t\t\t\t\t\t\t\t<\/div>\n\t\t\t\t<\/div>\n\t\t<div class=\"elementor-element elementor-element-2cf32ff e-con-full e-flex e-con e-child\" data-id=\"2cf32ff\" data-element_type=\"container\" data-e-type=\"container\">\n\t\t<div class=\"elementor-element elementor-element-cf72a5c e-con-full e-flex e-con e-child\" data-id=\"cf72a5c\" data-element_type=\"container\" data-e-type=\"container\" data-settings=\"{&quot;background_background&quot;:&quot;classic&quot;}\">\n\t\t\t\t<div data-dce-title-color=\"#FFFFFF\" class=\"elementor-element elementor-element-0075fef elementor-widget elementor-widget-heading\" data-id=\"0075fef\" data-element_type=\"widget\" data-e-type=\"widget\" data-widget_type=\"heading.default\">\n\t\t\t\t<div class=\"elementor-widget-container\">\n\t\t\t\t\t<h4 class=\"elementor-heading-title elementor-size-default\">Jede Fahrt z\u00e4hlt!<\/h4>\t\t\t\t<\/div>\n\t\t\t\t<\/div>\n\t\t\t\t<div class=\"elementor-element elementor-element-6214a99 elementor-widget elementor-widget-text-editor\" data-id=\"6214a99\" data-element_type=\"widget\" data-e-type=\"widget\" data-widget_type=\"text-editor.default\">\n\t\t\t\t<div class=\"elementor-widget-container\">\n\t\t\t\t\t\t\t\t\t<p>Als Teil unseres Engagements f\u00fcr die Gemeinschaft bieten wir unseren Fahrern die einmalige Gelegenheit, einen Beitrag zu einer gro\u00dfen Sache in Spanien zu leisten.<\/p>\n<p>F\u00fcr jede Fahrt, die Sie an diesem besonderen Wochenende mit Hoppy unternehmen, k\u00f6nnen Sie zu Beginn Ihrer Fahrt 1,5 \u20ac spenden. Mit Ihrer gro\u00dfz\u00fcgigen Spende werden zwei 1-Liter-Kartons Milch an diejenigen verteilt, die sie am dringendsten ben\u00f6tigen. \u2764\ufe0f\ud83e\udd5b<\/p>\n\t\t\t\t\t\t\t\t<\/div>\n\t\t\t\t<\/div>\n\t\t\t\t<\/div>\n\t\t<div class=\"elementor-element elementor-element-d427d6d e-con-full e-flex e-con e-child\" data-id=\"d427d6d\" data-element_type=\"container\" data-e-type=\"container\" data-settings=\"{&quot;background_background&quot;:&quot;classic&quot;}\">\n\t\t\t\t<div class=\"elementor-element elementor-element-4596307 elementor-widget elementor-widget-image\" data-id=\"4596307\" data-element_type=\"widget\" data-e-type=\"widget\" data-widget_type=\"image.default\">\n\t\t\t\t<div class=\"elementor-widget-container\">\n\t\t\t\t\t\t\t\t\t\t\t\t\t\t\t<img loading=\"lazy\" decoding=\"async\" loading=\"lazy\" width=\"1\" height=\"1\" src=\"https:\/\/behoppy.eu\/wp-content\/uploads\/2023\/11\/bam-logo-blanco.svg\" class=\"attachment-medium size-medium wp-image-4526\" alt=\"\" \/>\t\t\t\t\t\t\t\t\t\t\t\t\t\t\t<\/div>\n\t\t\t\t<\/div>\n\t\t\t\t<\/div>\n\t\t\t\t<\/div>\n\t\t<div class=\"elementor-element elementor-element-ed05b4b e-con-full e-flex e-con e-child\" data-id=\"ed05b4b\" data-element_type=\"container\" data-e-type=\"container\">\n\t\t<div data-dce-background-image-url=\"https:\/\/behoppy.eu\/wp-content\/uploads\/2023\/11\/img-quienes.jpeg\" class=\"elementor-element elementor-element-57f6ccd e-con-full e-flex e-con e-child\" data-id=\"57f6ccd\" data-element_type=\"container\" data-e-type=\"container\" data-settings=\"{&quot;background_background&quot;:&quot;classic&quot;}\">\n\t\t\t\t<\/div>\n\t\t<div class=\"elementor-element elementor-element-119ad95 e-con-full e-flex e-con e-child\" data-id=\"119ad95\" data-element_type=\"container\" data-e-type=\"container\" data-settings=\"{&quot;background_background&quot;:&quot;classic&quot;}\">\n\t\t\t\t<div data-dce-title-color=\"#FFFFFF\" class=\"elementor-element elementor-element-8e578d9 elementor-widget elementor-widget-heading\" data-id=\"8e578d9\" data-element_type=\"widget\" data-e-type=\"widget\" data-widget_type=\"heading.default\">\n\t\t\t\t<div class=\"elementor-widget-container\">\n\t\t\t\t\t<h4 class=\"elementor-heading-title elementor-size-default\">Einfache Schritte um zu spenden<\/h4>\t\t\t\t<\/div>\n\t\t\t\t<\/div>\n\t\t\t\t<div class=\"elementor-element elementor-element-0c2b6d2 elementor-widget elementor-widget-text-editor\" data-id=\"0c2b6d2\" data-element_type=\"widget\" data-e-type=\"widget\" data-widget_type=\"text-editor.default\">\n\t\t\t\t<div class=\"elementor-widget-container\">\n\t\t\t\t\t\t\t\t\t<ol>\n<li class=\"p1\"><strong>Starten Sie Ihre Hoppy Spain Fahrt:<\/strong> \u00d6ffnen Sie die App und beginnen Sie Ihre Fahrt.<\/li>\n<li class=\"p1\"><strong>Entscheiden Sie sich f\u00fcr eine Spende:<\/strong> W\u00e4hlen Sie die Option, 1,5 \u20ac zu spenden.<\/li>\n<li class=\"p1\"><strong>Fahren Sie mit Stolz:<\/strong> Genie\u00dfen Sie Ihre Fahrt in dem Wissen, dass Sie einen sp\u00fcrbaren Unterschied machen.<\/li>\n<\/ol>\n\t\t\t\t\t\t\t\t<\/div>\n\t\t\t\t<\/div>\n\t\t\t\t<div data-dce-title-color=\"#FFFFFF\" class=\"elementor-element elementor-element-58be108 elementor-widget elementor-widget-heading\" data-id=\"58be108\" data-element_type=\"widget\" data-e-type=\"widget\" data-widget_type=\"heading.default\">\n\t\t\t\t<div class=\"elementor-widget-container\">\n\t\t\t\t\t<h4 class=\"elementor-heading-title elementor-size-default\">Sie machen den Unterschied!<\/h4>\t\t\t\t<\/div>\n\t\t\t\t<\/div>\n\t\t\t\t<div class=\"elementor-element elementor-element-d30670a elementor-widget elementor-widget-text-editor\" data-id=\"d30670a\" data-element_type=\"widget\" data-e-type=\"widget\" data-widget_type=\"text-editor.default\">\n\t\t\t\t<div class=\"elementor-widget-container\">\n\t\t\t\t\t\t\t\t\t<p>Keine noch so kleine Geste der Freundlichkeit ist umsonst. Ihre Unterst\u00fctzung kann zahlreichen Familien lebenswichtige Nahrungsmittel und einen Hoffnungsschimmer bringen. Gemeinsam k\u00f6nnen wir einen Welleneffekt der Freundlichkeit und Gro\u00dfz\u00fcgigkeit erzeugen.<\/p>\n\t\t\t\t\t\t\t\t<\/div>\n\t\t\t\t<\/div>\n\t\t\t\t<\/div>\n\t\t\t\t<\/div>\n\t\t\t\t\t<\/div>\n\t\t\t\t<\/div>\n\t\t\t\t<\/div>\n\t\t\t\t<\/div>\n\t\t","protected":false},"excerpt":{"rendered":"<p>Hoppy&#8217;s Fahrt f\u00fcr den guten Zweck mit Banco De Alimentos Spain Vom 24. bis 26. November ist Hoppy stolz darauf, mit der Banco de Alimentos, der spanischen Lebensmittelbank, eine herzerw\u00e4rmende Initiative zur Unterst\u00fctzung bed\u00fcrftiger Familien durchzuf\u00fchren: Gran Recogida de Alimentos 2023! Jede Fahrt z\u00e4hlt! Als Teil unseres Engagements f\u00fcr die Gemeinschaft bieten wir unseren Fahrern [&hellip;]<\/p>\n","protected":false},"author":1,"featured_media":4540,"parent":3779,"menu_order":5,"comment_status":"closed","ping_status":"closed","template":"","meta":{"_acf_changed":false,"nf_dc_page":"","inline_featured_image":false,"footnotes":""},"class_list":["post-4551","page","type-page","status-publish","has-post-thumbnail","hentry"],"acf":[],"yoast_head":"<!-- This site is optimized with the Yoast SEO plugin v27.4 - https:\/\/yoast.com\/product\/yoast-seo-wordpress\/ -->\n<title>Gute Zwecke - Hoppy<\/title>\n<meta name=\"description\" content=\"Hoppy ist stolz auf die Partnerschaft mit der Banco de Alimentos, der spanischen Lebensmittelbank, in einer herzerw\u00e4rmenden Initiative zur Unterst\u00fctzung von Familien in Not.\" \/>\n<meta name=\"robots\" content=\"index, follow, max-snippet:-1, max-image-preview:large, max-video-preview:-1\" \/>\n<link rel=\"canonical\" href=\"https:\/\/behoppy.eu\/de\/partner\/gute-zwecke\/\" \/>\n<meta property=\"og:locale\" content=\"de_DE\" \/>\n<meta property=\"og:type\" content=\"article\" \/>\n<meta property=\"og:title\" content=\"Gute Zwecke - Hoppy\" \/>\n<meta property=\"og:description\" content=\"Hoppy ist stolz auf die Partnerschaft mit der Banco de Alimentos, der spanischen Lebensmittelbank, in einer herzerw\u00e4rmenden Initiative zur Unterst\u00fctzung von Familien in Not.\" \/>\n<meta property=\"og:url\" content=\"https:\/\/behoppy.eu\/de\/partner\/gute-zwecke\/\" \/>\n<meta property=\"og:site_name\" content=\"Hoppy\" \/>\n<meta property=\"article:modified_time\" content=\"2023-11-22T11:35:37+00:00\" \/>\n<meta property=\"og:image\" content=\"https:\/\/behoppy.eu\/wp-content\/uploads\/2023\/11\/Good-Cause-Hero.jpg\" \/>\n\t<meta property=\"og:image:width\" content=\"1600\" \/>\n\t<meta property=\"og:image:height\" content=\"1060\" \/>\n\t<meta property=\"og:image:type\" content=\"image\/jpeg\" \/>\n<meta name=\"twitter:card\" content=\"summary_large_image\" \/>\n<meta name=\"twitter:label1\" content=\"Gesch\u00e4tzte Lesezeit\" \/>\n\t<meta name=\"twitter:data1\" content=\"1\u00a0Minute\" \/>\n<script type=\"application\/ld+json\" class=\"yoast-schema-graph\">{\"@context\":\"https:\\\/\\\/schema.org\",\"@graph\":[{\"@type\":\"WebPage\",\"@id\":\"https:\\\/\\\/behoppy.eu\\\/de\\\/partner\\\/gute-zwecke\\\/\",\"url\":\"https:\\\/\\\/behoppy.eu\\\/de\\\/partner\\\/gute-zwecke\\\/\",\"name\":\"Gute Zwecke - Hoppy\",\"isPartOf\":{\"@id\":\"https:\\\/\\\/behoppy.eu\\\/de\\\/#website\"},\"primaryImageOfPage\":{\"@id\":\"https:\\\/\\\/behoppy.eu\\\/de\\\/partner\\\/gute-zwecke\\\/#primaryimage\"},\"image\":{\"@id\":\"https:\\\/\\\/behoppy.eu\\\/de\\\/partner\\\/gute-zwecke\\\/#primaryimage\"},\"thumbnailUrl\":\"https:\\\/\\\/i0.wp.com\\\/behoppy.eu\\\/wp-content\\\/uploads\\\/2023\\\/11\\\/Good-Cause-Hero.jpg?fit=1600%2C1060&ssl=1\",\"datePublished\":\"2023-11-22T10:53:50+00:00\",\"dateModified\":\"2023-11-22T11:35:37+00:00\",\"description\":\"Hoppy ist stolz auf die Partnerschaft mit der Banco de Alimentos, der spanischen Lebensmittelbank, in einer herzerw\u00e4rmenden Initiative zur Unterst\u00fctzung von Familien in Not.\",\"breadcrumb\":{\"@id\":\"https:\\\/\\\/behoppy.eu\\\/de\\\/partner\\\/gute-zwecke\\\/#breadcrumb\"},\"inLanguage\":\"de\",\"potentialAction\":[{\"@type\":\"ReadAction\",\"target\":[\"https:\\\/\\\/behoppy.eu\\\/de\\\/partner\\\/gute-zwecke\\\/\"]}]},{\"@type\":\"ImageObject\",\"inLanguage\":\"de\",\"@id\":\"https:\\\/\\\/behoppy.eu\\\/de\\\/partner\\\/gute-zwecke\\\/#primaryimage\",\"url\":\"https:\\\/\\\/i0.wp.com\\\/behoppy.eu\\\/wp-content\\\/uploads\\\/2023\\\/11\\\/Good-Cause-Hero.jpg?fit=1600%2C1060&ssl=1\",\"contentUrl\":\"https:\\\/\\\/i0.wp.com\\\/behoppy.eu\\\/wp-content\\\/uploads\\\/2023\\\/11\\\/Good-Cause-Hero.jpg?fit=1600%2C1060&ssl=1\",\"width\":1600,\"height\":1060},{\"@type\":\"BreadcrumbList\",\"@id\":\"https:\\\/\\\/behoppy.eu\\\/de\\\/partner\\\/gute-zwecke\\\/#breadcrumb\",\"itemListElement\":[{\"@type\":\"ListItem\",\"position\":1,\"name\":\"Home\",\"item\":\"https:\\\/\\\/behoppy.eu\\\/de\\\/startseite\\\/\"},{\"@type\":\"ListItem\",\"position\":2,\"name\":\"Partner\",\"item\":\"https:\\\/\\\/behoppy.eu\\\/de\\\/partner\\\/\"},{\"@type\":\"ListItem\",\"position\":3,\"name\":\"Gute Zwecke\"}]},{\"@type\":\"WebSite\",\"@id\":\"https:\\\/\\\/behoppy.eu\\\/de\\\/#website\",\"url\":\"https:\\\/\\\/behoppy.eu\\\/de\\\/\",\"name\":\"Hoppy\",\"description\":\"Don\u2019t worry, Be hoppy!\",\"potentialAction\":[{\"@type\":\"SearchAction\",\"target\":{\"@type\":\"EntryPoint\",\"urlTemplate\":\"https:\\\/\\\/behoppy.eu\\\/de\\\/?s={search_term_string}\"},\"query-input\":{\"@type\":\"PropertyValueSpecification\",\"valueRequired\":true,\"valueName\":\"search_term_string\"}}],\"inLanguage\":\"de\"}]}<\/script>\n<!-- \/ Yoast SEO plugin. -->","yoast_head_json":{"title":"Gute Zwecke - Hoppy","description":"Hoppy ist stolz auf die Partnerschaft mit der Banco de Alimentos, der spanischen Lebensmittelbank, in einer herzerw\u00e4rmenden Initiative zur Unterst\u00fctzung von Familien in Not.","robots":{"index":"index","follow":"follow","max-snippet":"max-snippet:-1","max-image-preview":"max-image-preview:large","max-video-preview":"max-video-preview:-1"},"canonical":"https:\/\/behoppy.eu\/de\/partner\/gute-zwecke\/","og_locale":"de_DE","og_type":"article","og_title":"Gute Zwecke - Hoppy","og_description":"Hoppy ist stolz auf die Partnerschaft mit der Banco de Alimentos, der spanischen Lebensmittelbank, in einer herzerw\u00e4rmenden Initiative zur Unterst\u00fctzung von Familien in Not.","og_url":"https:\/\/behoppy.eu\/de\/partner\/gute-zwecke\/","og_site_name":"Hoppy","article_modified_time":"2023-11-22T11:35:37+00:00","og_image":[{"width":1600,"height":1060,"url":"https:\/\/behoppy.eu\/wp-content\/uploads\/2023\/11\/Good-Cause-Hero.jpg","type":"image\/jpeg"}],"twitter_card":"summary_large_image","twitter_misc":{"Gesch\u00e4tzte Lesezeit":"1\u00a0Minute"},"schema":{"@context":"https:\/\/schema.org","@graph":[{"@type":"WebPage","@id":"https:\/\/behoppy.eu\/de\/partner\/gute-zwecke\/","url":"https:\/\/behoppy.eu\/de\/partner\/gute-zwecke\/","name":"Gute Zwecke - Hoppy","isPartOf":{"@id":"https:\/\/behoppy.eu\/de\/#website"},"primaryImageOfPage":{"@id":"https:\/\/behoppy.eu\/de\/partner\/gute-zwecke\/#primaryimage"},"image":{"@id":"https:\/\/behoppy.eu\/de\/partner\/gute-zwecke\/#primaryimage"},"thumbnailUrl":"https:\/\/i0.wp.com\/behoppy.eu\/wp-content\/uploads\/2023\/11\/Good-Cause-Hero.jpg?fit=1600%2C1060&ssl=1","datePublished":"2023-11-22T10:53:50+00:00","dateModified":"2023-11-22T11:35:37+00:00","description":"Hoppy ist stolz auf die Partnerschaft mit der Banco de Alimentos, der spanischen Lebensmittelbank, in einer herzerw\u00e4rmenden Initiative zur Unterst\u00fctzung von Familien in Not.","breadcrumb":{"@id":"https:\/\/behoppy.eu\/de\/partner\/gute-zwecke\/#breadcrumb"},"inLanguage":"de","potentialAction":[{"@type":"ReadAction","target":["https:\/\/behoppy.eu\/de\/partner\/gute-zwecke\/"]}]},{"@type":"ImageObject","inLanguage":"de","@id":"https:\/\/behoppy.eu\/de\/partner\/gute-zwecke\/#primaryimage","url":"https:\/\/i0.wp.com\/behoppy.eu\/wp-content\/uploads\/2023\/11\/Good-Cause-Hero.jpg?fit=1600%2C1060&ssl=1","contentUrl":"https:\/\/i0.wp.com\/behoppy.eu\/wp-content\/uploads\/2023\/11\/Good-Cause-Hero.jpg?fit=1600%2C1060&ssl=1","width":1600,"height":1060},{"@type":"BreadcrumbList","@id":"https:\/\/behoppy.eu\/de\/partner\/gute-zwecke\/#breadcrumb","itemListElement":[{"@type":"ListItem","position":1,"name":"Home","item":"https:\/\/behoppy.eu\/de\/startseite\/"},{"@type":"ListItem","position":2,"name":"Partner","item":"https:\/\/behoppy.eu\/de\/partner\/"},{"@type":"ListItem","position":3,"name":"Gute Zwecke"}]},{"@type":"WebSite","@id":"https:\/\/behoppy.eu\/de\/#website","url":"https:\/\/behoppy.eu\/de\/","name":"Hoppy","description":"Don\u2019t worry, Be hoppy!","potentialAction":[{"@type":"SearchAction","target":{"@type":"EntryPoint","urlTemplate":"https:\/\/behoppy.eu\/de\/?s={search_term_string}"},"query-input":{"@type":"PropertyValueSpecification","valueRequired":true,"valueName":"search_term_string"}}],"inLanguage":"de"}]}},"jetpack_sharing_enabled":true,"_links":{"self":[{"href":"https:\/\/behoppy.eu\/de\/wp-json\/wp\/v2\/pages\/4551","targetHints":{"allow":["GET"]}}],"collection":[{"href":"https:\/\/behoppy.eu\/de\/wp-json\/wp\/v2\/pages"}],"about":[{"href":"https:\/\/behoppy.eu\/de\/wp-json\/wp\/v2\/types\/page"}],"author":[{"embeddable":true,"href":"https:\/\/behoppy.eu\/de\/wp-json\/wp\/v2\/users\/1"}],"replies":[{"embeddable":true,"href":"https:\/\/behoppy.eu\/de\/wp-json\/wp\/v2\/comments?post=4551"}],"version-history":[{"count":0,"href":"https:\/\/behoppy.eu\/de\/wp-json\/wp\/v2\/pages\/4551\/revisions"}],"up":[{"embeddable":true,"href":"https:\/\/behoppy.eu\/de\/wp-json\/wp\/v2\/pages\/3779"}],"wp:featuredmedia":[{"embeddable":true,"href":"https:\/\/behoppy.eu\/de\/wp-json\/wp\/v2\/media\/4540"}],"wp:attachment":[{"href":"https:\/\/behoppy.eu\/de\/wp-json\/wp\/v2\/media?parent=4551"}],"curies":[{"name":"wp","href":"https:\/\/api.w.org\/{rel}","templated":true}]}}