{"id":3807,"date":"2022-11-16T14:09:00","date_gmt":"2022-11-16T13:09:00","guid":{"rendered":"https:\/\/behoppy.eu\/cookie-richtlinie\/"},"modified":"2022-11-16T14:09:00","modified_gmt":"2022-11-16T13:09:00","slug":"cookie-richtlinie","status":"publish","type":"page","link":"https:\/\/behoppy.eu\/de\/cookie-richtlinie\/","title":{"rendered":"Cookie-Richtlinie"},"content":{"rendered":"<h3>Verwendung von Cookies<\/h3>\n<p>Behoppy.be verwendet Cookies. Ein Cookie ist eine einfache kleine Datei, die zusammen mit Seiten dieser Website und\/oder Flash-Anwendungen gesendet und von Ihrem Browser auf der Festplatte Ihres Computers, Mobiltelefons, Ihrer Smartwatch oder Ihres Tablets gespeichert wird. Die darin gespeicherten Informationen k\u00f6nnen bei einem sp\u00e4teren Besuch an unsere Server zur\u00fcckgesendet werden.<\/p>\n<p>Die Verwendung von Cookies ist f\u00fcr das reibungslose Funktionieren unserer Website sehr wichtig, aber auch Cookies, deren Wirkung Sie nicht sofort sehen, sind sehr wichtig. Dank der (anonymen) Eingaben der Besucher k\u00f6nnen wir die Nutzung der Website verbessern und benutzerfreundlicher gestalten.<\/p>\n<h3>Zustimmung zur Verwendung von Cookies<\/h3>\n<p>F\u00fcr die Verwendung bestimmter Cookies ist Ihre Zustimmung erforderlich. Dies tun wir mittels eines sogenannten Cookie-Banners.<\/p>\n<h3>Arten von Cookies und ihre Zwecke<\/h3>\n<p>Wir verwenden die folgenden Arten von Cookies:<\/p>\n<ul>\n<li><strong>Funktionale Cookies<\/strong>: Diese erm\u00f6glichen eine bessere Funktion der Website und sind benutzerfreundlicher f\u00fcr den Besucher. Zum Beispiel: Wir speichern Ihre Login-Daten oder was Sie in Ihren Warenkorb gelegt haben.<\/li>\n<li><strong>Anonyme Analyse-Cookies<\/strong>: Diese sorgen daf\u00fcr, dass bei jedem Besuch einer Website ein anonymer Cookie generiert wird. Diese Cookies wissen, ob Sie die Seite schon einmal besucht haben oder nicht. Ein Cookie wird nur beim ersten Besuch der Website generiert, nachfolgende Besuche verwenden das vorhandene Cookie. Dieses Cookie wird nur f\u00fcr statistische Zwecke verwendet. Es kann verwendet werden, um die folgenden Daten zu sammeln:\n<ul>\n<li>Die Anzahl der eindeutigen Besucher<\/li>\n<li>Wie oft Benutzer die Website besuchen<\/li>\n<li>Welche Seiten Benutzer anzeigen<\/li>\n<li>Wie lange Benutzer eine bestimmte Seite anzeigen<\/li>\n<li>Auf welcher Seite Besucher die Seite verlassen<\/li>\n<\/ul>\n<\/li>\n<li><strong>Analytische Cookies<\/strong>: Diese sorgen daf\u00fcr, dass bei jedem Besuch einer Website ein Cookie generiert wird. Diese Cookies wissen, ob Sie die Seite schon einmal besucht haben oder nicht. Ein Cookie wird nur beim ersten Besuch der Seite generiert, beim n\u00e4chsten Besuch der Seite wird ein bereits vorhandener Cookie verwendet. Dieses Cookie wird nur f\u00fcr statistische Zwecke verwendet. Es kann verwendet werden, um die folgenden Daten zu sammeln:\n<ul>\n<li>Welche Seiten Sie angesehen haben<\/li>\n<li>Wie lange Sie auf einer bestimmten Seite geblieben sind<\/li>\n<li>Auf welcher Seite Sie die Seite verlassen haben<\/li>\n<\/ul>\n<\/li>\n<\/ul>\n<h3>Ihre Rechte in Bezug auf Ihre Daten<\/h3>\n<p>Sie haben das Recht, personenbezogene Daten einzusehen, zu berichtigen, einzuschr\u00e4nken und zu l\u00f6schen. Sie haben auch das Recht, der Verarbeitung personenbezogener Daten zu widersprechen und das Recht auf Daten\u00fcbertragbarkeit. Sie k\u00f6nnen diese Rechte aus\u00fcben, indem Sie eine E-Mail an <strong><a href=\"mailto:support@behoppy.eu\">info@hoppsharing.be<\/a><\/strong> senden. Um Missbrauch zu verhindern, k\u00f6nnen wir Sie bitten, sich angemessen zu identifizieren. Wenn es sich um den Zugriff auf personenbezogene Daten handelt, die mit einem Cookie verkn\u00fcpft sind, bitten wir Sie, eine Kopie des betreffenden Cookies zu senden. Dies finden Sie in den Einstellungen Ihres Browsers.<\/p>\n<h3>Cookies blockieren und l\u00f6schen<\/h3>\n<p>Sie k\u00f6nnen Cookies jederzeit selbst einfach \u00fcber Ihren Internetbrowser blockieren und l\u00f6schen. Sie k\u00f6nnen Ihren Internetbrowser auch so einstellen, dass Sie eine Nachricht erhalten, wenn ein Cookie platziert wird. Sie k\u00f6nnen auch angeben, dass bestimmte Cookies nicht platziert werden d\u00fcrfen. Konsultieren Sie die Hilfefunktion Ihres Browsers f\u00fcr diese Option. Das L\u00f6schen von Cookies in Ihrem Browser kann die angenehme Nutzung dieser Website beeintr\u00e4chtigen.<\/p>\n<p>Einige Tracking-Cookies werden von Drittanbietern platziert, die Ihnen unter anderem Werbung auf unserer Website zeigen. Sie k\u00f6nnen diese Cookies zentral \u00fcber <strong><a href=\"https:\/\/youronlinechoices.com\/\">https:\/\/youronlinechoices.com\/<\/a><\/strong> l\u00f6schen.<\/p>\n<p>Bitte beachten Sie, dass wir nicht garantieren k\u00f6nnen, dass unsere Website ordnungsgem\u00e4\u00df funktioniert, wenn Sie keine Cookies w\u00fcnschen. Einige Funktionen k\u00f6nnen verloren gehen oder Sie k\u00f6nnen die Website m\u00f6glicherweise \u00fcberhaupt nicht besuchen. Dar\u00fcber hinaus bedeutet das Ablehnen von Cookies nicht, dass Sie keine Werbung sehen. Die Anzeigen sind dann einfach nicht auf Ihre Interessen zugeschnitten und k\u00f6nnen daher \u00f6fter wiederholt werden.<\/p>\n<p>Wie Sie Ihre Einstellungen anpassen k\u00f6nnen, ist je nach Browser unterschiedlich. Konsultieren Sie ggf. die Hilfefunktion Ihres Browsers.<\/p>\n<h3>Neue Entwicklungen und unvorhergesehene Cookies<\/h3>\n<p>Die Texte unserer Website k\u00f6nnen aufgrund laufender Weiterentwicklungen jederzeit ge\u00e4ndert werden. Dies gilt auch f\u00fcr unsere Cookie-Erkl\u00e4rung. Lesen Sie diese Erkl\u00e4rung daher regelm\u00e4\u00dfig, um \u00fcber \u00c4nderungen informiert zu bleiben.<\/p>\n<p>Blog-Artikel k\u00f6nnen Inhalte verwenden, die auf anderen Websites gehostet werden und \u00fcber bestimmte Cookies (eingebettete Inhalte) auf behoppy.be zug\u00e4nglich sind. Betrachten Sie zum Beispiel YouTube-Videos. Diese Codes verwenden h\u00e4ufig Cookies. Wir haben keine Kontrolle dar\u00fcber, was diese Drittanbieter mit ihren Cookies machen.<\/p>\n<p>Es ist auch m\u00f6glich, dass Cookies von anderen \u00fcber unsere Website platziert werden, was uns nicht immer bewusst ist. Sind Sie auf unserer Website auf unvorhergesehene Cookies gesto\u00dfen, die Sie in unserer nicht finden k\u00f6nnen. Bitte informieren Sie uns \u00fcber <strong><a href=\"mailto:support@behoppy.eu\">support@behoppy.eu<\/a><\/strong>. Sie k\u00f6nnen sich auch direkt an die Drittpartei wenden und sie fragen, welche Cookies sie platzieren, den Grund daf\u00fcr, die Lebensdauer des Cookies und wie sie Ihre Privatsph\u00e4re garantiert haben.<\/p>\n<h3>Abschlie\u00dfende Bemerkung<\/h3>\n<p>Es kann sein, dass wir diese Erkl\u00e4rung von Zeit zu Zeit aktualisieren m\u00fcssen, zum Beispiel wenn wir unsere Website aktualisieren oder die Regeln f\u00fcr Cookies \u00e4ndern. You can consult this webpage for the latest version.<\/p>\n<p>Wenn Sie Fragen und\/oder Anmerkungen haben, wenden Sie sich bitte an <strong><a href=\"mailto:support@behoppy.eu\">support@behoppy.eu<\/a><\/strong>.<\/p>\n<p>08. April 2021<\/p>\n","protected":false},"excerpt":{"rendered":"<p>Verwendung von Cookies Behoppy.be verwendet Cookies. Ein Cookie ist eine einfache kleine Datei, die zusammen mit Seiten dieser Website und\/oder Flash-Anwendungen gesendet und von Ihrem Browser auf der Festplatte Ihres Computers, Mobiltelefons, Ihrer Smartwatch oder Ihres Tablets gespeichert wird. Die darin gespeicherten Informationen k\u00f6nnen bei einem sp\u00e4teren Besuch an unsere Server zur\u00fcckgesendet werden. Die Verwendung [&hellip;]<\/p>\n","protected":false},"author":1,"featured_media":0,"parent":0,"menu_order":7,"comment_status":"closed","ping_status":"closed","template":"","meta":{"_acf_changed":false,"nf_dc_page":"","inline_featured_image":false,"footnotes":""},"class_list":["post-3807","page","type-page","status-publish","hentry"],"acf":[],"yoast_head":"<!-- This site is optimized with the Yoast SEO plugin v27.4 - https:\/\/yoast.com\/product\/yoast-seo-wordpress\/ -->\n<title>Cookie-Richtlinie - Hoppy<\/title>\n<meta name=\"robots\" content=\"index, follow, max-snippet:-1, max-image-preview:large, max-video-preview:-1\" \/>\n<link rel=\"canonical\" href=\"https:\/\/behoppy.eu\/de\/cookie-richtlinie\/\" \/>\n<meta property=\"og:locale\" content=\"de_DE\" \/>\n<meta property=\"og:type\" content=\"article\" \/>\n<meta property=\"og:title\" content=\"Cookie-Richtlinie - Hoppy\" \/>\n<meta property=\"og:description\" content=\"Verwendung von Cookies Behoppy.be verwendet Cookies. Ein Cookie ist eine einfache kleine Datei, die zusammen mit Seiten dieser Website und\/oder Flash-Anwendungen gesendet und von Ihrem Browser auf der Festplatte Ihres Computers, Mobiltelefons, Ihrer Smartwatch oder Ihres Tablets gespeichert wird. Die darin gespeicherten Informationen k\u00f6nnen bei einem sp\u00e4teren Besuch an unsere Server zur\u00fcckgesendet werden. Die Verwendung [&hellip;]\" \/>\n<meta property=\"og:url\" content=\"https:\/\/behoppy.eu\/de\/cookie-richtlinie\/\" \/>\n<meta property=\"og:site_name\" content=\"Hoppy\" \/>\n<meta name=\"twitter:card\" content=\"summary_large_image\" \/>\n<meta name=\"twitter:label1\" content=\"Gesch\u00e4tzte Lesezeit\" \/>\n\t<meta name=\"twitter:data1\" content=\"4\u00a0Minuten\" \/>\n<script type=\"application\/ld+json\" class=\"yoast-schema-graph\">{\"@context\":\"https:\\\/\\\/schema.org\",\"@graph\":[{\"@type\":\"WebPage\",\"@id\":\"https:\\\/\\\/behoppy.eu\\\/de\\\/cookie-richtlinie\\\/\",\"url\":\"https:\\\/\\\/behoppy.eu\\\/de\\\/cookie-richtlinie\\\/\",\"name\":\"Cookie-Richtlinie - Hoppy\",\"isPartOf\":{\"@id\":\"https:\\\/\\\/behoppy.eu\\\/de\\\/#website\"},\"datePublished\":\"2022-11-16T13:09:00+00:00\",\"breadcrumb\":{\"@id\":\"https:\\\/\\\/behoppy.eu\\\/de\\\/cookie-richtlinie\\\/#breadcrumb\"},\"inLanguage\":\"de\",\"potentialAction\":[{\"@type\":\"ReadAction\",\"target\":[\"https:\\\/\\\/behoppy.eu\\\/de\\\/cookie-richtlinie\\\/\"]}]},{\"@type\":\"BreadcrumbList\",\"@id\":\"https:\\\/\\\/behoppy.eu\\\/de\\\/cookie-richtlinie\\\/#breadcrumb\",\"itemListElement\":[{\"@type\":\"ListItem\",\"position\":1,\"name\":\"Home\",\"item\":\"https:\\\/\\\/behoppy.eu\\\/de\\\/startseite\\\/\"},{\"@type\":\"ListItem\",\"position\":2,\"name\":\"Cookie-Richtlinie\"}]},{\"@type\":\"WebSite\",\"@id\":\"https:\\\/\\\/behoppy.eu\\\/de\\\/#website\",\"url\":\"https:\\\/\\\/behoppy.eu\\\/de\\\/\",\"name\":\"Hoppy\",\"description\":\"Don\u2019t worry, Be hoppy!\",\"potentialAction\":[{\"@type\":\"SearchAction\",\"target\":{\"@type\":\"EntryPoint\",\"urlTemplate\":\"https:\\\/\\\/behoppy.eu\\\/de\\\/?s={search_term_string}\"},\"query-input\":{\"@type\":\"PropertyValueSpecification\",\"valueRequired\":true,\"valueName\":\"search_term_string\"}}],\"inLanguage\":\"de\"}]}<\/script>\n<!-- \/ Yoast SEO plugin. -->","yoast_head_json":{"title":"Cookie-Richtlinie - Hoppy","robots":{"index":"index","follow":"follow","max-snippet":"max-snippet:-1","max-image-preview":"max-image-preview:large","max-video-preview":"max-video-preview:-1"},"canonical":"https:\/\/behoppy.eu\/de\/cookie-richtlinie\/","og_locale":"de_DE","og_type":"article","og_title":"Cookie-Richtlinie - Hoppy","og_description":"Verwendung von Cookies Behoppy.be verwendet Cookies. Ein Cookie ist eine einfache kleine Datei, die zusammen mit Seiten dieser Website und\/oder Flash-Anwendungen gesendet und von Ihrem Browser auf der Festplatte Ihres Computers, Mobiltelefons, Ihrer Smartwatch oder Ihres Tablets gespeichert wird. Die darin gespeicherten Informationen k\u00f6nnen bei einem sp\u00e4teren Besuch an unsere Server zur\u00fcckgesendet werden. Die Verwendung [&hellip;]","og_url":"https:\/\/behoppy.eu\/de\/cookie-richtlinie\/","og_site_name":"Hoppy","twitter_card":"summary_large_image","twitter_misc":{"Gesch\u00e4tzte Lesezeit":"4\u00a0Minuten"},"schema":{"@context":"https:\/\/schema.org","@graph":[{"@type":"WebPage","@id":"https:\/\/behoppy.eu\/de\/cookie-richtlinie\/","url":"https:\/\/behoppy.eu\/de\/cookie-richtlinie\/","name":"Cookie-Richtlinie - Hoppy","isPartOf":{"@id":"https:\/\/behoppy.eu\/de\/#website"},"datePublished":"2022-11-16T13:09:00+00:00","breadcrumb":{"@id":"https:\/\/behoppy.eu\/de\/cookie-richtlinie\/#breadcrumb"},"inLanguage":"de","potentialAction":[{"@type":"ReadAction","target":["https:\/\/behoppy.eu\/de\/cookie-richtlinie\/"]}]},{"@type":"BreadcrumbList","@id":"https:\/\/behoppy.eu\/de\/cookie-richtlinie\/#breadcrumb","itemListElement":[{"@type":"ListItem","position":1,"name":"Home","item":"https:\/\/behoppy.eu\/de\/startseite\/"},{"@type":"ListItem","position":2,"name":"Cookie-Richtlinie"}]},{"@type":"WebSite","@id":"https:\/\/behoppy.eu\/de\/#website","url":"https:\/\/behoppy.eu\/de\/","name":"Hoppy","description":"Don\u2019t worry, Be hoppy!","potentialAction":[{"@type":"SearchAction","target":{"@type":"EntryPoint","urlTemplate":"https:\/\/behoppy.eu\/de\/?s={search_term_string}"},"query-input":{"@type":"PropertyValueSpecification","valueRequired":true,"valueName":"search_term_string"}}],"inLanguage":"de"}]}},"jetpack_sharing_enabled":true,"_links":{"self":[{"href":"https:\/\/behoppy.eu\/de\/wp-json\/wp\/v2\/pages\/3807","targetHints":{"allow":["GET"]}}],"collection":[{"href":"https:\/\/behoppy.eu\/de\/wp-json\/wp\/v2\/pages"}],"about":[{"href":"https:\/\/behoppy.eu\/de\/wp-json\/wp\/v2\/types\/page"}],"author":[{"embeddable":true,"href":"https:\/\/behoppy.eu\/de\/wp-json\/wp\/v2\/users\/1"}],"replies":[{"embeddable":true,"href":"https:\/\/behoppy.eu\/de\/wp-json\/wp\/v2\/comments?post=3807"}],"version-history":[{"count":0,"href":"https:\/\/behoppy.eu\/de\/wp-json\/wp\/v2\/pages\/3807\/revisions"}],"wp:attachment":[{"href":"https:\/\/behoppy.eu\/de\/wp-json\/wp\/v2\/media?parent=3807"}],"curies":[{"name":"wp","href":"https:\/\/api.w.org\/{rel}","templated":true}]}}