{"id":3806,"date":"2022-11-16T12:04:35","date_gmt":"2022-11-16T11:04:35","guid":{"rendered":"https:\/\/behoppy.eu\/haftungsausschluss\/"},"modified":"2023-08-21T16:57:23","modified_gmt":"2023-08-21T14:57:23","slug":"haftungsausschluss","status":"publish","type":"page","link":"https:\/\/behoppy.eu\/de\/haftungsausschluss\/","title":{"rendered":"Haftungsausschluss"},"content":{"rendered":"<p>Die folgenden Nutzungsbedingungen gelten f\u00fcr die Nutzung dieser Website (www.behoppy.be). Durch die Nutzung dieser Website wird davon ausgegangen, dass Sie die Nutzungsbedingungen zur Kenntnis genommen und akzeptiert haben.<span class=\"Apple-converted-space\"> <\/span><\/p>\n<h3>Verwendung von Informationen<span class=\"Apple-converted-space\"> <\/span><\/h3>\n<p>Hoppsharing ist bestrebt, auf dieser Website genaue und aktuelle Informationen bereitzustellen. Obwohl diese Informationen mit gr\u00f6\u00dftm\u00f6glicher Sorgfalt zusammengestellt werden, \u00fcbernimmt Hoppsharing keine Garantie f\u00fcr die Vollst\u00e4ndigkeit, Richtigkeit oder Aktualit\u00e4t der Informationen. Die rechtlichen Informationen auf der Website sind allgemeiner Natur und k\u00f6nnen nicht als Ersatz f\u00fcr eine Rechtsberatung angesehen werden.<span class=\"Apple-converted-space\"> <\/span><\/p>\n<p>Aus den Informationen k\u00f6nnen keine Rechte abgeleitet werden. Hoppsharing \u00fcbernimmt keine Haftung f\u00fcr Sch\u00e4den, die sich aus der Nutzung der Informationen oder der Website ergeben oder f\u00fcr das Nichtfunktionieren der Website. Durch das Senden und Empfangen von Informationen \u00fcber die Website oder per E-Mail kann nicht automatisch eine Beziehung zwischen Hoppsharing und dem Benutzer der Website hergestellt werden.<span class=\"Apple-converted-space\"> <\/span><\/p>\n<h3>Email<span class=\"Apple-converted-space\"> <\/span><\/h3>\n<p>Hoppsharing garantiert nicht, dass an sie gesendete E-Mails empfangen oder (rechtzeitig) bearbeitet werden, da der rechtzeitige Empfang von E-Mails nicht garantiert werden kann. Auch die Sicherheit des E-Mail-Verkehrs kann aufgrund der damit verbundenen Sicherheitsrisiken nicht garantiert werden. Wenn Sie mit HopSharing per E-Mail ohne Verschl\u00fcsselung oder Passwortschutz korrespondieren, akzeptieren Sie dieses Risiko.<span class=\"Apple-converted-space\"> <\/span><\/p>\n<h3>Hyperlinks<span class=\"Apple-converted-space\"> <\/span><\/h3>\n<p>Diese Website kann Hyperlinks zu Websites von Dritten enthalten. Hoppsharing hat keinen Einfluss auf die Websites Dritter und ist nicht verantwortlich f\u00fcr die Verf\u00fcgbarkeit oder den Inhalt dieser Websites. Hoppsharing \u00fcbernimmt daher keine Haftung f\u00fcr Sch\u00e4den, die sich aus der Nutzung von Websites Dritter ergeben.<span class=\"Apple-converted-space\"> <\/span><\/p>\n<h3>Geistige Eigentumsrechte<span class=\"Apple-converted-space\"> <\/span><\/h3>\n<p>Alle Ver\u00f6ffentlichungen und \u00c4u\u00dferungen von Hoppsharing sind durch Urheberrechte und andere geistige Eigentumsrechte gesch\u00fctzt. Au\u00dfer f\u00fcr den pers\u00f6nlichen und nicht-kommerziellen Gebrauch darf kein Teil dieser Ver\u00f6ffentlichungen und \u00c4u\u00dferungen ohne vorherige schriftliche Genehmigung von Hoppsharing in irgendeiner Weise reproduziert, kopiert oder anderweitig ver\u00f6ffentlicht werden.<span class=\"Apple-converted-space\"> <\/span><\/p>\n","protected":false},"excerpt":{"rendered":"<p>Die folgenden Nutzungsbedingungen gelten f\u00fcr die Nutzung dieser Website (www.behoppy.be). Durch die Nutzung dieser Website wird davon ausgegangen, dass Sie die Nutzungsbedingungen zur Kenntnis genommen und akzeptiert haben. Verwendung von Informationen Hoppsharing ist bestrebt, auf dieser Website genaue und aktuelle Informationen bereitzustellen. Obwohl diese Informationen mit gr\u00f6\u00dftm\u00f6glicher Sorgfalt zusammengestellt werden, \u00fcbernimmt Hoppsharing keine Garantie f\u00fcr [&hellip;]<\/p>\n","protected":false},"author":1,"featured_media":0,"parent":0,"menu_order":9,"comment_status":"closed","ping_status":"closed","template":"","meta":{"_acf_changed":false,"nf_dc_page":"","inline_featured_image":false,"footnotes":""},"class_list":["post-3806","page","type-page","status-publish","hentry"],"acf":[],"yoast_head":"<!-- This site is optimized with the Yoast SEO plugin v27.4 - https:\/\/yoast.com\/product\/yoast-seo-wordpress\/ -->\n<title>Haftungsausschluss - Hoppy<\/title>\n<meta name=\"robots\" content=\"index, follow, max-snippet:-1, max-image-preview:large, max-video-preview:-1\" \/>\n<link rel=\"canonical\" href=\"https:\/\/behoppy.eu\/de\/haftungsausschluss\/\" \/>\n<meta property=\"og:locale\" content=\"de_DE\" \/>\n<meta property=\"og:type\" content=\"article\" \/>\n<meta property=\"og:title\" content=\"Haftungsausschluss - Hoppy\" \/>\n<meta property=\"og:description\" content=\"Die folgenden Nutzungsbedingungen gelten f\u00fcr die Nutzung dieser Website (www.behoppy.be). Durch die Nutzung dieser Website wird davon ausgegangen, dass Sie die Nutzungsbedingungen zur Kenntnis genommen und akzeptiert haben. Verwendung von Informationen Hoppsharing ist bestrebt, auf dieser Website genaue und aktuelle Informationen bereitzustellen. Obwohl diese Informationen mit gr\u00f6\u00dftm\u00f6glicher Sorgfalt zusammengestellt werden, \u00fcbernimmt Hoppsharing keine Garantie f\u00fcr [&hellip;]\" \/>\n<meta property=\"og:url\" content=\"https:\/\/behoppy.eu\/de\/haftungsausschluss\/\" \/>\n<meta property=\"og:site_name\" content=\"Hoppy\" \/>\n<meta property=\"article:modified_time\" content=\"2023-08-21T14:57:23+00:00\" \/>\n<meta name=\"twitter:card\" content=\"summary_large_image\" \/>\n<meta name=\"twitter:label1\" content=\"Gesch\u00e4tzte Lesezeit\" \/>\n\t<meta name=\"twitter:data1\" content=\"2\u00a0Minuten\" \/>\n<script type=\"application\/ld+json\" class=\"yoast-schema-graph\">{\"@context\":\"https:\\\/\\\/schema.org\",\"@graph\":[{\"@type\":\"WebPage\",\"@id\":\"https:\\\/\\\/behoppy.eu\\\/de\\\/haftungsausschluss\\\/\",\"url\":\"https:\\\/\\\/behoppy.eu\\\/de\\\/haftungsausschluss\\\/\",\"name\":\"Haftungsausschluss - Hoppy\",\"isPartOf\":{\"@id\":\"https:\\\/\\\/behoppy.eu\\\/de\\\/#website\"},\"datePublished\":\"2022-11-16T11:04:35+00:00\",\"dateModified\":\"2023-08-21T14:57:23+00:00\",\"breadcrumb\":{\"@id\":\"https:\\\/\\\/behoppy.eu\\\/de\\\/haftungsausschluss\\\/#breadcrumb\"},\"inLanguage\":\"de\",\"potentialAction\":[{\"@type\":\"ReadAction\",\"target\":[\"https:\\\/\\\/behoppy.eu\\\/de\\\/haftungsausschluss\\\/\"]}]},{\"@type\":\"BreadcrumbList\",\"@id\":\"https:\\\/\\\/behoppy.eu\\\/de\\\/haftungsausschluss\\\/#breadcrumb\",\"itemListElement\":[{\"@type\":\"ListItem\",\"position\":1,\"name\":\"Home\",\"item\":\"https:\\\/\\\/behoppy.eu\\\/de\\\/startseite\\\/\"},{\"@type\":\"ListItem\",\"position\":2,\"name\":\"Haftungsausschluss\"}]},{\"@type\":\"WebSite\",\"@id\":\"https:\\\/\\\/behoppy.eu\\\/de\\\/#website\",\"url\":\"https:\\\/\\\/behoppy.eu\\\/de\\\/\",\"name\":\"Hoppy\",\"description\":\"Don\u2019t worry, Be hoppy!\",\"potentialAction\":[{\"@type\":\"SearchAction\",\"target\":{\"@type\":\"EntryPoint\",\"urlTemplate\":\"https:\\\/\\\/behoppy.eu\\\/de\\\/?s={search_term_string}\"},\"query-input\":{\"@type\":\"PropertyValueSpecification\",\"valueRequired\":true,\"valueName\":\"search_term_string\"}}],\"inLanguage\":\"de\"}]}<\/script>\n<!-- \/ Yoast SEO plugin. -->","yoast_head_json":{"title":"Haftungsausschluss - Hoppy","robots":{"index":"index","follow":"follow","max-snippet":"max-snippet:-1","max-image-preview":"max-image-preview:large","max-video-preview":"max-video-preview:-1"},"canonical":"https:\/\/behoppy.eu\/de\/haftungsausschluss\/","og_locale":"de_DE","og_type":"article","og_title":"Haftungsausschluss - Hoppy","og_description":"Die folgenden Nutzungsbedingungen gelten f\u00fcr die Nutzung dieser Website (www.behoppy.be). Durch die Nutzung dieser Website wird davon ausgegangen, dass Sie die Nutzungsbedingungen zur Kenntnis genommen und akzeptiert haben. Verwendung von Informationen Hoppsharing ist bestrebt, auf dieser Website genaue und aktuelle Informationen bereitzustellen. Obwohl diese Informationen mit gr\u00f6\u00dftm\u00f6glicher Sorgfalt zusammengestellt werden, \u00fcbernimmt Hoppsharing keine Garantie f\u00fcr [&hellip;]","og_url":"https:\/\/behoppy.eu\/de\/haftungsausschluss\/","og_site_name":"Hoppy","article_modified_time":"2023-08-21T14:57:23+00:00","twitter_card":"summary_large_image","twitter_misc":{"Gesch\u00e4tzte Lesezeit":"2\u00a0Minuten"},"schema":{"@context":"https:\/\/schema.org","@graph":[{"@type":"WebPage","@id":"https:\/\/behoppy.eu\/de\/haftungsausschluss\/","url":"https:\/\/behoppy.eu\/de\/haftungsausschluss\/","name":"Haftungsausschluss - Hoppy","isPartOf":{"@id":"https:\/\/behoppy.eu\/de\/#website"},"datePublished":"2022-11-16T11:04:35+00:00","dateModified":"2023-08-21T14:57:23+00:00","breadcrumb":{"@id":"https:\/\/behoppy.eu\/de\/haftungsausschluss\/#breadcrumb"},"inLanguage":"de","potentialAction":[{"@type":"ReadAction","target":["https:\/\/behoppy.eu\/de\/haftungsausschluss\/"]}]},{"@type":"BreadcrumbList","@id":"https:\/\/behoppy.eu\/de\/haftungsausschluss\/#breadcrumb","itemListElement":[{"@type":"ListItem","position":1,"name":"Home","item":"https:\/\/behoppy.eu\/de\/startseite\/"},{"@type":"ListItem","position":2,"name":"Haftungsausschluss"}]},{"@type":"WebSite","@id":"https:\/\/behoppy.eu\/de\/#website","url":"https:\/\/behoppy.eu\/de\/","name":"Hoppy","description":"Don\u2019t worry, Be hoppy!","potentialAction":[{"@type":"SearchAction","target":{"@type":"EntryPoint","urlTemplate":"https:\/\/behoppy.eu\/de\/?s={search_term_string}"},"query-input":{"@type":"PropertyValueSpecification","valueRequired":true,"valueName":"search_term_string"}}],"inLanguage":"de"}]}},"jetpack_sharing_enabled":true,"_links":{"self":[{"href":"https:\/\/behoppy.eu\/de\/wp-json\/wp\/v2\/pages\/3806","targetHints":{"allow":["GET"]}}],"collection":[{"href":"https:\/\/behoppy.eu\/de\/wp-json\/wp\/v2\/pages"}],"about":[{"href":"https:\/\/behoppy.eu\/de\/wp-json\/wp\/v2\/types\/page"}],"author":[{"embeddable":true,"href":"https:\/\/behoppy.eu\/de\/wp-json\/wp\/v2\/users\/1"}],"replies":[{"embeddable":true,"href":"https:\/\/behoppy.eu\/de\/wp-json\/wp\/v2\/comments?post=3806"}],"version-history":[{"count":0,"href":"https:\/\/behoppy.eu\/de\/wp-json\/wp\/v2\/pages\/3806\/revisions"}],"wp:attachment":[{"href":"https:\/\/behoppy.eu\/de\/wp-json\/wp\/v2\/media?parent=3806"}],"curies":[{"name":"wp","href":"https:\/\/api.w.org\/{rel}","templated":true}]}}